{"id":2183,"date":"2025-06-08T08:56:20","date_gmt":"2025-06-08T08:56:20","guid":{"rendered":"https:\/\/darkturquoise-dog-267182.hostingersite.com\/?post_type=product&#038;p=2183"},"modified":"2025-11-11T06:15:29","modified_gmt":"2025-11-11T06:15:29","slug":"ruhig-x","status":"publish","type":"product","link":"https:\/\/refcenter.us\/de\/produkt\/ruhig-x\/","title":{"rendered":"Tranquil-X"},"content":{"rendered":"<div data-elementor-type=\"wp-post\" data-elementor-id=\"2183\" class=\"elementor elementor-2183\" data-elementor-settings=\"{&quot;element_pack_global_tooltip_width&quot;:{&quot;unit&quot;:&quot;px&quot;,&quot;size&quot;:&quot;&quot;,&quot;sizes&quot;:[]},&quot;element_pack_global_tooltip_width_tablet&quot;:{&quot;unit&quot;:&quot;px&quot;,&quot;size&quot;:&quot;&quot;,&quot;sizes&quot;:[]},&quot;element_pack_global_tooltip_width_mobile&quot;:{&quot;unit&quot;:&quot;px&quot;,&quot;size&quot;:&quot;&quot;,&quot;sizes&quot;:[]},&quot;element_pack_global_tooltip_padding&quot;:{&quot;unit&quot;:&quot;px&quot;,&quot;top&quot;:&quot;&quot;,&quot;right&quot;:&quot;&quot;,&quot;bottom&quot;:&quot;&quot;,&quot;left&quot;:&quot;&quot;,&quot;isLinked&quot;:true},&quot;element_pack_global_tooltip_padding_tablet&quot;:{&quot;unit&quot;:&quot;px&quot;,&quot;top&quot;:&quot;&quot;,&quot;right&quot;:&quot;&quot;,&quot;bottom&quot;:&quot;&quot;,&quot;left&quot;:&quot;&quot;,&quot;isLinked&quot;:true},&quot;element_pack_global_tooltip_padding_mobile&quot;:{&quot;unit&quot;:&quot;px&quot;,&quot;top&quot;:&quot;&quot;,&quot;right&quot;:&quot;&quot;,&quot;bottom&quot;:&quot;&quot;,&quot;left&quot;:&quot;&quot;,&quot;isLinked&quot;:true},&quot;element_pack_global_tooltip_border_radius&quot;:{&quot;unit&quot;:&quot;px&quot;,&quot;top&quot;:&quot;&quot;,&quot;right&quot;:&quot;&quot;,&quot;bottom&quot;:&quot;&quot;,&quot;left&quot;:&quot;&quot;,&quot;isLinked&quot;:true},&quot;element_pack_global_tooltip_border_radius_tablet&quot;:{&quot;unit&quot;:&quot;px&quot;,&quot;top&quot;:&quot;&quot;,&quot;right&quot;:&quot;&quot;,&quot;bottom&quot;:&quot;&quot;,&quot;left&quot;:&quot;&quot;,&quot;isLinked&quot;:true},&quot;element_pack_global_tooltip_border_radius_mobile&quot;:{&quot;unit&quot;:&quot;px&quot;,&quot;top&quot;:&quot;&quot;,&quot;right&quot;:&quot;&quot;,&quot;bottom&quot;:&quot;&quot;,&quot;left&quot;:&quot;&quot;,&quot;isLinked&quot;:true}}\" data-elementor-post-type=\"product\">\n\t\t\t\t\t\t<section class=\"elementor-section elementor-top-section elementor-element elementor-element-f236f57 elementor-section-boxed elementor-section-height-default elementor-section-height-default\" data-id=\"f236f57\" data-element_type=\"section\" data-e-type=\"section\">\n\t\t\t\t\t\t<div class=\"elementor-container elementor-column-gap-no\">\n\t\t\t\t\t<div class=\"elementor-column elementor-col-100 elementor-top-column elementor-element elementor-element-e296082\" data-id=\"e296082\" data-element_type=\"column\" data-e-type=\"column\">\n\t\t\t<div class=\"elementor-widget-wrap elementor-element-populated\">\n\t\t\t\t\t\t<div class=\"elementor-element elementor-element-546b208 elementor-widget elementor-widget-heading\" data-id=\"546b208\" data-element_type=\"widget\" data-e-type=\"widget\" data-widget_type=\"heading.default\">\n\t\t\t\t<div class=\"elementor-widget-container\">\n\t\t\t\t\t<h2 class=\"elementor-heading-title elementor-size-default\">Beschreibung des Produkts<\/h2>\t\t\t\t<\/div>\n\t\t\t\t<\/div>\n\t\t\t\t<div class=\"elementor-element elementor-element-858a0c6 elementor-widget elementor-widget-text-editor\" data-id=\"858a0c6\" data-element_type=\"widget\" data-e-type=\"widget\" data-widget_type=\"text-editor.default\">\n\t\t\t\t<div class=\"elementor-widget-container\">\n\t\t\t\t\t\t\t\t\t<p>Die Tranquil-X verf\u00fcgt \u00fcber einen kapazitiven Sensor zur Wassererkennung, der die Zuverl\u00e4ssigkeit gegen\u00fcber herk\u00f6mmlichen Schwimmerschaltern erh\u00f6ht. Der Soft-Start-Modus minimiert die Startger\u00e4usche und verl\u00e4ngert die Lebensdauer der Pumpe und der elektronischen Komponenten. Ein eingebauter Z\u00e4hler \u00fcberwacht die Betriebszeit und gibt Alarmmeldungen f\u00fcr eine optimale Wartung.<\/p><p>- Kapazitiver Sensor<br \/>- Variable Durchflussmenge<br \/>- Diagnose-LED<br \/>- Schlankes Design f\u00fcr einfache Installation<br \/>- Eingebaute Betriebsverfolgung<br \/>- Ultraleiser Betrieb<br \/>- Bis zu 16 kW\/54.600 Btu\/h<\/p>\t\t\t\t\t\t\t\t<\/div>\n\t\t\t\t<\/div>\n\t\t\t\t<div class=\"elementor-element elementor-element-d2e7600 e-n-tabs-mobile elementor-widget elementor-widget-n-tabs\" data-id=\"d2e7600\" data-element_type=\"widget\" data-e-type=\"widget\" data-settings=\"{&quot;tabs_justify_horizontal&quot;:&quot;stretch&quot;,&quot;horizontal_scroll&quot;:&quot;disable&quot;}\" data-widget_type=\"nested-tabs.default\">\n\t\t\t\t<div class=\"elementor-widget-container\">\n\t\t\t\t\t\t\t<div class=\"e-n-tabs\" data-widget-number=\"221148672\" aria-label=\"Registerkarten. \u00d6ffnen Sie Elemente mit Enter oder Space, schlie\u00dfen Sie sie mit Escape und navigieren Sie mit den Pfeiltasten.\">\n\t\t\t<div class=\"e-n-tabs-heading\" role=\"tablist\">\n\t\t\t\t\t<button id=\"e-n-tab-title-2211486721\" data-tab-title-id=\"e-n-tab-title-2211486721\" class=\"e-n-tab-title\" aria-selected=\"true\" data-tab-index=\"1\" role=\"tab\" tabindex=\"0\" aria-controls=\"e-n-tab-content-2211486721\" style=\"--n-tabs-title-order: 1;\">\n\t\t\t\t\t\t<span class=\"e-n-tab-title-text\">\n\t\t\t\tTechnische Daten\t\t\t<\/span>\n\t\t<\/button>\n\t\t\t\t<button id=\"e-n-tab-title-2211486722\" data-tab-title-id=\"e-n-tab-title-2211486722\" class=\"e-n-tab-title\" aria-selected=\"false\" data-tab-index=\"2\" role=\"tab\" tabindex=\"-1\" aria-controls=\"e-n-tab-content-2211486722\" style=\"--n-tabs-title-order: 2;\">\n\t\t\t\t\t\t<span class=\"e-n-tab-title-text\">\n\t\t\t\tLogistik\t\t\t<\/span>\n\t\t<\/button>\n\t\t\t\t<button id=\"e-n-tab-title-2211486723\" data-tab-title-id=\"e-n-tab-title-2211486723\" class=\"e-n-tab-title\" aria-selected=\"false\" data-tab-index=\"3\" role=\"tab\" tabindex=\"-1\" aria-controls=\"e-n-tab-content-2211486723\" style=\"--n-tabs-title-order: 3;\">\n\t\t\t\t\t\t<span class=\"e-n-tab-title-text\">\n\t\t\t\tRessourcen\t\t\t<\/span>\n\t\t<\/button>\n\t\t\t\t<button id=\"e-n-tab-title-2211486724\" data-tab-title-id=\"e-n-tab-title-2211486724\" class=\"e-n-tab-title\" aria-selected=\"false\" data-tab-index=\"4\" role=\"tab\" tabindex=\"-1\" aria-controls=\"e-n-tab-content-2211486724\" style=\"--n-tabs-title-order: 4;\">\n\t\t\t\t\t\t<span class=\"e-n-tab-title-text\">\n\t\t\t\tZubeh\u00f6r\t\t\t<\/span>\n\t\t<\/button>\n\t\t\t\t<button id=\"e-n-tab-title-2211486725\" data-tab-title-id=\"e-n-tab-title-2211486725\" class=\"e-n-tab-title\" aria-selected=\"false\" data-tab-index=\"5\" role=\"tab\" tabindex=\"-1\" aria-controls=\"e-n-tab-content-2211486725\" style=\"--n-tabs-title-order: 5;\">\n\t\t\t\t\t\t<span class=\"e-n-tab-title-text\">\n\t\t\t\tFAQ\t\t\t<\/span>\n\t\t<\/button>\n\t\t\t\t\t<\/div>\n\t\t\t<div class=\"e-n-tabs-content\">\n\t\t\t\t<div id=\"e-n-tab-content-2211486721\" role=\"tabpanel\" aria-labelledby=\"e-n-tab-title-2211486721\" data-tab-index=\"1\" style=\"--n-tabs-title-order: 1;\" class=\"e-active elementor-element elementor-element-302fc8c e-con-full e-flex e-con e-child\" data-id=\"302fc8c\" data-element_type=\"container\" data-e-type=\"container\" data-settings=\"{&quot;background_background&quot;:&quot;classic&quot;}\">\n\t\t\t\t<div class=\"elementor-element elementor-element-29fd239 etheme-elementor-widget-loaded elementor-widget elementor-widget-html\" data-id=\"29fd239\" data-element_type=\"widget\" data-e-type=\"widget\" data-widget_type=\"html.default\">\n\t\t\t\t<div class=\"elementor-widget-container\">\n\t\t\t\t\t<table border=\"1\" cellpadding=\"5\" style=\"border-collapse: collapse; width: 100%;\">\r\n  <tr>\r\n    <th style=\"width: 33%; background-color: #f9f9f9; border: 1px solid lightgray; padding-left: 15px;\">Stromversorgung<\/th>\r\n    <td style=\"width: 67%; text-align: left; border: 1px solid lightgray;\">100-240V AC 50\/60Hz &lt;4W<\/td>\r\n  <\/tr>\r\n  <tr>\r\n    <th style=\"background-color: #f9f9f9; border: 1px solid lightgray; padding-left: 15px;\">Max. Durchfluss<\/th>\r\n    <td style=\"text-align: left; border: 1px solid lightgray;\">40 L\/h (10,6 GPH), Bereich von 20-40 L\/h (5,3-10,6 GPH)<\/td>\r\n  <\/tr>\r\n  <tr>\r\n    <th style=\"background-color: #f9f9f9; border: 1px solid lightgray; padding-left: 15px;\">Schallpegel<\/th>\r\n    <td style=\"text-align: left; border: 1px solid lightgray;\">16 dB(A) @ 1M (3,3 ft)<\/td>\r\n  <\/tr>\r\n  <tr>\r\n    <th style=\"background-color: #f9f9f9; border: 1px solid lightgray; padding-left: 15px;\">Max. F\u00f6rderh\u00f6he<\/th>\r\n    <td style=\"text-align: left; border: 1px solid lightgray;\">20 M (65,6 ft)<\/td>\r\n  <\/tr>\r\n  <tr>\r\n    <th style=\"background-color: #f9f9f9; border: 1px solid lightgray; padding-left: 15px;\">Max. Saugh\u00f6he<\/th>\r\n    <td style=\"text-align: left; border: 1px solid lightgray;\">2 M (6,6 Fu\u00df)<\/td>\r\n  <\/tr>\r\n  <tr>\r\n    <th style=\"background-color: #f9f9f9; border: 1px solid lightgray; padding-left: 15px;\">Max. Ger\u00e4teleistung<\/th>\r\n    <td style=\"text-align: left; border: 1px solid lightgray;\">46 kW \/ 157.000 Btu\/h<\/td>\r\n  <\/tr>\r\n  <tr>\r\n    <th style=\"background-color: #f9f9f9; border: 1px solid lightgray; padding-left: 15px;\">Sicherheitsschalter<\/th>\r\n    <td style=\"text-align: left; border: 1px solid lightgray;\">3A Normalerweise geschlossen<\/td>\r\n  <\/tr>\r\n  <tr>\r\n    <th style=\"background-color: #f9f9f9; border: 1px solid lightgray; padding-left: 15px;\">Max. Wassertemperatur<\/th>\r\n    <td style=\"text-align: left; border: 1px solid lightgray;\">40\u00b0C<\/td>\r\n  <\/tr>\r\n  <tr>\r\n    <th style=\"background-color: #f9f9f9; border: 1px solid lightgray; padding-left: 15px;\">Entladungsrohr<\/th>\r\n    <td style=\"text-align: left; border: 1px solid lightgray;\">6 mm Innendurchmesser<\/td>\r\n  <\/tr>\r\n  <tr>\r\n    <th style=\"background-color: #f9f9f9; border: 1px solid lightgray; padding-left: 15px;\">Klasse<\/th>\r\n    <td style=\"text-align: left; border: 1px solid lightgray;\">II Ger\u00e4t B<\/td>\r\n  <\/tr>\r\n  <tr>\r\n    <th style=\"background-color: #f9f9f9; border: 1px solid lightgray; padding-left: 15px;\">Schutz<\/th>\r\n    <td style=\"text-align: left; border: 1px solid lightgray;\">Vollst\u00e4ndig vergossen, IP-45<\/td>\r\n  <\/tr>\r\n  <tr>\r\n    <th style=\"background-color: #f9f9f9; border: 1px solid lightgray; padding-left: 15px;\">L\u00d7B\u00d7H<\/th>\r\n    <td style=\"text-align: left; border: 1px solid lightgray;\">281 mm \u00d7 55 mm \u00d7 91 mm<\/td>\r\n  <\/tr>\r\n<\/table>\r\n\t\t\t\t<\/div>\n\t\t\t\t<\/div>\n\t\t\t\t<\/div>\n\t\t<div id=\"e-n-tab-content-2211486722\" role=\"tabpanel\" aria-labelledby=\"e-n-tab-title-2211486722\" data-tab-index=\"2\" style=\"--n-tabs-title-order: 2;\" class=\"elementor-element elementor-element-0c76982 e-con-full e-flex e-con e-child\" data-id=\"0c76982\" data-element_type=\"container\" data-e-type=\"container\">\n\t\t\t\t<div class=\"elementor-element elementor-element-ba28a3c etheme-elementor-widget-loaded elementor-widget elementor-widget-html\" data-id=\"ba28a3c\" data-element_type=\"widget\" data-e-type=\"widget\" data-widget_type=\"html.default\">\n\t\t\t\t<div class=\"elementor-widget-container\">\n\t\t\t\t\t<table border=\"1\" cellpadding=\"5\" style=\"border-collapse: collapse; width: 100%;\">\r\n  <tr>\r\n    <th style=\"width: 33%; background-color: #f9f9f9; border: 1px solid lightgray; padding-left: 15px;\">Logistik<\/th>\r\n    <td style=\"border: 1px solid lightgray;\">Tranquil-X<\/td>\r\n  <\/tr>\r\n  <tr>\r\n    <th style=\"background-color: #f9f9f9; border: 1px solid lightgray; padding-left: 15px;\">St\u00fcck pro Karton<\/th>\r\n    <td style=\"border: 1px solid lightgray;\">20<\/td>\r\n  <\/tr>\r\n  <tr>\r\n    <th style=\"background-color: #f9f9f9; border: 1px solid lightgray; padding-left: 15px;\">Gewicht pro Karton (kg)<\/th>\r\n    <td style=\"border: 1px solid lightgray;\">10<\/td>\r\n  <\/tr>\r\n  <tr>\r\n    <th style=\"background-color: #f9f9f9; border: 1px solid lightgray; padding-left: 15px;\">L\u00e4nge des Kartons (cm)<\/th>\r\n    <td style=\"border: 1px solid lightgray;\">63<\/td>\r\n  <\/tr>\r\n  <tr>\r\n    <th style=\"background-color: #f9f9f9; border: 1px solid lightgray; padding-left: 15px;\">Breite des Kartons (cm)<\/th>\r\n    <td style=\"border: 1px solid lightgray;\">41<\/td>\r\n  <\/tr>\r\n  <tr>\r\n    <th style=\"background-color: #f9f9f9; border: 1px solid lightgray; padding-left: 15px;\">H\u00f6he des Kartons (cm)<\/th>\r\n    <td style=\"border: 1px solid lightgray;\">22<\/td>\r\n  <\/tr>\r\n<\/table>\r\n\t\t\t\t<\/div>\n\t\t\t\t<\/div>\n\t\t\t\t<\/div>\n\t\t<div id=\"e-n-tab-content-2211486723\" role=\"tabpanel\" aria-labelledby=\"e-n-tab-title-2211486723\" data-tab-index=\"3\" style=\"--n-tabs-title-order: 3;\" class=\"elementor-element elementor-element-b49fa12 e-con-full e-flex e-con e-child\" data-id=\"b49fa12\" data-element_type=\"container\" data-e-type=\"container\">\n\t\t\t\t<div class=\"elementor-element elementor-element-f8b0b28 etheme-elementor-widget-loaded elementor-widget elementor-widget-html\" data-id=\"f8b0b28\" data-element_type=\"widget\" data-e-type=\"widget\" data-widget_type=\"html.default\">\n\t\t\t\t<div class=\"elementor-widget-container\">\n\t\t\t\t\t<!-- \u8868\u683c -->\r\n<table border=\"1\" cellpadding=\"5\" style=\"border-collapse: collapse; width: 100%;\"> \r\n  <tr>\r\n    <th style=\"width: 33%; background-color: #f9f9f9; border: 1px solid lightgray; padding-left: 15px;\">Gebrauchsanweisung<\/th>\r\n    <td style=\"width: 67%; text-align: left; border: 1px solid lightgray;\">\r\n      PDF \r\n      <a href=\"https:\/\/refcenter.us\/wp-content\/uploads\/2025\/07\/Tranquil-x-Technical-Manual.pdf\" target=\"_blank\" style=\"margin-left: 20px;\">\r\n        <i class=\"fas fa-download\"><\/i> <!-- \u56fe\u6807 -->\r\n        <!-- \u6216\uff1a\ud83d\udce5 -->\r\n      <\/a>\r\n    <\/td>\r\n  <\/tr>\r\n<\/table>\t\t\t\t<\/div>\n\t\t\t\t<\/div>\n\t\t\t\t<\/div>\n\t\t<div id=\"e-n-tab-content-2211486724\" role=\"tabpanel\" aria-labelledby=\"e-n-tab-title-2211486724\" data-tab-index=\"4\" style=\"--n-tabs-title-order: 4;\" class=\"elementor-element elementor-element-00da5e9 e-con-full e-flex e-con e-child\" data-id=\"00da5e9\" data-element_type=\"container\" data-e-type=\"container\">\n\t\t\t\t<div class=\"elementor-element elementor-element-e2582c3 elementor-widget elementor-widget-text-editor\" data-id=\"e2582c3\" data-element_type=\"widget\" data-e-type=\"widget\" data-widget_type=\"text-editor.default\">\n\t\t\t\t<div class=\"elementor-widget-container\">\n\t\t\t\t\t\t\t\t\t<ul><li data-start=\"19\" data-end=\"34\"><p data-start=\"21\" data-end=\"34\">1A-Sicherung \u00d7 1<\/p><\/li><li data-start=\"35\" data-end=\"61\"><p data-start=\"37\" data-end=\"61\">Befestigungsschraube \u00d7 2<\/p><\/li><li data-start=\"62\" data-end=\"89\"><p data-start=\"64\" data-end=\"89\">Silikonschlauch 15 cm \u00d7 1<\/p><\/li><li data-start=\"90\" data-end=\"109\"><p data-start=\"92\" data-end=\"109\">Pegelmesser \u00d7 1<\/p><\/li><li data-start=\"110\" data-end=\"129\"><p data-start=\"112\" data-end=\"129\">Netzkabel \u00d7 1<\/p><\/li><li data-start=\"130\" data-end=\"159\"><p data-start=\"132\" data-end=\"159\">Nylonklammern 4\u00d7200 mm \u00d7 4<\/p><\/li><li data-start=\"160\" data-end=\"179\"><p data-start=\"162\" data-end=\"179\">R\u00fcckschlagventil \u00d7 1<\/p><\/li><li data-start=\"180\" data-end=\"201\"><p data-start=\"182\" data-end=\"201\">Abflussadapter \u00d7 1<\/p><\/li><li data-start=\"202\" data-end=\"227\"><p data-start=\"204\" data-end=\"227\">Bohrschablone \u00d7 1<\/p><\/li><li data-start=\"228\" data-end=\"253\"><p data-start=\"230\" data-end=\"253\">Anti-Siphon-Ventil \u00d7 1<\/p><\/li><\/ul>\t\t\t\t\t\t\t\t<\/div>\n\t\t\t\t<\/div>\n\t\t\t\t<\/div>\n\t\t<div id=\"e-n-tab-content-2211486725\" role=\"tabpanel\" aria-labelledby=\"e-n-tab-title-2211486725\" data-tab-index=\"5\" style=\"--n-tabs-title-order: 5;\" class=\"elementor-element elementor-element-cd83245 e-con-full e-flex e-con e-child\" data-id=\"cd83245\" data-element_type=\"container\" data-e-type=\"container\">\n\t\t\t\t<div class=\"elementor-element elementor-element-9e0ae3b elementor-widget elementor-widget-n-accordion\" data-id=\"9e0ae3b\" data-element_type=\"widget\" data-e-type=\"widget\" data-settings=\"{&quot;default_state&quot;:&quot;expanded&quot;,&quot;max_items_expended&quot;:&quot;one&quot;,&quot;n_accordion_animation_duration&quot;:{&quot;unit&quot;:&quot;ms&quot;,&quot;size&quot;:400,&quot;sizes&quot;:[]}}\" data-widget_type=\"nested-accordion.default\">\n\t\t\t\t<div class=\"elementor-widget-container\">\n\t\t\t\t\t\t\t<div class=\"e-n-accordion\" aria-label=\"Akkordeon. \u00d6ffnen Sie Links mit Enter oder Space, schlie\u00dfen Sie sie mit Escape und navigieren Sie mit den Pfeiltasten.\">\n\t\t\t\t\t\t<details id=\"e-n-accordion-item-1650\" class=\"e-n-accordion-item\" open>\n\t\t\t\t<summary class=\"e-n-accordion-item-title\" data-accordion-index=\"1\" tabindex=\"0\" aria-expanded=\"true\" aria-controls=\"e-n-accordion-item-1650\" >\n\t\t\t\t\t<span class='e-n-accordion-item-title-header'><div class=\"e-n-accordion-item-title-text\"> Mit welchen Arten von HVAC-Systemen sind die Kondensatpumpen von Refcenter kompatibel? <\/div><\/span>\n\t\t\t\t\t\t\t<span class='e-n-accordion-item-title-icon'>\n\t\t\t<span class='e-opened' ><svg aria-hidden=\"true\" class=\"e-font-icon-svg e-fas-minus\" viewbox=\"0 0 448 512\" xmlns=\"http:\/\/www.w3.org\/2000\/svg\"><path d=\"M416 208H32c-17.67 0-32 14.33-32 32v32c0 17.67 14.33 32 32 32h384c17.67 0 32-14.33 32-32v-32c0-17.67-14.33-32-32-32z\"><\/path><\/svg><\/span>\n\t\t\t<span class='e-closed'><svg aria-hidden=\"true\" class=\"e-font-icon-svg e-fas-plus\" viewbox=\"0 0 448 512\" xmlns=\"http:\/\/www.w3.org\/2000\/svg\"><path d=\"M416 208H272V64c0-17.67-14.33-32-32-32h-32c-17.67 0-32 14.33-32 32v144H32c-17.67 0-32 14.33-32 32v32c0 17.67 14.33 32 32 32h144v144c0 17.67 14.33 32 32 32h32c17.67 0 32-14.33 32-32V304h144c17.67 0 32-14.33 32-32v-32c0-17.67-14.33-32-32-32z\"><\/path><\/svg><\/span>\n\t\t<\/span>\n\n\t\t\t\t\t\t<\/summary>\n\t\t\t\t<div role=\"region\" aria-labelledby=\"e-n-accordion-item-1650\" class=\"elementor-element elementor-element-1b817f1 e-con-full e-flex e-con e-child\" data-id=\"1b817f1\" data-element_type=\"container\" data-e-type=\"container\">\n\t\t\t\t<div class=\"elementor-element elementor-element-5144c1a elementor-widget elementor-widget-text-editor\" data-id=\"5144c1a\" data-element_type=\"widget\" data-e-type=\"widget\" data-widget_type=\"text-editor.default\">\n\t\t\t\t<div class=\"elementor-widget-container\">\n\t\t\t\t\t\t\t\t\tRefcenter-Kondensatpumpen sind f\u00fcr den Einsatz mit einer Vielzahl von HLK-Ger\u00e4ten ausgelegt, darunter kanalfreie Mini-Split-Systeme, zentrale Klimaanlagen, Entfeuchter und K\u00fchlaggregate. Wir bieten mehrere Modelle an, die f\u00fcr unterschiedliche Installationsumgebungen und Kapazit\u00e4tsanforderungen geeignet sind.\t\t\t\t\t\t\t\t<\/div>\n\t\t\t\t<\/div>\n\t\t\t\t<\/div>\n\t\t\t\t\t<\/details>\n\t\t\t\t\t\t<details id=\"e-n-accordion-item-1651\" class=\"e-n-accordion-item\" >\n\t\t\t\t<summary class=\"e-n-accordion-item-title\" data-accordion-index=\"2\" tabindex=\"-1\" aria-expanded=\"false\" aria-controls=\"e-n-accordion-item-1651\" >\n\t\t\t\t\t<span class='e-n-accordion-item-title-header'><div class=\"e-n-accordion-item-title-text\"> Verf\u00fcgen die Refcenter-Pumpen \u00fcber integrierte Sicherheitsfunktionen? <\/div><\/span>\n\t\t\t\t\t\t\t<span class='e-n-accordion-item-title-icon'>\n\t\t\t<span class='e-opened' ><svg aria-hidden=\"true\" class=\"e-font-icon-svg e-fas-minus\" viewbox=\"0 0 448 512\" xmlns=\"http:\/\/www.w3.org\/2000\/svg\"><path d=\"M416 208H32c-17.67 0-32 14.33-32 32v32c0 17.67 14.33 32 32 32h384c17.67 0 32-14.33 32-32v-32c0-17.67-14.33-32-32-32z\"><\/path><\/svg><\/span>\n\t\t\t<span class='e-closed'><svg aria-hidden=\"true\" class=\"e-font-icon-svg e-fas-plus\" viewbox=\"0 0 448 512\" xmlns=\"http:\/\/www.w3.org\/2000\/svg\"><path d=\"M416 208H272V64c0-17.67-14.33-32-32-32h-32c-17.67 0-32 14.33-32 32v144H32c-17.67 0-32 14.33-32 32v32c0 17.67 14.33 32 32 32h144v144c0 17.67 14.33 32 32 32h32c17.67 0 32-14.33 32-32V304h144c17.67 0 32-14.33 32-32v-32c0-17.67-14.33-32-32-32z\"><\/path><\/svg><\/span>\n\t\t<\/span>\n\n\t\t\t\t\t\t<\/summary>\n\t\t\t\t<div role=\"region\" aria-labelledby=\"e-n-accordion-item-1651\" class=\"elementor-element elementor-element-f002f77 e-con-full e-flex e-con e-child\" data-id=\"f002f77\" data-element_type=\"container\" data-e-type=\"container\">\n\t\t\t\t<div class=\"elementor-element elementor-element-2fdc5b1 elementor-widget elementor-widget-text-editor\" data-id=\"2fdc5b1\" data-element_type=\"widget\" data-e-type=\"widget\" data-widget_type=\"text-editor.default\">\n\t\t\t\t<div class=\"elementor-widget-container\">\n\t\t\t\t\t\t\t\t\tJa. Alle Refcenter-Kondensatpumpen verf\u00fcgen \u00fcber eingebaute Sicherheitsfunktionen wie Hochalarmausg\u00e4nge und Schwimmerschaltermechanismen, die ein \u00dcberlaufen verhindern. Bestimmte Modelle sind auch mit zwei Schwimmern oder Hall-Sensoren ausgestattet, um die Zuverl\u00e4ssigkeit zu erh\u00f6hen.\t\t\t\t\t\t\t\t<\/div>\n\t\t\t\t<\/div>\n\t\t\t\t<\/div>\n\t\t\t\t\t<\/details>\n\t\t\t\t\t\t<details id=\"e-n-accordion-item-1652\" class=\"e-n-accordion-item\" >\n\t\t\t\t<summary class=\"e-n-accordion-item-title\" data-accordion-index=\"3\" tabindex=\"-1\" aria-expanded=\"false\" aria-controls=\"e-n-accordion-item-1652\" >\n\t\t\t\t\t<span class='e-n-accordion-item-title-header'><div class=\"e-n-accordion-item-title-text\"> Wie kann ich die Refcenter-Kondensatpumpe pflegen oder warten? <\/div><\/span>\n\t\t\t\t\t\t\t<span class='e-n-accordion-item-title-icon'>\n\t\t\t<span class='e-opened' ><svg aria-hidden=\"true\" class=\"e-font-icon-svg e-fas-minus\" viewbox=\"0 0 448 512\" xmlns=\"http:\/\/www.w3.org\/2000\/svg\"><path d=\"M416 208H32c-17.67 0-32 14.33-32 32v32c0 17.67 14.33 32 32 32h384c17.67 0 32-14.33 32-32v-32c0-17.67-14.33-32-32-32z\"><\/path><\/svg><\/span>\n\t\t\t<span class='e-closed'><svg aria-hidden=\"true\" class=\"e-font-icon-svg e-fas-plus\" viewbox=\"0 0 448 512\" xmlns=\"http:\/\/www.w3.org\/2000\/svg\"><path d=\"M416 208H272V64c0-17.67-14.33-32-32-32h-32c-17.67 0-32 14.33-32 32v144H32c-17.67 0-32 14.33-32 32v32c0 17.67 14.33 32 32 32h144v144c0 17.67 14.33 32 32 32h32c17.67 0 32-14.33 32-32V304h144c17.67 0 32-14.33 32-32v-32c0-17.67-14.33-32-32-32z\"><\/path><\/svg><\/span>\n\t\t<\/span>\n\n\t\t\t\t\t\t<\/summary>\n\t\t\t\t<div role=\"region\" aria-labelledby=\"e-n-accordion-item-1652\" class=\"elementor-element elementor-element-4003de5 e-con-full e-flex e-con e-child\" data-id=\"4003de5\" data-element_type=\"container\" data-e-type=\"container\">\n\t\t\t\t<div class=\"elementor-element elementor-element-d3d8550 elementor-widget elementor-widget-text-editor\" data-id=\"d3d8550\" data-element_type=\"widget\" data-e-type=\"widget\" data-widget_type=\"text-editor.default\">\n\t\t\t\t<div class=\"elementor-widget-container\">\n\t\t\t\t\t\t\t\t\tRefcenter-Pumpen sind f\u00fcr einen wartungsarmen Betrieb ausgelegt. Wir empfehlen jedoch, den Beh\u00e4lter auf Verunreinigungen zu \u00fcberpr\u00fcfen und die Pumpe j\u00e4hrlich zu reinigen, um eine optimale Leistung zu gew\u00e4hrleisten. Installations- und Wartungshandb\u00fccher sind im Lieferumfang jedes Ger\u00e4ts enthalten, und bei Bedarf steht technischer Support zur Verf\u00fcgung.\t\t\t\t\t\t\t\t<\/div>\n\t\t\t\t<\/div>\n\t\t\t\t<\/div>\n\t\t\t\t\t<\/details>\n\t\t\t\t\t<\/div>\n\t\t\t\t\t\t<\/div>\n\t\t\t\t<\/div>\n\t\t\t\t<\/div>\n\t\t\t\t\t<\/div>\n\t\t<\/div>\n\t\t\t\t\t\t<\/div>\n\t\t\t\t<\/div>\n\t\t\t\t\t<\/div>\n\t\t<\/div>\n\t\t\t\t\t<\/div>\n\t\t<\/section>\n\t\t\t\t<\/div>","protected":false},"excerpt":{"rendered":"<p>Die Tranquil-X verf\u00fcgt \u00fcber einen kapazitiven Sensor zur Wassererkennung, der die Zuverl\u00e4ssigkeit gegen\u00fcber herk\u00f6mmlichen Schwimmerschaltern erh\u00f6ht. Der Soft-Start-Modus minimiert die Startger\u00e4usche und verl\u00e4ngert die Lebensdauer der Pumpe und der elektronischen Komponenten. Ein eingebauter Z\u00e4hler \u00fcberwacht die Betriebszeit und gibt Alarmmeldungen f\u00fcr eine optimale Wartung.<\/p>\n<p>&nbsp;<\/p>","protected":false},"featured_media":2184,"comment_status":"open","ping_status":"closed","template":"","meta":[],"etheme_brands":[],"product_brand":[],"product_cat":[30,47],"product_tag":[],"class_list":{"0":"post-2183","1":"product","2":"type-product","3":"status-publish","4":"has-post-thumbnail","6":"product_cat-condensate-pumps","7":"product_cat-tranquil","9":"first","10":"instock","11":"shipping-taxable","12":"product-type-simple"},"_links":{"self":[{"href":"https:\/\/refcenter.us\/de\/wp-json\/wp\/v2\/product\/2183","targetHints":{"allow":["GET"]}}],"collection":[{"href":"https:\/\/refcenter.us\/de\/wp-json\/wp\/v2\/product"}],"about":[{"href":"https:\/\/refcenter.us\/de\/wp-json\/wp\/v2\/types\/product"}],"replies":[{"embeddable":true,"href":"https:\/\/refcenter.us\/de\/wp-json\/wp\/v2\/comments?post=2183"}],"version-history":[{"count":13,"href":"https:\/\/refcenter.us\/de\/wp-json\/wp\/v2\/product\/2183\/revisions"}],"predecessor-version":[{"id":2790,"href":"https:\/\/refcenter.us\/de\/wp-json\/wp\/v2\/product\/2183\/revisions\/2790"}],"wp:featuredmedia":[{"embeddable":true,"href":"https:\/\/refcenter.us\/de\/wp-json\/wp\/v2\/media\/2184"}],"wp:attachment":[{"href":"https:\/\/refcenter.us\/de\/wp-json\/wp\/v2\/media?parent=2183"}],"wp:term":[{"taxonomy":"brand","embeddable":true,"href":"https:\/\/refcenter.us\/de\/wp-json\/wp\/v2\/etheme_brands?post=2183"},{"taxonomy":"product_brand","embeddable":true,"href":"https:\/\/refcenter.us\/de\/wp-json\/wp\/v2\/product_brand?post=2183"},{"taxonomy":"product_cat","embeddable":true,"href":"https:\/\/refcenter.us\/de\/wp-json\/wp\/v2\/product_cat?post=2183"},{"taxonomy":"product_tag","embeddable":true,"href":"https:\/\/refcenter.us\/de\/wp-json\/wp\/v2\/product_tag?post=2183"}],"curies":[{"name":"wp","href":"https:\/\/api.w.org\/{rel}","templated":true}]}}