{"id":2220,"date":"2025-06-08T09:38:09","date_gmt":"2025-06-08T09:38:09","guid":{"rendered":"https:\/\/darkturquoise-dog-267182.hostingersite.com\/?post_type=product&#038;p=2220"},"modified":"2025-11-11T06:09:46","modified_gmt":"2025-11-11T06:09:46","slug":"stumme-ecke-20","status":"publish","type":"product","link":"https:\/\/refcenter.us\/de\/produkt\/stumme-ecke-20\/","title":{"rendered":"Ecke-20 stummschalten"},"content":{"rendered":"<div data-elementor-type=\"wp-post\" data-elementor-id=\"2220\" class=\"elementor elementor-2220\" data-elementor-settings=\"{&quot;element_pack_global_tooltip_width&quot;:{&quot;unit&quot;:&quot;px&quot;,&quot;size&quot;:&quot;&quot;,&quot;sizes&quot;:[]},&quot;element_pack_global_tooltip_width_tablet&quot;:{&quot;unit&quot;:&quot;px&quot;,&quot;size&quot;:&quot;&quot;,&quot;sizes&quot;:[]},&quot;element_pack_global_tooltip_width_mobile&quot;:{&quot;unit&quot;:&quot;px&quot;,&quot;size&quot;:&quot;&quot;,&quot;sizes&quot;:[]},&quot;element_pack_global_tooltip_padding&quot;:{&quot;unit&quot;:&quot;px&quot;,&quot;top&quot;:&quot;&quot;,&quot;right&quot;:&quot;&quot;,&quot;bottom&quot;:&quot;&quot;,&quot;left&quot;:&quot;&quot;,&quot;isLinked&quot;:true},&quot;element_pack_global_tooltip_padding_tablet&quot;:{&quot;unit&quot;:&quot;px&quot;,&quot;top&quot;:&quot;&quot;,&quot;right&quot;:&quot;&quot;,&quot;bottom&quot;:&quot;&quot;,&quot;left&quot;:&quot;&quot;,&quot;isLinked&quot;:true},&quot;element_pack_global_tooltip_padding_mobile&quot;:{&quot;unit&quot;:&quot;px&quot;,&quot;top&quot;:&quot;&quot;,&quot;right&quot;:&quot;&quot;,&quot;bottom&quot;:&quot;&quot;,&quot;left&quot;:&quot;&quot;,&quot;isLinked&quot;:true},&quot;element_pack_global_tooltip_border_radius&quot;:{&quot;unit&quot;:&quot;px&quot;,&quot;top&quot;:&quot;&quot;,&quot;right&quot;:&quot;&quot;,&quot;bottom&quot;:&quot;&quot;,&quot;left&quot;:&quot;&quot;,&quot;isLinked&quot;:true},&quot;element_pack_global_tooltip_border_radius_tablet&quot;:{&quot;unit&quot;:&quot;px&quot;,&quot;top&quot;:&quot;&quot;,&quot;right&quot;:&quot;&quot;,&quot;bottom&quot;:&quot;&quot;,&quot;left&quot;:&quot;&quot;,&quot;isLinked&quot;:true},&quot;element_pack_global_tooltip_border_radius_mobile&quot;:{&quot;unit&quot;:&quot;px&quot;,&quot;top&quot;:&quot;&quot;,&quot;right&quot;:&quot;&quot;,&quot;bottom&quot;:&quot;&quot;,&quot;left&quot;:&quot;&quot;,&quot;isLinked&quot;:true}}\" data-elementor-post-type=\"product\">\n\t\t\t\t\t\t<section class=\"elementor-section elementor-top-section elementor-element elementor-element-6ceac77 elementor-section-boxed elementor-section-height-default elementor-section-height-default\" data-id=\"6ceac77\" data-element_type=\"section\" data-e-type=\"section\">\n\t\t\t\t\t\t<div class=\"elementor-container elementor-column-gap-no\">\n\t\t\t\t\t<div class=\"elementor-column elementor-col-100 elementor-top-column elementor-element elementor-element-83c8c86\" data-id=\"83c8c86\" data-element_type=\"column\" data-e-type=\"column\">\n\t\t\t<div class=\"elementor-widget-wrap elementor-element-populated\">\n\t\t\t\t\t\t<div class=\"elementor-element elementor-element-e31b9e1 elementor-widget elementor-widget-heading\" data-id=\"e31b9e1\" data-element_type=\"widget\" data-e-type=\"widget\" data-widget_type=\"heading.default\">\n\t\t\t\t<div class=\"elementor-widget-container\">\n\t\t\t\t\t<h2 class=\"elementor-heading-title elementor-size-default\">Beschreibung des Produkts<\/h2>\t\t\t\t<\/div>\n\t\t\t\t<\/div>\n\t\t\t\t<div class=\"elementor-element elementor-element-361efca elementor-widget elementor-widget-text-editor\" data-id=\"361efca\" data-element_type=\"widget\" data-e-type=\"widget\" data-widget_type=\"text-editor.default\">\n\t\t\t\t<div class=\"elementor-widget-container\">\n\t\t\t\t\t\t\t\t\t<table style=\"border-collapse: collapse; width: 445.02pt;\" border=\"0\" width=\"890\" cellspacing=\"0\" cellpadding=\"0\"><tbody><tr style=\"height: 279.00pt;\"><td class=\"et2\" style=\"height: 279.00pt; width: 445.25pt;\" width=\"890\" height=\"558\"><p>Das schlanke, kompakte Design der Pumpen der Mute-Serie macht sie ideal f\u00fcr die Integration in Mini-Split- und kanalisierte HLK-Systeme. Die \u00fcber einen Schwimmerschaltermechanismus betriebenen Pumpen der Mute-Serie bieten eine au\u00dfergew\u00f6hnliche Kondensatabfuhrleistung bei fl\u00fcsterleisem Betrieb und sorgen so f\u00fcr optimalen Umweltkomfort.<\/p><p>- Schwimmerschalter-Erkennung<br \/>- Plug &amp; Play<br \/>- Montage mit Kanalbogen<br \/>- Anti-Vibration<br \/>- Ger\u00e4uschloser Betrieb<\/p><\/td><\/tr><\/tbody><\/table>\t\t\t\t\t\t\t\t<\/div>\n\t\t\t\t<\/div>\n\t\t\t\t<div class=\"elementor-element elementor-element-45ce252 e-n-tabs-mobile elementor-widget elementor-widget-n-tabs\" data-id=\"45ce252\" data-element_type=\"widget\" data-e-type=\"widget\" data-settings=\"{&quot;tabs_justify_horizontal&quot;:&quot;stretch&quot;,&quot;horizontal_scroll&quot;:&quot;disable&quot;}\" data-widget_type=\"nested-tabs.default\">\n\t\t\t\t<div class=\"elementor-widget-container\">\n\t\t\t\t\t\t\t<div class=\"e-n-tabs\" data-widget-number=\"73196114\" aria-label=\"Registerkarten. \u00d6ffnen Sie Elemente mit Enter oder Space, schlie\u00dfen Sie sie mit Escape und navigieren Sie mit den Pfeiltasten.\" data-no-translation-aria-label=\"\">\n\t\t\t<div class=\"e-n-tabs-heading\" role=\"tablist\">\n\t\t\t\t\t<button id=\"e-n-tab-title-731961141\" data-tab-title-id=\"e-n-tab-title-731961141\" class=\"e-n-tab-title\" aria-selected=\"true\" data-tab-index=\"1\" role=\"tab\" tabindex=\"0\" aria-controls=\"e-n-tab-content-731961141\" style=\"--n-tabs-title-order: 1;\">\n\t\t\t\t\t\t<span class=\"e-n-tab-title-text\">\n\t\t\t\tTechnische Daten\t\t\t<\/span>\n\t\t<\/button>\n\t\t\t\t<button id=\"e-n-tab-title-731961142\" data-tab-title-id=\"e-n-tab-title-731961142\" class=\"e-n-tab-title\" aria-selected=\"false\" data-tab-index=\"2\" role=\"tab\" tabindex=\"-1\" aria-controls=\"e-n-tab-content-731961142\" style=\"--n-tabs-title-order: 2;\">\n\t\t\t\t\t\t<span class=\"e-n-tab-title-text\">\n\t\t\t\tLogistik\t\t\t<\/span>\n\t\t<\/button>\n\t\t\t\t<button id=\"e-n-tab-title-731961143\" data-tab-title-id=\"e-n-tab-title-731961143\" class=\"e-n-tab-title\" aria-selected=\"false\" data-tab-index=\"3\" role=\"tab\" tabindex=\"-1\" aria-controls=\"e-n-tab-content-731961143\" style=\"--n-tabs-title-order: 3;\">\n\t\t\t\t\t\t<span class=\"e-n-tab-title-text\">\n\t\t\t\tRessourcen\t\t\t<\/span>\n\t\t<\/button>\n\t\t\t\t<button id=\"e-n-tab-title-731961144\" data-tab-title-id=\"e-n-tab-title-731961144\" class=\"e-n-tab-title\" aria-selected=\"false\" data-tab-index=\"4\" role=\"tab\" tabindex=\"-1\" aria-controls=\"e-n-tab-content-731961144\" style=\"--n-tabs-title-order: 4;\">\n\t\t\t\t\t\t<span class=\"e-n-tab-title-text\">\n\t\t\t\tZubeh\u00f6r\t\t\t<\/span>\n\t\t<\/button>\n\t\t\t\t<button id=\"e-n-tab-title-731961145\" data-tab-title-id=\"e-n-tab-title-731961145\" class=\"e-n-tab-title\" aria-selected=\"false\" data-tab-index=\"5\" role=\"tab\" tabindex=\"-1\" aria-controls=\"e-n-tab-content-731961145\" style=\"--n-tabs-title-order: 5;\">\n\t\t\t\t\t\t<span class=\"e-n-tab-title-text\">\n\t\t\t\tFAQ\t\t\t<\/span>\n\t\t<\/button>\n\t\t\t\t\t<\/div>\n\t\t\t<div class=\"e-n-tabs-content\">\n\t\t\t\t<div id=\"e-n-tab-content-731961141\" role=\"tabpanel\" aria-labelledby=\"e-n-tab-title-731961141\" data-tab-index=\"1\" style=\"--n-tabs-title-order: 1;\" class=\"e-active elementor-element elementor-element-75724e0 e-con-full e-flex e-con e-child\" data-id=\"75724e0\" data-element_type=\"container\" data-e-type=\"container\" data-settings=\"{&quot;background_background&quot;:&quot;classic&quot;}\">\n\t\t\t\t<div class=\"elementor-element elementor-element-20ec222 etheme-elementor-widget-loaded elementor-widget elementor-widget-html\" data-id=\"20ec222\" data-element_type=\"widget\" data-e-type=\"widget\" data-widget_type=\"html.default\">\n\t\t\t\t<div class=\"elementor-widget-container\">\n\t\t\t\t\t<table border=\"1\" cellpadding=\"5\" style=\"border-collapse: collapse; width: 100%;\">\r\n  <tr>\r\n    <th style=\"width: 33%; background-color: #f9f9f9; border: 1px solid lightgray; padding-left: 15px;\">Stromversorgung<\/th>\r\n    <td style=\"width: 67%; text-align: left; border: 1px solid lightgray;\">100-240V AC 50\/60Hz<\/td>\r\n  <\/tr>\r\n  <tr>\r\n    <th style=\"background-color: #f9f9f9; border: 1px solid lightgray; padding-left: 15px;\">Max. Durchfluss<\/th>\r\n    <td style=\"text-align: left; border: 1px solid lightgray;\">20L\/h (5.3GPH) bei 0 F\u00f6rderh\u00f6he<\/td>\r\n  <\/tr>\r\n  <tr>\r\n    <th style=\"background-color: #f9f9f9; border: 1px solid lightgray; padding-left: 15px;\">Schallpegel<\/th>\r\n    <td style=\"text-align: left; border: 1px solid lightgray;\">18 dB(A) @1M (3.3ft)<\/td>\r\n  <\/tr>\r\n  <tr>\r\n    <th style=\"background-color: #f9f9f9; border: 1px solid lightgray; padding-left: 15px;\">Max. F\u00f6rderh\u00f6he<\/th>\r\n    <td style=\"text-align: left; border: 1px solid lightgray;\">20M (65.6ft)<\/td>\r\n  <\/tr>\r\n  <tr>\r\n    <th style=\"background-color: #f9f9f9; border: 1px solid lightgray; padding-left: 15px;\">Max. Ger\u00e4teleistung<\/th>\r\n    <td style=\"text-align: left; border: 1px solid lightgray;\">28kW \/ 95.550Btu\/h<\/td>\r\n  <\/tr>\r\n  <tr>\r\n    <th style=\"background-color: #f9f9f9; border: 1px solid lightgray; padding-left: 15px;\">Sicherheitsschalter<\/th>\r\n    <td style=\"text-align: left; border: 1px solid lightgray;\">3A Normalerweise geschlossen<\/td>\r\n  <\/tr>\r\n  <tr>\r\n    <th style=\"background-color: #f9f9f9; border: 1px solid lightgray; padding-left: 15px;\">Max. Wassertemperatur<\/th>\r\n    <td style=\"text-align: left; border: 1px solid lightgray;\">70\u00b0C<\/td>\r\n  <\/tr>\r\n  <tr>\r\n    <th style=\"background-color: #f9f9f9; border: 1px solid lightgray; padding-left: 15px;\">Entladungsrohr<\/th>\r\n    <td style=\"text-align: left; border: 1px solid lightgray;\">6mm ID<\/td>\r\n  <\/tr>\r\n  <tr>\r\n    <th style=\"background-color: #f9f9f9; border: 1px solid lightgray; padding-left: 15px;\">Klasse<\/th>\r\n    <td style=\"text-align: left; border: 1px solid lightgray;\">II. Ger\u00e4t<\/td>\r\n  <\/tr>\r\n  <tr>\r\n    <th style=\"background-color: #f9f9f9; border: 1px solid lightgray; padding-left: 15px;\">Nennwert<\/th>\r\n    <td style=\"text-align: left; border: 1px solid lightgray;\">Kontinuierlich<\/td>\r\n  <\/tr>\r\n  <tr>\r\n    <th style=\"background-color: #f9f9f9; border: 1px solid lightgray; padding-left: 15px;\">IP-Schutz<\/th>\r\n    <td style=\"text-align: left; border: 1px solid lightgray;\">IPX5<\/td>\r\n  <\/tr>\r\n  <tr>\r\n    <th style=\"background-color: #f9f9f9; border: 1px solid lightgray; padding-left: 15px;\">L\u00d7B\u00d7H<\/th>\r\n    <td style=\"text-align: left; border: 1px solid lightgray;\">96mm \u00d7 47mm \u00d7 94mm<\/td>\r\n  <\/tr>\r\n<\/table>\r\n\t\t\t\t<\/div>\n\t\t\t\t<\/div>\n\t\t\t\t<\/div>\n\t\t<div id=\"e-n-tab-content-731961142\" role=\"tabpanel\" aria-labelledby=\"e-n-tab-title-731961142\" data-tab-index=\"2\" style=\"--n-tabs-title-order: 2;\" class=\"elementor-element elementor-element-c6f4472 e-con-full e-flex e-con e-child\" data-id=\"c6f4472\" data-element_type=\"container\" data-e-type=\"container\">\n\t\t\t\t<div class=\"elementor-element elementor-element-0c4a995 etheme-elementor-widget-loaded elementor-widget elementor-widget-html\" data-id=\"0c4a995\" data-element_type=\"widget\" data-e-type=\"widget\" data-widget_type=\"html.default\">\n\t\t\t\t<div class=\"elementor-widget-container\">\n\t\t\t\t\t<table border=\"1\" cellpadding=\"5\" style=\"border-collapse: collapse; width: 100%;\">\r\n  <tr><th style=\"width: 33%; background-color: #f9f9f9; border: 1px solid lightgray; padding-left: 15px;\">St\u00fcck pro Karton<\/th><td style=\"border: 1px solid lightgray;\">10<\/td><\/tr>\r\n  <tr><th style=\"background-color: #f9f9f9; border: 1px solid lightgray; padding-left: 15px;\">Gewicht pro Karton (kg)<\/th><td style=\"border: 1px solid lightgray;\">10<\/td><\/tr>\r\n  <tr><th style=\"background-color: #f9f9f9; border: 1px solid lightgray; padding-left: 15px;\">L\u00e4nge des Kartons (cm)<\/th><td style=\"border: 1px solid lightgray;\">44<\/td><\/tr>\r\n  <tr><th style=\"background-color: #f9f9f9; border: 1px solid lightgray; padding-left: 15px;\">Breite des Kartons (cm)<\/th><td style=\"border: 1px solid lightgray;\">28<\/td><\/tr>\r\n  <tr><th style=\"background-color: #f9f9f9; border: 1px solid lightgray; padding-left: 15px;\">H\u00f6he des Kartons (cm)<\/th><td style=\"border: 1px solid lightgray;\">29.5<\/td><\/tr>\r\n<\/table>\r\n\t\t\t\t<\/div>\n\t\t\t\t<\/div>\n\t\t\t\t<\/div>\n\t\t<div id=\"e-n-tab-content-731961143\" role=\"tabpanel\" aria-labelledby=\"e-n-tab-title-731961143\" data-tab-index=\"3\" style=\"--n-tabs-title-order: 3;\" class=\"elementor-element elementor-element-b05e00a e-con-full e-flex e-con e-child\" data-id=\"b05e00a\" data-element_type=\"container\" data-e-type=\"container\">\n\t\t\t\t<div class=\"elementor-element elementor-element-c653176 etheme-elementor-widget-loaded elementor-widget elementor-widget-html\" data-id=\"c653176\" data-element_type=\"widget\" data-e-type=\"widget\" data-widget_type=\"html.default\">\n\t\t\t\t<div class=\"elementor-widget-container\">\n\t\t\t\t\t<!-- \u8868\u683c -->\r\n<table border=\"1\" cellpadding=\"5\" style=\"border-collapse: collapse; width: 100%;\"> \r\n  <tr>\r\n    <th style=\"width: 33%; background-color: #f9f9f9; border: 1px solid lightgray; padding-left: 15px;\">Gebrauchsanweisung<\/th>\r\n    <td style=\"width: 67%; text-align: left; border: 1px solid lightgray;\">\r\n      PDF \r\n      <a href=\"https:\/\/refcenter.us\/wp-content\/uploads\/2025\/07\/Mute-Corner-Technical-Manual.pdf\" target=\"_blank\" style=\"margin-left: 20px;\">\r\n        <i class=\"fas fa-download\"><\/i> <!-- \u56fe\u6807 -->\r\n        <!-- \u6216\uff1a\ud83d\udce5 -->\r\n      <\/a>\r\n    <\/td>\r\n  <\/tr>\r\n<\/table>\t\t\t\t<\/div>\n\t\t\t\t<\/div>\n\t\t\t\t<\/div>\n\t\t<div id=\"e-n-tab-content-731961144\" role=\"tabpanel\" aria-labelledby=\"e-n-tab-title-731961144\" data-tab-index=\"4\" style=\"--n-tabs-title-order: 4;\" class=\"elementor-element elementor-element-b0428d8 e-con-full e-flex e-con e-child\" data-id=\"b0428d8\" data-element_type=\"container\" data-e-type=\"container\">\n\t\t\t\t<div class=\"elementor-element elementor-element-0d84c8f elementor-widget elementor-widget-text-editor\" data-id=\"0d84c8f\" data-element_type=\"widget\" data-e-type=\"widget\" data-widget_type=\"text-editor.default\">\n\t\t\t\t<div class=\"elementor-widget-container\">\n\t\t\t\t\t\t\t\t\t<ul><li data-start=\"28\" data-end=\"53\"><p data-start=\"30\" data-end=\"53\">Montiert MUTE CORNER<\/p><\/li><li data-start=\"54\" data-end=\"76\"><p data-start=\"56\" data-end=\"76\">6mm i\/d Vinylschlauch<\/p><\/li><li data-start=\"77\" data-end=\"107\"><p data-start=\"79\" data-end=\"107\">Zusammengebauter Inline-Beh\u00e4lter<\/p><\/li><li data-start=\"108\" data-end=\"145\"><p data-start=\"110\" data-end=\"145\">1,5 m langer Vinylschlauch mit 6 mm Innendurchmesser<\/p><\/li><li data-start=\"146\" data-end=\"160\"><p data-start=\"148\" data-end=\"160\">Einlassrohr<\/p><\/li><li data-start=\"161\" data-end=\"177\"><p data-start=\"163\" data-end=\"177\">4-polige Buchse<\/p><\/li><li data-start=\"178\" data-end=\"194\"><p data-start=\"180\" data-end=\"194\">1 x Adapter<\/p><\/li><li data-start=\"195\" data-end=\"225\"><p data-start=\"197\" data-end=\"225\">4 x 200mm x 5mm Kabelbinder<\/p><\/li><\/ul>\t\t\t\t\t\t\t\t<\/div>\n\t\t\t\t<\/div>\n\t\t\t\t<\/div>\n\t\t<div id=\"e-n-tab-content-731961145\" role=\"tabpanel\" aria-labelledby=\"e-n-tab-title-731961145\" data-tab-index=\"5\" style=\"--n-tabs-title-order: 5;\" class=\"elementor-element elementor-element-a047ec3 e-con-full e-flex e-con e-child\" data-id=\"a047ec3\" data-element_type=\"container\" data-e-type=\"container\">\n\t\t\t\t<div class=\"elementor-element elementor-element-a951129 elementor-widget elementor-widget-n-accordion\" data-id=\"a951129\" data-element_type=\"widget\" data-e-type=\"widget\" data-settings=\"{&quot;default_state&quot;:&quot;expanded&quot;,&quot;max_items_expended&quot;:&quot;one&quot;,&quot;n_accordion_animation_duration&quot;:{&quot;unit&quot;:&quot;ms&quot;,&quot;size&quot;:400,&quot;sizes&quot;:[]}}\" data-widget_type=\"nested-accordion.default\">\n\t\t\t\t<div class=\"elementor-widget-container\">\n\t\t\t\t\t\t\t<div class=\"e-n-accordion\" aria-label=\"Accordion. Open links with Enter or Space, close with Escape, and navigate with Arrow Keys\">\n\t\t\t\t\t\t<details id=\"e-n-accordion-item-1770\" class=\"e-n-accordion-item\" open>\n\t\t\t\t<summary class=\"e-n-accordion-item-title\" data-accordion-index=\"1\" tabindex=\"0\" aria-expanded=\"true\" aria-controls=\"e-n-accordion-item-1770\" >\n\t\t\t\t\t<span class='e-n-accordion-item-title-header'><div class=\"e-n-accordion-item-title-text\"> Mit welchen Arten von HVAC-Systemen sind die Kondensatpumpen von Refcenter kompatibel? <\/div><\/span>\n\t\t\t\t\t\t\t<span class='e-n-accordion-item-title-icon'>\n\t\t\t<span class='e-opened' ><svg aria-hidden=\"true\" class=\"e-font-icon-svg e-fas-minus\" viewbox=\"0 0 448 512\" xmlns=\"http:\/\/www.w3.org\/2000\/svg\"><path d=\"M416 208H32c-17.67 0-32 14.33-32 32v32c0 17.67 14.33 32 32 32h384c17.67 0 32-14.33 32-32v-32c0-17.67-14.33-32-32-32z\"><\/path><\/svg><\/span>\n\t\t\t<span class='e-closed'><svg aria-hidden=\"true\" class=\"e-font-icon-svg e-fas-plus\" viewbox=\"0 0 448 512\" xmlns=\"http:\/\/www.w3.org\/2000\/svg\"><path d=\"M416 208H272V64c0-17.67-14.33-32-32-32h-32c-17.67 0-32 14.33-32 32v144H32c-17.67 0-32 14.33-32 32v32c0 17.67 14.33 32 32 32h144v144c0 17.67 14.33 32 32 32h32c17.67 0 32-14.33 32-32V304h144c17.67 0 32-14.33 32-32v-32c0-17.67-14.33-32-32-32z\"><\/path><\/svg><\/span>\n\t\t<\/span>\n\n\t\t\t\t\t\t<\/summary>\n\t\t\t\t<div role=\"region\" aria-labelledby=\"e-n-accordion-item-1770\" class=\"elementor-element elementor-element-0ac6434 e-con-full e-flex e-con e-child\" data-id=\"0ac6434\" data-element_type=\"container\" data-e-type=\"container\">\n\t\t\t\t<div class=\"elementor-element elementor-element-f59e60a elementor-widget elementor-widget-text-editor\" data-id=\"f59e60a\" data-element_type=\"widget\" data-e-type=\"widget\" data-widget_type=\"text-editor.default\">\n\t\t\t\t<div class=\"elementor-widget-container\">\n\t\t\t\t\t\t\t\t\tRefcenter-Kondensatpumpen sind f\u00fcr den Einsatz mit einer Vielzahl von HLK-Ger\u00e4ten ausgelegt, darunter kanalfreie Mini-Split-Systeme, zentrale Klimaanlagen, Entfeuchter und K\u00fchlaggregate. Wir bieten mehrere Modelle an, die f\u00fcr unterschiedliche Installationsumgebungen und Kapazit\u00e4tsanforderungen geeignet sind.\t\t\t\t\t\t\t\t<\/div>\n\t\t\t\t<\/div>\n\t\t\t\t<\/div>\n\t\t\t\t\t<\/details>\n\t\t\t\t\t\t<details id=\"e-n-accordion-item-1771\" class=\"e-n-accordion-item\" >\n\t\t\t\t<summary class=\"e-n-accordion-item-title\" data-accordion-index=\"2\" tabindex=\"-1\" aria-expanded=\"false\" aria-controls=\"e-n-accordion-item-1771\" >\n\t\t\t\t\t<span class='e-n-accordion-item-title-header'><div class=\"e-n-accordion-item-title-text\"> Verf\u00fcgen die Refcenter-Pumpen \u00fcber integrierte Sicherheitsfunktionen? <\/div><\/span>\n\t\t\t\t\t\t\t<span class='e-n-accordion-item-title-icon'>\n\t\t\t<span class='e-opened' ><svg aria-hidden=\"true\" class=\"e-font-icon-svg e-fas-minus\" viewbox=\"0 0 448 512\" xmlns=\"http:\/\/www.w3.org\/2000\/svg\"><path d=\"M416 208H32c-17.67 0-32 14.33-32 32v32c0 17.67 14.33 32 32 32h384c17.67 0 32-14.33 32-32v-32c0-17.67-14.33-32-32-32z\"><\/path><\/svg><\/span>\n\t\t\t<span class='e-closed'><svg aria-hidden=\"true\" class=\"e-font-icon-svg e-fas-plus\" viewbox=\"0 0 448 512\" xmlns=\"http:\/\/www.w3.org\/2000\/svg\"><path d=\"M416 208H272V64c0-17.67-14.33-32-32-32h-32c-17.67 0-32 14.33-32 32v144H32c-17.67 0-32 14.33-32 32v32c0 17.67 14.33 32 32 32h144v144c0 17.67 14.33 32 32 32h32c17.67 0 32-14.33 32-32V304h144c17.67 0 32-14.33 32-32v-32c0-17.67-14.33-32-32-32z\"><\/path><\/svg><\/span>\n\t\t<\/span>\n\n\t\t\t\t\t\t<\/summary>\n\t\t\t\t<div role=\"region\" aria-labelledby=\"e-n-accordion-item-1771\" class=\"elementor-element elementor-element-a00546b e-con-full e-flex e-con e-child\" data-id=\"a00546b\" data-element_type=\"container\" data-e-type=\"container\">\n\t\t\t\t<div class=\"elementor-element elementor-element-9f6b639 elementor-widget elementor-widget-text-editor\" data-id=\"9f6b639\" data-element_type=\"widget\" data-e-type=\"widget\" data-widget_type=\"text-editor.default\">\n\t\t\t\t<div class=\"elementor-widget-container\">\n\t\t\t\t\t\t\t\t\tJa. Alle Refcenter-Kondensatpumpen verf\u00fcgen \u00fcber eingebaute Sicherheitsfunktionen wie Hochalarmausg\u00e4nge und Schwimmerschaltermechanismen, die ein \u00dcberlaufen verhindern. Bestimmte Modelle sind auch mit zwei Schwimmern oder Hall-Sensoren ausgestattet, um die Zuverl\u00e4ssigkeit zu erh\u00f6hen.\t\t\t\t\t\t\t\t<\/div>\n\t\t\t\t<\/div>\n\t\t\t\t<\/div>\n\t\t\t\t\t<\/details>\n\t\t\t\t\t\t<details id=\"e-n-accordion-item-1772\" class=\"e-n-accordion-item\" >\n\t\t\t\t<summary class=\"e-n-accordion-item-title\" data-accordion-index=\"3\" tabindex=\"-1\" aria-expanded=\"false\" aria-controls=\"e-n-accordion-item-1772\" >\n\t\t\t\t\t<span class='e-n-accordion-item-title-header'><div class=\"e-n-accordion-item-title-text\"> Wie kann ich die Refcenter-Kondensatpumpe pflegen oder warten? <\/div><\/span>\n\t\t\t\t\t\t\t<span class='e-n-accordion-item-title-icon'>\n\t\t\t<span class='e-opened' ><svg aria-hidden=\"true\" class=\"e-font-icon-svg e-fas-minus\" viewbox=\"0 0 448 512\" xmlns=\"http:\/\/www.w3.org\/2000\/svg\"><path d=\"M416 208H32c-17.67 0-32 14.33-32 32v32c0 17.67 14.33 32 32 32h384c17.67 0 32-14.33 32-32v-32c0-17.67-14.33-32-32-32z\"><\/path><\/svg><\/span>\n\t\t\t<span class='e-closed'><svg aria-hidden=\"true\" class=\"e-font-icon-svg e-fas-plus\" viewbox=\"0 0 448 512\" xmlns=\"http:\/\/www.w3.org\/2000\/svg\"><path d=\"M416 208H272V64c0-17.67-14.33-32-32-32h-32c-17.67 0-32 14.33-32 32v144H32c-17.67 0-32 14.33-32 32v32c0 17.67 14.33 32 32 32h144v144c0 17.67 14.33 32 32 32h32c17.67 0 32-14.33 32-32V304h144c17.67 0 32-14.33 32-32v-32c0-17.67-14.33-32-32-32z\"><\/path><\/svg><\/span>\n\t\t<\/span>\n\n\t\t\t\t\t\t<\/summary>\n\t\t\t\t<div role=\"region\" aria-labelledby=\"e-n-accordion-item-1772\" class=\"elementor-element elementor-element-fc0ccd8 e-con-full e-flex e-con e-child\" data-id=\"fc0ccd8\" data-element_type=\"container\" data-e-type=\"container\">\n\t\t\t\t<div class=\"elementor-element elementor-element-a60d798 elementor-widget elementor-widget-text-editor\" data-id=\"a60d798\" data-element_type=\"widget\" data-e-type=\"widget\" data-widget_type=\"text-editor.default\">\n\t\t\t\t<div class=\"elementor-widget-container\">\n\t\t\t\t\t\t\t\t\tRefcenter-Pumpen sind f\u00fcr einen wartungsarmen Betrieb ausgelegt. Wir empfehlen jedoch, den Beh\u00e4lter auf Verunreinigungen zu \u00fcberpr\u00fcfen und die Pumpe j\u00e4hrlich zu reinigen, um eine optimale Leistung zu gew\u00e4hrleisten. Installations- und Wartungshandb\u00fccher sind im Lieferumfang jedes Ger\u00e4ts enthalten, und bei Bedarf steht technischer Support zur Verf\u00fcgung.\t\t\t\t\t\t\t\t<\/div>\n\t\t\t\t<\/div>\n\t\t\t\t<\/div>\n\t\t\t\t\t<\/details>\n\t\t\t\t\t<\/div>\n\t\t\t\t\t\t<\/div>\n\t\t\t\t<\/div>\n\t\t\t\t<\/div>\n\t\t\t\t\t<\/div>\n\t\t<\/div>\n\t\t\t\t\t\t<\/div>\n\t\t\t\t<\/div>\n\t\t\t\t\t<\/div>\n\t\t<\/div>\n\t\t\t\t\t<\/div>\n\t\t<\/section>\n\t\t\t\t<\/div>","protected":false},"excerpt":{"rendered":"<p>Das schlanke, kompakte Design der Pumpen der Mute-Serie macht sie ideal f\u00fcr die Integration in Mini-Split- und kanalisierte HLK-Systeme. Die \u00fcber einen Schwimmerschaltermechanismus betriebenen Pumpen der Mute-Serie bieten eine au\u00dfergew\u00f6hnliche Kondensatabfuhrleistung bei fl\u00fcsterleisem Betrieb und sorgen so f\u00fcr optimalen Umweltkomfort.<\/p>\n<p>&nbsp;<\/p>","protected":false},"featured_media":2222,"comment_status":"open","ping_status":"closed","template":"","meta":[],"etheme_brands":[],"product_brand":[],"product_cat":[30,48],"product_tag":[],"class_list":{"0":"post-2220","1":"product","2":"type-product","3":"status-publish","4":"has-post-thumbnail","6":"product_cat-condensate-pumps","7":"product_cat-mute","9":"first","10":"instock","11":"shipping-taxable","12":"product-type-simple"},"_links":{"self":[{"href":"https:\/\/refcenter.us\/de\/wp-json\/wp\/v2\/product\/2220","targetHints":{"allow":["GET"]}}],"collection":[{"href":"https:\/\/refcenter.us\/de\/wp-json\/wp\/v2\/product"}],"about":[{"href":"https:\/\/refcenter.us\/de\/wp-json\/wp\/v2\/types\/product"}],"replies":[{"embeddable":true,"href":"https:\/\/refcenter.us\/de\/wp-json\/wp\/v2\/comments?post=2220"}],"version-history":[{"count":18,"href":"https:\/\/refcenter.us\/de\/wp-json\/wp\/v2\/product\/2220\/revisions"}],"predecessor-version":[{"id":3061,"href":"https:\/\/refcenter.us\/de\/wp-json\/wp\/v2\/product\/2220\/revisions\/3061"}],"wp:featuredmedia":[{"embeddable":true,"href":"https:\/\/refcenter.us\/de\/wp-json\/wp\/v2\/media\/2222"}],"wp:attachment":[{"href":"https:\/\/refcenter.us\/de\/wp-json\/wp\/v2\/media?parent=2220"}],"wp:term":[{"taxonomy":"brand","embeddable":true,"href":"https:\/\/refcenter.us\/de\/wp-json\/wp\/v2\/etheme_brands?post=2220"},{"taxonomy":"product_brand","embeddable":true,"href":"https:\/\/refcenter.us\/de\/wp-json\/wp\/v2\/product_brand?post=2220"},{"taxonomy":"product_cat","embeddable":true,"href":"https:\/\/refcenter.us\/de\/wp-json\/wp\/v2\/product_cat?post=2220"},{"taxonomy":"product_tag","embeddable":true,"href":"https:\/\/refcenter.us\/de\/wp-json\/wp\/v2\/product_tag?post=2220"}],"curies":[{"name":"wp","href":"https:\/\/api.w.org\/{rel}","templated":true}]}}