{"id":2193,"date":"2025-06-08T09:08:31","date_gmt":"2025-06-08T09:08:31","guid":{"rendered":"https:\/\/darkturquoise-dog-267182.hostingersite.com\/?post_type=product&#038;p=2193"},"modified":"2025-11-11T06:14:47","modified_gmt":"2025-11-11T06:14:47","slug":"cuna-de-silencio-20","status":"publish","type":"product","link":"https:\/\/refcenter.us\/es\/producto\/cuna-de-silencio-20\/","title":{"rendered":"Cu\u00f1a de sordina-20"},"content":{"rendered":"<div data-elementor-type=\"wp-post\" data-elementor-id=\"2193\" class=\"elementor elementor-2193\" data-elementor-settings=\"{&quot;element_pack_global_tooltip_width&quot;:{&quot;unit&quot;:&quot;px&quot;,&quot;size&quot;:&quot;&quot;,&quot;sizes&quot;:[]},&quot;element_pack_global_tooltip_width_tablet&quot;:{&quot;unit&quot;:&quot;px&quot;,&quot;size&quot;:&quot;&quot;,&quot;sizes&quot;:[]},&quot;element_pack_global_tooltip_width_mobile&quot;:{&quot;unit&quot;:&quot;px&quot;,&quot;size&quot;:&quot;&quot;,&quot;sizes&quot;:[]},&quot;element_pack_global_tooltip_padding&quot;:{&quot;unit&quot;:&quot;px&quot;,&quot;top&quot;:&quot;&quot;,&quot;right&quot;:&quot;&quot;,&quot;bottom&quot;:&quot;&quot;,&quot;left&quot;:&quot;&quot;,&quot;isLinked&quot;:true},&quot;element_pack_global_tooltip_padding_tablet&quot;:{&quot;unit&quot;:&quot;px&quot;,&quot;top&quot;:&quot;&quot;,&quot;right&quot;:&quot;&quot;,&quot;bottom&quot;:&quot;&quot;,&quot;left&quot;:&quot;&quot;,&quot;isLinked&quot;:true},&quot;element_pack_global_tooltip_padding_mobile&quot;:{&quot;unit&quot;:&quot;px&quot;,&quot;top&quot;:&quot;&quot;,&quot;right&quot;:&quot;&quot;,&quot;bottom&quot;:&quot;&quot;,&quot;left&quot;:&quot;&quot;,&quot;isLinked&quot;:true},&quot;element_pack_global_tooltip_border_radius&quot;:{&quot;unit&quot;:&quot;px&quot;,&quot;top&quot;:&quot;&quot;,&quot;right&quot;:&quot;&quot;,&quot;bottom&quot;:&quot;&quot;,&quot;left&quot;:&quot;&quot;,&quot;isLinked&quot;:true},&quot;element_pack_global_tooltip_border_radius_tablet&quot;:{&quot;unit&quot;:&quot;px&quot;,&quot;top&quot;:&quot;&quot;,&quot;right&quot;:&quot;&quot;,&quot;bottom&quot;:&quot;&quot;,&quot;left&quot;:&quot;&quot;,&quot;isLinked&quot;:true},&quot;element_pack_global_tooltip_border_radius_mobile&quot;:{&quot;unit&quot;:&quot;px&quot;,&quot;top&quot;:&quot;&quot;,&quot;right&quot;:&quot;&quot;,&quot;bottom&quot;:&quot;&quot;,&quot;left&quot;:&quot;&quot;,&quot;isLinked&quot;:true}}\" data-elementor-post-type=\"product\">\n\t\t\t\t\t\t<section class=\"elementor-section elementor-top-section elementor-element elementor-element-7ce8116 elementor-section-boxed elementor-section-height-default elementor-section-height-default\" data-id=\"7ce8116\" data-element_type=\"section\" data-e-type=\"section\">\n\t\t\t\t\t\t<div class=\"elementor-container elementor-column-gap-no\">\n\t\t\t\t\t<div class=\"elementor-column elementor-col-100 elementor-top-column elementor-element elementor-element-23f1309\" data-id=\"23f1309\" data-element_type=\"column\" data-e-type=\"column\">\n\t\t\t<div class=\"elementor-widget-wrap elementor-element-populated\">\n\t\t\t\t\t\t<div class=\"elementor-element elementor-element-2381aaf elementor-widget elementor-widget-heading\" data-id=\"2381aaf\" data-element_type=\"widget\" data-e-type=\"widget\" data-widget_type=\"heading.default\">\n\t\t\t\t<div class=\"elementor-widget-container\">\n\t\t\t\t\t<h2 class=\"elementor-heading-title elementor-size-default\">Descripci\u00f3n del producto<\/h2>\t\t\t\t<\/div>\n\t\t\t\t<\/div>\n\t\t\t\t<div class=\"elementor-element elementor-element-015e060 elementor-widget elementor-widget-text-editor\" data-id=\"015e060\" data-element_type=\"widget\" data-e-type=\"widget\" data-widget_type=\"text-editor.default\">\n\t\t\t\t<div class=\"elementor-widget-container\">\n\t\t\t\t\t\t\t\t\t<p>El dise\u00f1o elegante y compacto de las bombas de la serie Mute las hace ideales para su integraci\u00f3n con sistemas de climatizaci\u00f3n por conductos y minisplit. La serie Mute, que funciona mediante un mecanismo de interruptor de flotador, ofrece un rendimiento excepcional en la eliminaci\u00f3n de condensados al tiempo que mantiene un funcionamiento silencioso, lo que garantiza un confort ambiental \u00f3ptimo.<\/p><p>- Detecci\u00f3n del interruptor de flotador<br \/>- Instalaci\u00f3n r\u00e1pida y sencilla<br \/>- Antivibraci\u00f3n<br \/>- Funcionamiento silencioso<\/p>\t\t\t\t\t\t\t\t<\/div>\n\t\t\t\t<\/div>\n\t\t\t\t<div class=\"elementor-element elementor-element-79da60b e-n-tabs-mobile elementor-widget elementor-widget-n-tabs\" data-id=\"79da60b\" data-element_type=\"widget\" data-e-type=\"widget\" data-settings=\"{&quot;tabs_justify_horizontal&quot;:&quot;stretch&quot;,&quot;horizontal_scroll&quot;:&quot;disable&quot;}\" data-widget_type=\"nested-tabs.default\">\n\t\t\t\t<div class=\"elementor-widget-container\">\n\t\t\t\t\t\t\t<div class=\"e-n-tabs\" data-widget-number=\"127772171\" aria-label=\"Pesta\u00f1as. Abre elementos con Intro o Espacio, ci\u00e9rralos con Escape y navega con las Flechas.\">\n\t\t\t<div class=\"e-n-tabs-heading\" role=\"tablist\">\n\t\t\t\t\t<button id=\"e-n-tab-title-1277721711\" data-tab-title-id=\"e-n-tab-title-1277721711\" class=\"e-n-tab-title\" aria-selected=\"true\" data-tab-index=\"1\" role=\"tab\" tabindex=\"0\" aria-controls=\"e-n-tab-content-1277721711\" style=\"--n-tabs-title-order: 1;\">\n\t\t\t\t\t\t<span class=\"e-n-tab-title-text\">\n\t\t\t\tEspecificaciones t\u00e9cnicas\t\t\t<\/span>\n\t\t<\/button>\n\t\t\t\t<button id=\"e-n-tab-title-1277721712\" data-tab-title-id=\"e-n-tab-title-1277721712\" class=\"e-n-tab-title\" aria-selected=\"false\" data-tab-index=\"2\" role=\"tab\" tabindex=\"-1\" aria-controls=\"e-n-tab-content-1277721712\" style=\"--n-tabs-title-order: 2;\">\n\t\t\t\t\t\t<span class=\"e-n-tab-title-text\">\n\t\t\t\tLog\u00edstica\t\t\t<\/span>\n\t\t<\/button>\n\t\t\t\t<button id=\"e-n-tab-title-1277721713\" data-tab-title-id=\"e-n-tab-title-1277721713\" class=\"e-n-tab-title\" aria-selected=\"false\" data-tab-index=\"3\" role=\"tab\" tabindex=\"-1\" aria-controls=\"e-n-tab-content-1277721713\" style=\"--n-tabs-title-order: 3;\">\n\t\t\t\t\t\t<span class=\"e-n-tab-title-text\">\n\t\t\t\tRecursos\t\t\t<\/span>\n\t\t<\/button>\n\t\t\t\t<button id=\"e-n-tab-title-1277721714\" data-tab-title-id=\"e-n-tab-title-1277721714\" class=\"e-n-tab-title\" aria-selected=\"false\" data-tab-index=\"4\" role=\"tab\" tabindex=\"-1\" aria-controls=\"e-n-tab-content-1277721714\" style=\"--n-tabs-title-order: 4;\">\n\t\t\t\t\t\t<span class=\"e-n-tab-title-text\">\n\t\t\t\tAccesorios\t\t\t<\/span>\n\t\t<\/button>\n\t\t\t\t<button id=\"e-n-tab-title-1277721715\" data-tab-title-id=\"e-n-tab-title-1277721715\" class=\"e-n-tab-title\" aria-selected=\"false\" data-tab-index=\"5\" role=\"tab\" tabindex=\"-1\" aria-controls=\"e-n-tab-content-1277721715\" style=\"--n-tabs-title-order: 5;\">\n\t\t\t\t\t\t<span class=\"e-n-tab-title-text\">\n\t\t\t\tPREGUNTAS FRECUENTES\t\t\t<\/span>\n\t\t<\/button>\n\t\t\t\t\t<\/div>\n\t\t\t<div class=\"e-n-tabs-content\">\n\t\t\t\t<div id=\"e-n-tab-content-1277721711\" role=\"tabpanel\" aria-labelledby=\"e-n-tab-title-1277721711\" data-tab-index=\"1\" style=\"--n-tabs-title-order: 1;\" class=\"e-active elementor-element elementor-element-b9ceed8 e-con-full e-flex e-con e-child\" data-id=\"b9ceed8\" data-element_type=\"container\" data-e-type=\"container\" data-settings=\"{&quot;background_background&quot;:&quot;classic&quot;}\">\n\t\t\t\t<div class=\"elementor-element elementor-element-a737dec etheme-elementor-widget-loaded elementor-widget elementor-widget-html\" data-id=\"a737dec\" data-element_type=\"widget\" data-e-type=\"widget\" data-widget_type=\"html.default\">\n\t\t\t\t<div class=\"elementor-widget-container\">\n\t\t\t\t\t<table border=\"1\" cellpadding=\"5\" style=\"border-collapse: collapse; width: 100%;\">\r\n  <tr>\r\n    <th style=\"width: 33%; background-color: #f9f9f9; border: 1px solid lightgray; padding-left: 15px;\">Alimentaci\u00f3n<\/th>\r\n    <td style=\"width: 67%; text-align: left; border: 1px solid lightgray;\">100-240 V CA 50\/60 Hz<\/td>\r\n  <\/tr>\r\n  <tr>\r\n    <th style=\"background-color: #f9f9f9; border: 1px solid lightgray; padding-left: 15px;\">Caudal m\u00e1x.<\/th>\r\n    <td style=\"text-align: left; border: 1px solid lightgray;\">20L\/h (5.3GPH) @ 0 cabeza<\/td>\r\n  <\/tr>\r\n  <tr>\r\n    <th style=\"background-color: #f9f9f9; border: 1px solid lightgray; padding-left: 15px;\">Nivel sonoro<\/th>\r\n    <td style=\"text-align: left; border: 1px solid lightgray;\">18 dB(A) @1M (3,3ft)<\/td>\r\n  <\/tr>\r\n  <tr>\r\n    <th style=\"background-color: #f9f9f9; border: 1px solid lightgray; padding-left: 15px;\">Altura m\u00e1x. de descarga<\/th>\r\n    <td style=\"text-align: left; border: 1px solid lightgray;\">20 m (65,6 pies)<\/td>\r\n  <\/tr>\r\n  <tr>\r\n    <th style=\"background-color: #f9f9f9; border: 1px solid lightgray; padding-left: 15px;\">Almacenamiento de agua<\/th>\r\n    <td style=\"text-align: left; border: 1px solid lightgray;\">230 ml<\/td>\r\n  <\/tr>\r\n  <tr>\r\n    <th style=\"background-color: #f9f9f9; border: 1px solid lightgray; padding-left: 15px;\">Salida m\u00e1x. por unidad<\/th>\r\n    <td style=\"text-align: left; border: 1px solid lightgray;\">28 kW \/ 95.550 BTU\/h<\/td>\r\n  <\/tr>\r\n  <tr>\r\n    <th style=\"background-color: #f9f9f9; border: 1px solid lightgray; padding-left: 15px;\">Interruptor de seguridad<\/th>\r\n    <td style=\"text-align: left; border: 1px solid lightgray;\">3A Normalmente cerrado<\/td>\r\n  <\/tr>\r\n  <tr>\r\n    <th style=\"background-color: #f9f9f9; border: 1px solid lightgray; padding-left: 15px;\">Temperatura m\u00e1xima del agua<\/th>\r\n    <td style=\"text-align: left; border: 1px solid lightgray;\">70\u00b0C<\/td>\r\n  <\/tr>\r\n  <tr>\r\n    <th style=\"background-color: #f9f9f9; border: 1px solid lightgray; padding-left: 15px;\">Tubo de descarga<\/th>\r\n    <td style=\"text-align: left; border: 1px solid lightgray;\">6mm ID<\/td>\r\n  <\/tr>\r\n  <tr>\r\n    <th style=\"background-color: #f9f9f9; border: 1px solid lightgray; padding-left: 15px;\">Clase<\/th>\r\n    <td style=\"text-align: left; border: 1px solid lightgray;\">II aparato<\/td>\r\n  <\/tr>\r\n  <tr>\r\n    <th style=\"background-color: #f9f9f9; border: 1px solid lightgray; padding-left: 15px;\">Rated<\/th>\r\n    <td style=\"text-align: left; border: 1px solid lightgray;\">Continuo<\/td>\r\n  <\/tr>\r\n  <tr>\r\n    <th style=\"background-color: #f9f9f9; border: 1px solid lightgray; padding-left: 15px;\">Protecci\u00f3n IP<\/th>\r\n    <td style=\"text-align: left; border: 1px solid lightgray;\">IPX5<\/td>\r\n  <\/tr>\r\n  <tr>\r\n    <th style=\"background-color: #f9f9f9; border: 1px solid lightgray; padding-left: 15px;\">En maceta<\/th>\r\n    <td style=\"text-align: left; border: 1px solid lightgray;\">S\u00ed<\/td>\r\n  <\/tr>\r\n  <tr>\r\n    <th style=\"background-color: #f9f9f9; border: 1px solid lightgray; padding-left: 15px;\">L\u00d7A\u00d7H<\/th>\r\n    <td style=\"text-align: left; border: 1px solid lightgray;\">164 mm \u00d7 70 mm \u00d7 106 mm<\/td>\r\n  <\/tr>\r\n<\/table>\r\n\t\t\t\t<\/div>\n\t\t\t\t<\/div>\n\t\t\t\t<\/div>\n\t\t<div id=\"e-n-tab-content-1277721712\" role=\"tabpanel\" aria-labelledby=\"e-n-tab-title-1277721712\" data-tab-index=\"2\" style=\"--n-tabs-title-order: 2;\" class=\"elementor-element elementor-element-94e1851 e-con-full e-flex e-con e-child\" data-id=\"94e1851\" data-element_type=\"container\" data-e-type=\"container\">\n\t\t\t\t<div class=\"elementor-element elementor-element-e7a2c6f etheme-elementor-widget-loaded elementor-widget elementor-widget-html\" data-id=\"e7a2c6f\" data-element_type=\"widget\" data-e-type=\"widget\" data-widget_type=\"html.default\">\n\t\t\t\t<div class=\"elementor-widget-container\">\n\t\t\t\t\t<table border=\"1\" cellpadding=\"5\" style=\"border-collapse: collapse; width: 100%;\">\r\n  <tr>\r\n    <th style=\"width: 33%; background-color: #f9f9f9; border: 1px solid lightgray; padding-left: 15px;\">Log\u00edstica<\/th>\r\n    <td style=\"border: 1px solid lightgray;\">Cu\u00f1a de silencio<\/td>\r\n  <\/tr>\r\n  <tr>\r\n    <th style=\"background-color: #f9f9f9; border: 1px solid lightgray; padding-left: 15px;\">Unidades por caja<\/th>\r\n    <td style=\"border: 1px solid lightgray;\">20<\/td>\r\n  <\/tr>\r\n  <tr>\r\n    <th style=\"background-color: #f9f9f9; border: 1px solid lightgray; padding-left: 15px;\">Peso por caja (kg)<\/th>\r\n    <td style=\"border: 1px solid lightgray;\">14.5<\/td>\r\n  <\/tr>\r\n  <tr>\r\n    <th style=\"background-color: #f9f9f9; border: 1px solid lightgray; padding-left: 15px;\">Longitud de la caja (cm)<\/th>\r\n    <td style=\"border: 1px solid lightgray;\">39.5<\/td>\r\n  <\/tr>\r\n  <tr>\r\n    <th style=\"background-color: #f9f9f9; border: 1px solid lightgray; padding-left: 15px;\">Anchura de la caja (cm)<\/th>\r\n    <td style=\"border: 1px solid lightgray;\">39<\/td>\r\n  <\/tr>\r\n  <tr>\r\n    <th style=\"background-color: #f9f9f9; border: 1px solid lightgray; padding-left: 15px;\">Altura de la caja (cm)<\/th>\r\n    <td style=\"border: 1px solid lightgray;\">28<\/td>\r\n  <\/tr>\r\n<\/table>\r\n\t\t\t\t<\/div>\n\t\t\t\t<\/div>\n\t\t\t\t<\/div>\n\t\t<div id=\"e-n-tab-content-1277721713\" role=\"tabpanel\" aria-labelledby=\"e-n-tab-title-1277721713\" data-tab-index=\"3\" style=\"--n-tabs-title-order: 3;\" class=\"elementor-element elementor-element-8cdbbd7 e-con-full e-flex e-con e-child\" data-id=\"8cdbbd7\" data-element_type=\"container\" data-e-type=\"container\">\n\t\t\t\t<div class=\"elementor-element elementor-element-56f3909 etheme-elementor-widget-loaded elementor-widget elementor-widget-html\" data-id=\"56f3909\" data-element_type=\"widget\" data-e-type=\"widget\" data-widget_type=\"html.default\">\n\t\t\t\t<div class=\"elementor-widget-container\">\n\t\t\t\t\t<!-- \u8868\u683c -->\r\n<table border=\"1\" cellpadding=\"5\" style=\"border-collapse: collapse; width: 100%;\"> \r\n  <tr>\r\n    <th style=\"width: 33%; background-color: #f9f9f9; border: 1px solid lightgray; padding-left: 15px;\">Manual de instrucciones<\/th>\r\n    <td style=\"width: 67%; text-align: left; border: 1px solid lightgray;\">\r\n      PDF \r\n      <a href=\"https:\/\/refcenter.us\/wp-content\/uploads\/2025\/07\/Mute-Wedge-Technical-Manual.pdf\" target=\"_blank\" style=\"margin-left: 20px;\">\r\n        <i class=\"fas fa-download\"><\/i> <!-- \u56fe\u6807 -->\r\n        <!-- \u6216\uff1a\ud83d\udce5 -->\r\n      <\/a>\r\n    <\/td>\r\n  <\/tr>\r\n<\/table>\t\t\t\t<\/div>\n\t\t\t\t<\/div>\n\t\t\t\t<\/div>\n\t\t<div id=\"e-n-tab-content-1277721714\" role=\"tabpanel\" aria-labelledby=\"e-n-tab-title-1277721714\" data-tab-index=\"4\" style=\"--n-tabs-title-order: 4;\" class=\"elementor-element elementor-element-318f51d e-con-full e-flex e-con e-child\" data-id=\"318f51d\" data-element_type=\"container\" data-e-type=\"container\">\n\t\t\t\t<div class=\"elementor-element elementor-element-e0f4130 elementor-widget elementor-widget-text-editor\" data-id=\"e0f4130\" data-element_type=\"widget\" data-e-type=\"widget\" data-widget_type=\"text-editor.default\">\n\t\t\t\t<div class=\"elementor-widget-container\">\n\t\t\t\t\t\t\t\t\t<ul><li data-start=\"21\" data-end=\"45\"><p data-start=\"23\" data-end=\"45\">Cu\u00f1a de sordina montada<\/p><\/li><li data-start=\"46\" data-end=\"69\"><p data-start=\"48\" data-end=\"69\">Manual de instalaci\u00f3n<\/p><\/li><li data-start=\"70\" data-end=\"85\"><p data-start=\"72\" data-end=\"85\">V\u00e1lvula de retenci\u00f3n<\/p><\/li><li data-start=\"86\" data-end=\"101\"><p data-start=\"88\" data-end=\"101\">Cable de alimentaci\u00f3n<\/p><\/li><\/ul>\t\t\t\t\t\t\t\t<\/div>\n\t\t\t\t<\/div>\n\t\t\t\t<\/div>\n\t\t<div id=\"e-n-tab-content-1277721715\" role=\"tabpanel\" aria-labelledby=\"e-n-tab-title-1277721715\" data-tab-index=\"5\" style=\"--n-tabs-title-order: 5;\" class=\"elementor-element elementor-element-10ce8f8 e-con-full e-flex e-con e-child\" data-id=\"10ce8f8\" data-element_type=\"container\" data-e-type=\"container\">\n\t\t\t\t<div class=\"elementor-element elementor-element-6a51052 elementor-widget elementor-widget-n-accordion\" data-id=\"6a51052\" data-element_type=\"widget\" data-e-type=\"widget\" data-settings=\"{&quot;default_state&quot;:&quot;expanded&quot;,&quot;max_items_expended&quot;:&quot;one&quot;,&quot;n_accordion_animation_duration&quot;:{&quot;unit&quot;:&quot;ms&quot;,&quot;size&quot;:400,&quot;sizes&quot;:[]}}\" data-widget_type=\"nested-accordion.default\">\n\t\t\t\t<div class=\"elementor-widget-container\">\n\t\t\t\t\t\t\t<div class=\"e-n-accordion\" aria-label=\"Acorde\u00f3n. Abra los enlaces con Intro o Espacio, ci\u00e9rrelos con Escape y navegue con las teclas de flecha.\">\n\t\t\t\t\t\t<details id=\"e-n-accordion-item-1110\" class=\"e-n-accordion-item\" open>\n\t\t\t\t<summary class=\"e-n-accordion-item-title\" data-accordion-index=\"1\" tabindex=\"0\" aria-expanded=\"true\" aria-controls=\"e-n-accordion-item-1110\" >\n\t\t\t\t\t<span class='e-n-accordion-item-title-header'><div class=\"e-n-accordion-item-title-text\"> \u00bfCon qu\u00e9 tipos de sistemas HVAC son compatibles las bombas de condensados Refcenter? <\/div><\/span>\n\t\t\t\t\t\t\t<span class='e-n-accordion-item-title-icon'>\n\t\t\t<span class='e-opened' ><svg aria-hidden=\"true\" class=\"e-font-icon-svg e-fas-minus\" viewbox=\"0 0 448 512\" xmlns=\"http:\/\/www.w3.org\/2000\/svg\"><path d=\"M416 208H32c-17.67 0-32 14.33-32 32v32c0 17.67 14.33 32 32 32h384c17.67 0 32-14.33 32-32v-32c0-17.67-14.33-32-32-32z\"><\/path><\/svg><\/span>\n\t\t\t<span class='e-closed'><svg aria-hidden=\"true\" class=\"e-font-icon-svg e-fas-plus\" viewbox=\"0 0 448 512\" xmlns=\"http:\/\/www.w3.org\/2000\/svg\"><path d=\"M416 208H272V64c0-17.67-14.33-32-32-32h-32c-17.67 0-32 14.33-32 32v144H32c-17.67 0-32 14.33-32 32v32c0 17.67 14.33 32 32 32h144v144c0 17.67 14.33 32 32 32h32c17.67 0 32-14.33 32-32V304h144c17.67 0 32-14.33 32-32v-32c0-17.67-14.33-32-32-32z\"><\/path><\/svg><\/span>\n\t\t<\/span>\n\n\t\t\t\t\t\t<\/summary>\n\t\t\t\t<div role=\"region\" aria-labelledby=\"e-n-accordion-item-1110\" class=\"elementor-element elementor-element-e7e31a7 e-con-full e-flex e-con e-child\" data-id=\"e7e31a7\" data-element_type=\"container\" data-e-type=\"container\">\n\t\t\t\t<div class=\"elementor-element elementor-element-655ecdd elementor-widget elementor-widget-text-editor\" data-id=\"655ecdd\" data-element_type=\"widget\" data-e-type=\"widget\" data-widget_type=\"text-editor.default\">\n\t\t\t\t<div class=\"elementor-widget-container\">\n\t\t\t\t\t\t\t\t\tLas bombas de condensados Refcenter est\u00e1n dise\u00f1adas para funcionar con una amplia gama de equipos de climatizaci\u00f3n, incluyendo sistemas mini-split sin conductos, aires acondicionados centrales, deshumidificadores y unidades de refrigeraci\u00f3n. Ofrecemos m\u00faltiples modelos para adaptarse a diferentes entornos de instalaci\u00f3n y necesidades de capacidad.\t\t\t\t\t\t\t\t<\/div>\n\t\t\t\t<\/div>\n\t\t\t\t<\/div>\n\t\t\t\t\t<\/details>\n\t\t\t\t\t\t<details id=\"e-n-accordion-item-1111\" class=\"e-n-accordion-item\" >\n\t\t\t\t<summary class=\"e-n-accordion-item-title\" data-accordion-index=\"2\" tabindex=\"-1\" aria-expanded=\"false\" aria-controls=\"e-n-accordion-item-1111\" >\n\t\t\t\t\t<span class='e-n-accordion-item-title-header'><div class=\"e-n-accordion-item-title-text\"> \u00bfLas bombas Refcenter vienen con caracter\u00edsticas de seguridad incorporadas? <\/div><\/span>\n\t\t\t\t\t\t\t<span class='e-n-accordion-item-title-icon'>\n\t\t\t<span class='e-opened' ><svg aria-hidden=\"true\" class=\"e-font-icon-svg e-fas-minus\" viewbox=\"0 0 448 512\" xmlns=\"http:\/\/www.w3.org\/2000\/svg\"><path d=\"M416 208H32c-17.67 0-32 14.33-32 32v32c0 17.67 14.33 32 32 32h384c17.67 0 32-14.33 32-32v-32c0-17.67-14.33-32-32-32z\"><\/path><\/svg><\/span>\n\t\t\t<span class='e-closed'><svg aria-hidden=\"true\" class=\"e-font-icon-svg e-fas-plus\" viewbox=\"0 0 448 512\" xmlns=\"http:\/\/www.w3.org\/2000\/svg\"><path d=\"M416 208H272V64c0-17.67-14.33-32-32-32h-32c-17.67 0-32 14.33-32 32v144H32c-17.67 0-32 14.33-32 32v32c0 17.67 14.33 32 32 32h144v144c0 17.67 14.33 32 32 32h32c17.67 0 32-14.33 32-32V304h144c17.67 0 32-14.33 32-32v-32c0-17.67-14.33-32-32-32z\"><\/path><\/svg><\/span>\n\t\t<\/span>\n\n\t\t\t\t\t\t<\/summary>\n\t\t\t\t<div role=\"region\" aria-labelledby=\"e-n-accordion-item-1111\" class=\"elementor-element elementor-element-1e3dbf3 e-con-full e-flex e-con e-child\" data-id=\"1e3dbf3\" data-element_type=\"container\" data-e-type=\"container\">\n\t\t\t\t<div class=\"elementor-element elementor-element-21fe12b elementor-widget elementor-widget-text-editor\" data-id=\"21fe12b\" data-element_type=\"widget\" data-e-type=\"widget\" data-widget_type=\"text-editor.default\">\n\t\t\t\t<div class=\"elementor-widget-container\">\n\t\t\t\t\t\t\t\t\tS\u00ed. Todas las bombas de condensado Refcenter incluyen funciones de seguridad integradas, como salidas de alarma de alto nivel y mecanismos de interruptor de flotador para evitar el desbordamiento. Algunos modelos tambi\u00e9n ofrecen dise\u00f1os de doble flotador o sensor Hall para una mayor fiabilidad.\t\t\t\t\t\t\t\t<\/div>\n\t\t\t\t<\/div>\n\t\t\t\t<\/div>\n\t\t\t\t\t<\/details>\n\t\t\t\t\t\t<details id=\"e-n-accordion-item-1112\" class=\"e-n-accordion-item\" >\n\t\t\t\t<summary class=\"e-n-accordion-item-title\" data-accordion-index=\"3\" tabindex=\"-1\" aria-expanded=\"false\" aria-controls=\"e-n-accordion-item-1112\" >\n\t\t\t\t\t<span class='e-n-accordion-item-title-header'><div class=\"e-n-accordion-item-title-text\"> \u00bfC\u00f3mo puedo mantener o reparar la bomba de condensados Refcenter? <\/div><\/span>\n\t\t\t\t\t\t\t<span class='e-n-accordion-item-title-icon'>\n\t\t\t<span class='e-opened' ><svg aria-hidden=\"true\" class=\"e-font-icon-svg e-fas-minus\" viewbox=\"0 0 448 512\" xmlns=\"http:\/\/www.w3.org\/2000\/svg\"><path d=\"M416 208H32c-17.67 0-32 14.33-32 32v32c0 17.67 14.33 32 32 32h384c17.67 0 32-14.33 32-32v-32c0-17.67-14.33-32-32-32z\"><\/path><\/svg><\/span>\n\t\t\t<span class='e-closed'><svg aria-hidden=\"true\" class=\"e-font-icon-svg e-fas-plus\" viewbox=\"0 0 448 512\" xmlns=\"http:\/\/www.w3.org\/2000\/svg\"><path d=\"M416 208H272V64c0-17.67-14.33-32-32-32h-32c-17.67 0-32 14.33-32 32v144H32c-17.67 0-32 14.33-32 32v32c0 17.67 14.33 32 32 32h144v144c0 17.67 14.33 32 32 32h32c17.67 0 32-14.33 32-32V304h144c17.67 0 32-14.33 32-32v-32c0-17.67-14.33-32-32-32z\"><\/path><\/svg><\/span>\n\t\t<\/span>\n\n\t\t\t\t\t\t<\/summary>\n\t\t\t\t<div role=\"region\" aria-labelledby=\"e-n-accordion-item-1112\" class=\"elementor-element elementor-element-88af1d6 e-con-full e-flex e-con e-child\" data-id=\"88af1d6\" data-element_type=\"container\" data-e-type=\"container\">\n\t\t\t\t<div class=\"elementor-element elementor-element-8bf85e4 elementor-widget elementor-widget-text-editor\" data-id=\"8bf85e4\" data-element_type=\"widget\" data-e-type=\"widget\" data-widget_type=\"text-editor.default\">\n\t\t\t\t<div class=\"elementor-widget-container\">\n\t\t\t\t\t\t\t\t\tLas bombas Refcenter est\u00e1n dise\u00f1adas para un funcionamiento de bajo mantenimiento, pero recomendamos comprobar si hay residuos en el dep\u00f3sito y limpiar la bomba anualmente para garantizar un rendimiento \u00f3ptimo. Con cada unidad se incluyen manuales de instalaci\u00f3n y mantenimiento, y se dispone de asistencia t\u00e9cnica en caso necesario.\t\t\t\t\t\t\t\t<\/div>\n\t\t\t\t<\/div>\n\t\t\t\t<\/div>\n\t\t\t\t\t<\/details>\n\t\t\t\t\t<\/div>\n\t\t\t\t\t\t<\/div>\n\t\t\t\t<\/div>\n\t\t\t\t<\/div>\n\t\t\t\t\t<\/div>\n\t\t<\/div>\n\t\t\t\t\t\t<\/div>\n\t\t\t\t<\/div>\n\t\t\t\t\t<\/div>\n\t\t<\/div>\n\t\t\t\t\t<\/div>\n\t\t<\/section>\n\t\t\t\t<\/div>","protected":false},"excerpt":{"rendered":"<p>El dise\u00f1o elegante y compacto de las bombas de la serie Mute las hace ideales para su integraci\u00f3n con sistemas de climatizaci\u00f3n por conductos y minisplit. La serie Mute, que funciona mediante un mecanismo de interruptor de flotador, ofrece un rendimiento excepcional en la eliminaci\u00f3n de condensados al tiempo que mantiene un funcionamiento silencioso, lo que garantiza un confort ambiental \u00f3ptimo.<\/p>\n<p>&nbsp;<\/p>","protected":false},"featured_media":2196,"comment_status":"open","ping_status":"closed","template":"","meta":[],"etheme_brands":[],"product_brand":[],"product_cat":[30,48],"product_tag":[],"class_list":{"0":"post-2193","1":"product","2":"type-product","3":"status-publish","4":"has-post-thumbnail","6":"product_cat-condensate-pumps","7":"product_cat-mute","9":"first","10":"instock","11":"shipping-taxable","12":"product-type-simple"},"_links":{"self":[{"href":"https:\/\/refcenter.us\/es\/wp-json\/wp\/v2\/product\/2193","targetHints":{"allow":["GET"]}}],"collection":[{"href":"https:\/\/refcenter.us\/es\/wp-json\/wp\/v2\/product"}],"about":[{"href":"https:\/\/refcenter.us\/es\/wp-json\/wp\/v2\/types\/product"}],"replies":[{"embeddable":true,"href":"https:\/\/refcenter.us\/es\/wp-json\/wp\/v2\/comments?post=2193"}],"version-history":[{"count":14,"href":"https:\/\/refcenter.us\/es\/wp-json\/wp\/v2\/product\/2193\/revisions"}],"predecessor-version":[{"id":3067,"href":"https:\/\/refcenter.us\/es\/wp-json\/wp\/v2\/product\/2193\/revisions\/3067"}],"wp:featuredmedia":[{"embeddable":true,"href":"https:\/\/refcenter.us\/es\/wp-json\/wp\/v2\/media\/2196"}],"wp:attachment":[{"href":"https:\/\/refcenter.us\/es\/wp-json\/wp\/v2\/media?parent=2193"}],"wp:term":[{"taxonomy":"brand","embeddable":true,"href":"https:\/\/refcenter.us\/es\/wp-json\/wp\/v2\/etheme_brands?post=2193"},{"taxonomy":"product_brand","embeddable":true,"href":"https:\/\/refcenter.us\/es\/wp-json\/wp\/v2\/product_brand?post=2193"},{"taxonomy":"product_cat","embeddable":true,"href":"https:\/\/refcenter.us\/es\/wp-json\/wp\/v2\/product_cat?post=2193"},{"taxonomy":"product_tag","embeddable":true,"href":"https:\/\/refcenter.us\/es\/wp-json\/wp\/v2\/product_tag?post=2193"}],"curies":[{"name":"wp","href":"https:\/\/api.w.org\/{rel}","templated":true}]}}