{"id":2171,"date":"2025-06-08T08:46:42","date_gmt":"2025-06-08T08:46:42","guid":{"rendered":"https:\/\/darkturquoise-dog-267182.hostingersite.com\/?post_type=product&#038;p=2171"},"modified":"2025-11-11T06:17:07","modified_gmt":"2025-11-11T06:17:07","slug":"tranquillite-d","status":"publish","type":"product","link":"https:\/\/refcenter.us\/fr\/produit\/tranquillite-d\/","title":{"rendered":"Tranquille-D"},"content":{"rendered":"<div data-elementor-type=\"wp-post\" data-elementor-id=\"2171\" class=\"elementor elementor-2171\" data-elementor-settings=\"{&quot;element_pack_global_tooltip_width&quot;:{&quot;unit&quot;:&quot;px&quot;,&quot;size&quot;:&quot;&quot;,&quot;sizes&quot;:[]},&quot;element_pack_global_tooltip_width_tablet&quot;:{&quot;unit&quot;:&quot;px&quot;,&quot;size&quot;:&quot;&quot;,&quot;sizes&quot;:[]},&quot;element_pack_global_tooltip_width_mobile&quot;:{&quot;unit&quot;:&quot;px&quot;,&quot;size&quot;:&quot;&quot;,&quot;sizes&quot;:[]},&quot;element_pack_global_tooltip_padding&quot;:{&quot;unit&quot;:&quot;px&quot;,&quot;top&quot;:&quot;&quot;,&quot;right&quot;:&quot;&quot;,&quot;bottom&quot;:&quot;&quot;,&quot;left&quot;:&quot;&quot;,&quot;isLinked&quot;:true},&quot;element_pack_global_tooltip_padding_tablet&quot;:{&quot;unit&quot;:&quot;px&quot;,&quot;top&quot;:&quot;&quot;,&quot;right&quot;:&quot;&quot;,&quot;bottom&quot;:&quot;&quot;,&quot;left&quot;:&quot;&quot;,&quot;isLinked&quot;:true},&quot;element_pack_global_tooltip_padding_mobile&quot;:{&quot;unit&quot;:&quot;px&quot;,&quot;top&quot;:&quot;&quot;,&quot;right&quot;:&quot;&quot;,&quot;bottom&quot;:&quot;&quot;,&quot;left&quot;:&quot;&quot;,&quot;isLinked&quot;:true},&quot;element_pack_global_tooltip_border_radius&quot;:{&quot;unit&quot;:&quot;px&quot;,&quot;top&quot;:&quot;&quot;,&quot;right&quot;:&quot;&quot;,&quot;bottom&quot;:&quot;&quot;,&quot;left&quot;:&quot;&quot;,&quot;isLinked&quot;:true},&quot;element_pack_global_tooltip_border_radius_tablet&quot;:{&quot;unit&quot;:&quot;px&quot;,&quot;top&quot;:&quot;&quot;,&quot;right&quot;:&quot;&quot;,&quot;bottom&quot;:&quot;&quot;,&quot;left&quot;:&quot;&quot;,&quot;isLinked&quot;:true},&quot;element_pack_global_tooltip_border_radius_mobile&quot;:{&quot;unit&quot;:&quot;px&quot;,&quot;top&quot;:&quot;&quot;,&quot;right&quot;:&quot;&quot;,&quot;bottom&quot;:&quot;&quot;,&quot;left&quot;:&quot;&quot;,&quot;isLinked&quot;:true}}\" data-elementor-post-type=\"product\">\n\t\t\t\t\t\t<section class=\"elementor-section elementor-top-section elementor-element elementor-element-b5bc1c9 elementor-section-boxed elementor-section-height-default elementor-section-height-default\" data-id=\"b5bc1c9\" data-element_type=\"section\" data-e-type=\"section\">\n\t\t\t\t\t\t<div class=\"elementor-container elementor-column-gap-no\">\n\t\t\t\t\t<div class=\"elementor-column elementor-col-100 elementor-top-column elementor-element elementor-element-b30cfcf\" data-id=\"b30cfcf\" data-element_type=\"column\" data-e-type=\"column\">\n\t\t\t<div class=\"elementor-widget-wrap elementor-element-populated\">\n\t\t\t\t\t\t<div class=\"elementor-element elementor-element-7660cae elementor-widget elementor-widget-heading\" data-id=\"7660cae\" data-element_type=\"widget\" data-e-type=\"widget\" data-widget_type=\"heading.default\">\n\t\t\t\t<div class=\"elementor-widget-container\">\n\t\t\t\t\t<h2 class=\"elementor-heading-title elementor-size-default\">Description du produit<\/h2>\t\t\t\t<\/div>\n\t\t\t\t<\/div>\n\t\t\t\t<div class=\"elementor-element elementor-element-f0dc3a6 elementor-widget elementor-widget-text-editor\" data-id=\"f0dc3a6\" data-element_type=\"widget\" data-e-type=\"widget\" data-widget_type=\"text-editor.default\">\n\t\t\t\t<div class=\"elementor-widget-container\">\n\t\t\t\t\t\t\t\t\t<p>Le Tranquil-D est dot\u00e9 d'un capteur capacitif pour la d\u00e9tection de l'eau, ce qui am\u00e9liore la fiabilit\u00e9 par rapport aux interrupteurs \u00e0 flotteur traditionnels. Son mode de d\u00e9marrage progressif minimise les bruits de d\u00e9marrage et prolonge la dur\u00e9e de vie de la pompe et des composants \u00e9lectroniques. La conception enti\u00e8rement \u00e9tanche avec un degr\u00e9 de protection IP68 permet au Tranquil-D d'\u00eatre immerg\u00e9 dans les bacs \u00e0 condensats, avec une capacit\u00e9 de pompage \u00e9lev\u00e9e.<\/p><p>- Capteur capacitif<br \/>- D\u00e9bit variable<br \/>- LED de diagnostic<br \/>- Submersible dans les bacs \u00e0 condensats<br \/>- Suivi des op\u00e9rations int\u00e9gr\u00e9<br \/>- Fonctionnement ultra-silencieux<br \/>- Jusqu'\u00e0 46 kw \/ 157 000 Btu\/h<\/p>\t\t\t\t\t\t\t\t<\/div>\n\t\t\t\t<\/div>\n\t\t\t\t<div class=\"elementor-element elementor-element-576f49a e-n-tabs-mobile elementor-widget elementor-widget-n-tabs\" data-id=\"576f49a\" data-element_type=\"widget\" data-e-type=\"widget\" data-settings=\"{&quot;tabs_justify_horizontal&quot;:&quot;stretch&quot;,&quot;horizontal_scroll&quot;:&quot;disable&quot;}\" data-widget_type=\"nested-tabs.default\">\n\t\t\t\t<div class=\"elementor-widget-container\">\n\t\t\t\t\t\t\t<div class=\"e-n-tabs\" data-widget-number=\"91681946\" aria-label=\"Onglets. Ouvrez des \u00e9l\u00e9ments avec Entrer ou Espace, fermez-les avec Echape et naviguez \u00e0 l&#039;aide des touches fl\u00e9ch\u00e9es.\" data-no-translation-aria-label=\"\">\n\t\t\t<div class=\"e-n-tabs-heading\" role=\"tablist\">\n\t\t\t\t\t<button id=\"e-n-tab-title-916819461\" data-tab-title-id=\"e-n-tab-title-916819461\" class=\"e-n-tab-title\" aria-selected=\"true\" data-tab-index=\"1\" role=\"tab\" tabindex=\"0\" aria-controls=\"e-n-tab-content-916819461\" style=\"--n-tabs-title-order: 1;\">\n\t\t\t\t\t\t<span class=\"e-n-tab-title-text\">\n\t\t\t\tSp\u00e9cifications techniques\t\t\t<\/span>\n\t\t<\/button>\n\t\t\t\t<button id=\"e-n-tab-title-916819462\" data-tab-title-id=\"e-n-tab-title-916819462\" class=\"e-n-tab-title\" aria-selected=\"false\" data-tab-index=\"2\" role=\"tab\" tabindex=\"-1\" aria-controls=\"e-n-tab-content-916819462\" style=\"--n-tabs-title-order: 2;\">\n\t\t\t\t\t\t<span class=\"e-n-tab-title-text\">\n\t\t\t\tLogistique\t\t\t<\/span>\n\t\t<\/button>\n\t\t\t\t<button id=\"e-n-tab-title-916819463\" data-tab-title-id=\"e-n-tab-title-916819463\" class=\"e-n-tab-title\" aria-selected=\"false\" data-tab-index=\"3\" role=\"tab\" tabindex=\"-1\" aria-controls=\"e-n-tab-content-916819463\" style=\"--n-tabs-title-order: 3;\">\n\t\t\t\t\t\t<span class=\"e-n-tab-title-text\">\n\t\t\t\tRessources\t\t\t<\/span>\n\t\t<\/button>\n\t\t\t\t<button id=\"e-n-tab-title-916819464\" data-tab-title-id=\"e-n-tab-title-916819464\" class=\"e-n-tab-title\" aria-selected=\"false\" data-tab-index=\"4\" role=\"tab\" tabindex=\"-1\" aria-controls=\"e-n-tab-content-916819464\" style=\"--n-tabs-title-order: 4;\">\n\t\t\t\t\t\t<span class=\"e-n-tab-title-text\">\n\t\t\t\tAccessoires\t\t\t<\/span>\n\t\t<\/button>\n\t\t\t\t<button id=\"e-n-tab-title-916819465\" data-tab-title-id=\"e-n-tab-title-916819465\" class=\"e-n-tab-title\" aria-selected=\"false\" data-tab-index=\"5\" role=\"tab\" tabindex=\"-1\" aria-controls=\"e-n-tab-content-916819465\" style=\"--n-tabs-title-order: 5;\">\n\t\t\t\t\t\t<span class=\"e-n-tab-title-text\">\n\t\t\t\tFAQ\t\t\t<\/span>\n\t\t<\/button>\n\t\t\t\t\t<\/div>\n\t\t\t<div class=\"e-n-tabs-content\">\n\t\t\t\t<div id=\"e-n-tab-content-916819461\" role=\"tabpanel\" aria-labelledby=\"e-n-tab-title-916819461\" data-tab-index=\"1\" style=\"--n-tabs-title-order: 1;\" class=\"e-active elementor-element elementor-element-e039dc8 e-con-full e-flex e-con e-child\" data-id=\"e039dc8\" data-element_type=\"container\" data-e-type=\"container\" data-settings=\"{&quot;background_background&quot;:&quot;classic&quot;}\">\n\t\t\t\t<div class=\"elementor-element elementor-element-bb66dc1 etheme-elementor-widget-loaded elementor-widget elementor-widget-html\" data-id=\"bb66dc1\" data-element_type=\"widget\" data-e-type=\"widget\" data-widget_type=\"html.default\">\n\t\t\t\t<div class=\"elementor-widget-container\">\n\t\t\t\t\t<table border=\"1\" cellpadding=\"5\" style=\"border-collapse: collapse; width: 100%;\">\r\n  <tr>\r\n    <th style=\"width: 33%; background-color: #f9f9f9; border: 1px solid lightgray; padding-left: 15px;\">Alimentation \u00e9lectrique<\/th>\r\n    <td style=\"width: 67%; text-align: left; border: 1px solid lightgray;\">100-240V AC 50\/60Hz &lt;4W<\/td>\r\n  <\/tr>\r\n  <tr>\r\n    <th style=\"background-color: #f9f9f9; border: 1px solid lightgray; padding-left: 15px;\">D\u00e9bit maximal<\/th>\r\n    <td style=\"text-align: left; border: 1px solid lightgray;\">40 L\/h (10,6 GPH), plage de 20-40 L\/H (5,3-10,6 GPH)<\/td>\r\n  <\/tr>\r\n  <tr>\r\n    <th style=\"background-color: #f9f9f9; border: 1px solid lightgray; padding-left: 15px;\">Niveau sonore<\/th>\r\n    <td style=\"text-align: left; border: 1px solid lightgray;\">&lt;19 dB(A) @1M (3,3 ft)<\/td>\r\n  <\/tr>\r\n  <tr>\r\n    <th style=\"background-color: #f9f9f9; border: 1px solid lightgray; padding-left: 15px;\">Hauteur de refoulement max.<\/th>\r\n    <td style=\"text-align: left; border: 1px solid lightgray;\">20 M (65,6 ft)<\/td>\r\n  <\/tr>\r\n  <tr>\r\n    <th style=\"background-color: #f9f9f9; border: 1px solid lightgray; padding-left: 15px;\">Hauteur d'aspiration maximale<\/th>\r\n    <td style=\"text-align: left; border: 1px solid lightgray;\">2 M (6,6 ft)<\/td>\r\n  <\/tr>\r\n  <tr>\r\n    <th style=\"background-color: #f9f9f9; border: 1px solid lightgray; padding-left: 15px;\">Rendement unitaire maximal<\/th>\r\n    <td style=\"text-align: left; border: 1px solid lightgray;\">46 kW \/ 157 000 Btu\/h<\/td>\r\n  <\/tr>\r\n  <tr>\r\n    <th style=\"background-color: #f9f9f9; border: 1px solid lightgray; padding-left: 15px;\">Interrupteur de s\u00e9curit\u00e9<\/th>\r\n    <td style=\"text-align: left; border: 1px solid lightgray;\">3A Normalement ferm\u00e9<\/td>\r\n  <\/tr>\r\n  <tr>\r\n    <th style=\"background-color: #f9f9f9; border: 1px solid lightgray; padding-left: 15px;\">Temp\u00e9rature maximale de l'eau<\/th>\r\n    <td style=\"text-align: left; border: 1px solid lightgray;\">40\u00b0C<\/td>\r\n  <\/tr>\r\n  <tr>\r\n    <th style=\"background-color: #f9f9f9; border: 1px solid lightgray; padding-left: 15px;\">Tube d'\u00e9vacuation<\/th>\r\n    <td style=\"text-align: left; border: 1px solid lightgray;\">6 mm ID<\/td>\r\n  <\/tr>\r\n  <tr>\r\n    <th style=\"background-color: #f9f9f9; border: 1px solid lightgray; padding-left: 15px;\">Classe<\/th>\r\n    <td style=\"text-align: left; border: 1px solid lightgray;\">Appareil II<\/td>\r\n  <\/tr>\r\n  <tr>\r\n    <th style=\"background-color: #f9f9f9; border: 1px solid lightgray; padding-left: 15px;\">Protection de l'environnement<\/th>\r\n    <td style=\"text-align: left; border: 1px solid lightgray;\">IP68<\/td>\r\n  <\/tr>\r\n  <tr>\r\n    <th style=\"background-color: #f9f9f9; border: 1px solid lightgray; padding-left: 15px;\">L\u00d7L\u00d7H<\/th>\r\n    <td style=\"text-align: left; border: 1px solid lightgray;\">176 mm \u00d7 34 mm \u00d7 41 mm<\/td>\r\n  <\/tr>\r\n<\/table>\r\n\t\t\t\t<\/div>\n\t\t\t\t<\/div>\n\t\t\t\t<\/div>\n\t\t<div id=\"e-n-tab-content-916819462\" role=\"tabpanel\" aria-labelledby=\"e-n-tab-title-916819462\" data-tab-index=\"2\" style=\"--n-tabs-title-order: 2;\" class=\"elementor-element elementor-element-c0895d3 e-con-full e-flex e-con e-child\" data-id=\"c0895d3\" data-element_type=\"container\" data-e-type=\"container\">\n\t\t\t\t<div class=\"elementor-element elementor-element-27d4e0c etheme-elementor-widget-loaded elementor-widget elementor-widget-html\" data-id=\"27d4e0c\" data-element_type=\"widget\" data-e-type=\"widget\" data-widget_type=\"html.default\">\n\t\t\t\t<div class=\"elementor-widget-container\">\n\t\t\t\t\t<table border=\"1\" cellpadding=\"5\" style=\"border-collapse: collapse; width: 100%;\">\r\n  <tr>\r\n    <th style=\"width: 33%; background-color: #f9f9f9; border: 1px solid lightgray; padding-left: 15px;\">Logistique<\/th>\r\n    <td style=\"border: 1px solid lightgray;\">Tranquille-D<\/td>\r\n  <\/tr>\r\n  <tr>\r\n    <th style=\"background-color: #f9f9f9; border: 1px solid lightgray; padding-left: 15px;\">Pcs par carton<\/th>\r\n    <td style=\"border: 1px solid lightgray;\">20<\/td>\r\n  <\/tr>\r\n  <tr>\r\n    <th style=\"background-color: #f9f9f9; border: 1px solid lightgray; padding-left: 15px;\">Poids par carton (kg)<\/th>\r\n    <td style=\"border: 1px solid lightgray;\">12.2<\/td>\r\n  <\/tr>\r\n  <tr>\r\n    <th style=\"background-color: #f9f9f9; border: 1px solid lightgray; padding-left: 15px;\">Longueur du carton (cm)<\/th>\r\n    <td style=\"border: 1px solid lightgray;\">44<\/td>\r\n  <\/tr>\r\n  <tr>\r\n    <th style=\"background-color: #f9f9f9; border: 1px solid lightgray; padding-left: 15px;\">Largeur du carton (cm)<\/th>\r\n    <td style=\"border: 1px solid lightgray;\">28<\/td>\r\n  <\/tr>\r\n  <tr>\r\n    <th style=\"background-color: #f9f9f9; border: 1px solid lightgray; padding-left: 15px;\">Hauteur du carton (cm)<\/th>\r\n    <td style=\"border: 1px solid lightgray;\">36<\/td>\r\n  <\/tr>\r\n<\/table>\r\n\t\t\t\t<\/div>\n\t\t\t\t<\/div>\n\t\t\t\t<\/div>\n\t\t<div id=\"e-n-tab-content-916819463\" role=\"tabpanel\" aria-labelledby=\"e-n-tab-title-916819463\" data-tab-index=\"3\" style=\"--n-tabs-title-order: 3;\" class=\"elementor-element elementor-element-99874fc e-con-full e-flex e-con e-child\" data-id=\"99874fc\" data-element_type=\"container\" data-e-type=\"container\">\n\t\t\t\t<div class=\"elementor-element elementor-element-4a86c02 etheme-elementor-widget-loaded elementor-widget elementor-widget-html\" data-id=\"4a86c02\" data-element_type=\"widget\" data-e-type=\"widget\" data-widget_type=\"html.default\">\n\t\t\t\t<div class=\"elementor-widget-container\">\n\t\t\t\t\t<!-- \u8868\u683c -->\r\n<table border=\"1\" cellpadding=\"5\" style=\"border-collapse: collapse; width: 100%;\"> \r\n  <tr>\r\n    <th style=\"width: 33%; background-color: #f9f9f9; border: 1px solid lightgray; padding-left: 15px;\">Manuel d'instruction<\/th>\r\n    <td style=\"width: 67%; text-align: left; border: 1px solid lightgray;\">\r\n      PDF (EN ANGLAIS) \r\n      <a href=\"https:\/\/refcenter.us\/wp-content\/uploads\/2025\/07\/Tranquil-D-Technical-Manual.pdf\" target=\"_blank\" style=\"margin-left: 20px;\">\r\n        <i class=\"fas fa-download\"><\/i> <!-- \u56fe\u6807 -->\r\n        <!-- \u6216\uff1a\ud83d\udce5 -->\r\n      <\/a>\r\n    <\/td>\r\n  <\/tr>\r\n<\/table>\t\t\t\t<\/div>\n\t\t\t\t<\/div>\n\t\t\t\t<\/div>\n\t\t<div id=\"e-n-tab-content-916819464\" role=\"tabpanel\" aria-labelledby=\"e-n-tab-title-916819464\" data-tab-index=\"4\" style=\"--n-tabs-title-order: 4;\" class=\"elementor-element elementor-element-77126f4 e-con-full e-flex e-con e-child\" data-id=\"77126f4\" data-element_type=\"container\" data-e-type=\"container\">\n\t\t\t\t<div class=\"elementor-element elementor-element-a645653 elementor-widget elementor-widget-text-editor\" data-id=\"a645653\" data-element_type=\"widget\" data-e-type=\"widget\" data-widget_type=\"text-editor.default\">\n\t\t\t\t<div class=\"elementor-widget-container\">\n\t\t\t\t\t\t\t\t\t<ul><li data-start=\"20\" data-end=\"44\"><p data-start=\"22\" data-end=\"44\">Assembl\u00e9 Tranquil-D<\/p><\/li><li data-start=\"45\" data-end=\"85\"><p data-start=\"47\" data-end=\"85\">150 cm de longueur de tube en vinyle de 6 mm de diam\u00e8tre int\u00e9rieur<\/p><\/li><li data-start=\"86\" data-end=\"104\"><p data-start=\"88\" data-end=\"104\">Connecteur<\/p><\/li><li data-start=\"105\" data-end=\"120\"><p data-start=\"107\" data-end=\"120\">C\u00e2ble d'alimentation<\/p><\/li><li data-start=\"121\" data-end=\"132\"><p data-start=\"123\" data-end=\"132\">Fusible 1A<\/p><\/li><li data-start=\"133\" data-end=\"154\"><p data-start=\"135\" data-end=\"154\">Soupape anti-siphon<\/p><\/li><li data-start=\"155\" data-end=\"170\"><p data-start=\"157\" data-end=\"170\">Clapet anti-retour<\/p><\/li><li data-start=\"171\" data-end=\"202\"><p data-start=\"173\" data-end=\"202\">Pinces en nylon 4 \u00d7 200 mm \u00d7 4<\/p><\/li><\/ul>\t\t\t\t\t\t\t\t<\/div>\n\t\t\t\t<\/div>\n\t\t\t\t<\/div>\n\t\t<div id=\"e-n-tab-content-916819465\" role=\"tabpanel\" aria-labelledby=\"e-n-tab-title-916819465\" data-tab-index=\"5\" style=\"--n-tabs-title-order: 5;\" class=\"elementor-element elementor-element-9332ec8 e-con-full e-flex e-con e-child\" data-id=\"9332ec8\" data-element_type=\"container\" data-e-type=\"container\">\n\t\t\t\t<div class=\"elementor-element elementor-element-ac16132 elementor-widget elementor-widget-n-accordion\" data-id=\"ac16132\" data-element_type=\"widget\" data-e-type=\"widget\" data-settings=\"{&quot;default_state&quot;:&quot;expanded&quot;,&quot;max_items_expended&quot;:&quot;one&quot;,&quot;n_accordion_animation_duration&quot;:{&quot;unit&quot;:&quot;ms&quot;,&quot;size&quot;:400,&quot;sizes&quot;:[]}}\" data-widget_type=\"nested-accordion.default\">\n\t\t\t\t<div class=\"elementor-widget-container\">\n\t\t\t\t\t\t\t<div class=\"e-n-accordion\" aria-label=\"Accordion. Open links with Enter or Space, close with Escape, and navigate with Arrow Keys\">\n\t\t\t\t\t\t<details id=\"e-n-accordion-item-1800\" class=\"e-n-accordion-item\" open>\n\t\t\t\t<summary class=\"e-n-accordion-item-title\" data-accordion-index=\"1\" tabindex=\"0\" aria-expanded=\"true\" aria-controls=\"e-n-accordion-item-1800\" >\n\t\t\t\t\t<span class='e-n-accordion-item-title-header'><div class=\"e-n-accordion-item-title-text\"> Avec quels types de syst\u00e8mes HVAC les pompes \u00e0 condensat Refcenter sont-elles compatibles ? <\/div><\/span>\n\t\t\t\t\t\t\t<span class='e-n-accordion-item-title-icon'>\n\t\t\t<span class='e-opened' ><svg aria-hidden=\"true\" class=\"e-font-icon-svg e-fas-minus\" viewbox=\"0 0 448 512\" xmlns=\"http:\/\/www.w3.org\/2000\/svg\"><path d=\"M416 208H32c-17.67 0-32 14.33-32 32v32c0 17.67 14.33 32 32 32h384c17.67 0 32-14.33 32-32v-32c0-17.67-14.33-32-32-32z\"><\/path><\/svg><\/span>\n\t\t\t<span class='e-closed'><svg aria-hidden=\"true\" class=\"e-font-icon-svg e-fas-plus\" viewbox=\"0 0 448 512\" xmlns=\"http:\/\/www.w3.org\/2000\/svg\"><path d=\"M416 208H272V64c0-17.67-14.33-32-32-32h-32c-17.67 0-32 14.33-32 32v144H32c-17.67 0-32 14.33-32 32v32c0 17.67 14.33 32 32 32h144v144c0 17.67 14.33 32 32 32h32c17.67 0 32-14.33 32-32V304h144c17.67 0 32-14.33 32-32v-32c0-17.67-14.33-32-32-32z\"><\/path><\/svg><\/span>\n\t\t<\/span>\n\n\t\t\t\t\t\t<\/summary>\n\t\t\t\t<div role=\"region\" aria-labelledby=\"e-n-accordion-item-1800\" class=\"elementor-element elementor-element-5847013 e-con-full e-flex e-con e-child\" data-id=\"5847013\" data-element_type=\"container\" data-e-type=\"container\">\n\t\t\t\t<div class=\"elementor-element elementor-element-d79ba64 elementor-widget elementor-widget-text-editor\" data-id=\"d79ba64\" data-element_type=\"widget\" data-e-type=\"widget\" data-widget_type=\"text-editor.default\">\n\t\t\t\t<div class=\"elementor-widget-container\">\n\t\t\t\t\t\t\t\t\tLes pompes \u00e0 condensat Refcenter sont con\u00e7ues pour fonctionner avec une large gamme d'\u00e9quipements HVAC, y compris les syst\u00e8mes mini-split sans conduit, les climatiseurs centraux, les d\u00e9shumidificateurs et les unit\u00e9s de r\u00e9frig\u00e9ration. Nous proposons plusieurs mod\u00e8les pour r\u00e9pondre aux diff\u00e9rents environnements d'installation et aux besoins de capacit\u00e9.\t\t\t\t\t\t\t\t<\/div>\n\t\t\t\t<\/div>\n\t\t\t\t<\/div>\n\t\t\t\t\t<\/details>\n\t\t\t\t\t\t<details id=\"e-n-accordion-item-1801\" class=\"e-n-accordion-item\" >\n\t\t\t\t<summary class=\"e-n-accordion-item-title\" data-accordion-index=\"2\" tabindex=\"-1\" aria-expanded=\"false\" aria-controls=\"e-n-accordion-item-1801\" >\n\t\t\t\t\t<span class='e-n-accordion-item-title-header'><div class=\"e-n-accordion-item-title-text\"> Les pompes Refcenter sont-elles dot\u00e9es de dispositifs de s\u00e9curit\u00e9 int\u00e9gr\u00e9s ? <\/div><\/span>\n\t\t\t\t\t\t\t<span class='e-n-accordion-item-title-icon'>\n\t\t\t<span class='e-opened' ><svg aria-hidden=\"true\" class=\"e-font-icon-svg e-fas-minus\" viewbox=\"0 0 448 512\" xmlns=\"http:\/\/www.w3.org\/2000\/svg\"><path d=\"M416 208H32c-17.67 0-32 14.33-32 32v32c0 17.67 14.33 32 32 32h384c17.67 0 32-14.33 32-32v-32c0-17.67-14.33-32-32-32z\"><\/path><\/svg><\/span>\n\t\t\t<span class='e-closed'><svg aria-hidden=\"true\" class=\"e-font-icon-svg e-fas-plus\" viewbox=\"0 0 448 512\" xmlns=\"http:\/\/www.w3.org\/2000\/svg\"><path d=\"M416 208H272V64c0-17.67-14.33-32-32-32h-32c-17.67 0-32 14.33-32 32v144H32c-17.67 0-32 14.33-32 32v32c0 17.67 14.33 32 32 32h144v144c0 17.67 14.33 32 32 32h32c17.67 0 32-14.33 32-32V304h144c17.67 0 32-14.33 32-32v-32c0-17.67-14.33-32-32-32z\"><\/path><\/svg><\/span>\n\t\t<\/span>\n\n\t\t\t\t\t\t<\/summary>\n\t\t\t\t<div role=\"region\" aria-labelledby=\"e-n-accordion-item-1801\" class=\"elementor-element elementor-element-060dd31 e-con-full e-flex e-con e-child\" data-id=\"060dd31\" data-element_type=\"container\" data-e-type=\"container\">\n\t\t\t\t<div class=\"elementor-element elementor-element-14aa7d8 elementor-widget elementor-widget-text-editor\" data-id=\"14aa7d8\" data-element_type=\"widget\" data-e-type=\"widget\" data-widget_type=\"text-editor.default\">\n\t\t\t\t<div class=\"elementor-widget-container\">\n\t\t\t\t\t\t\t\t\tOui. Toutes les pompes \u00e0 condensat Refcenter comprennent des dispositifs de s\u00e9curit\u00e9 int\u00e9gr\u00e9s tels que des sorties d'alarme de niveau \u00e9lev\u00e9 et des m\u00e9canismes d'interrupteur \u00e0 flotteur pour \u00e9viter les d\u00e9bordements. Certains mod\u00e8les sont \u00e9galement dot\u00e9s d'un double flotteur ou d'un capteur \u00e0 effet Hall pour une fiabilit\u00e9 accrue.\t\t\t\t\t\t\t\t<\/div>\n\t\t\t\t<\/div>\n\t\t\t\t<\/div>\n\t\t\t\t\t<\/details>\n\t\t\t\t\t\t<details id=\"e-n-accordion-item-1802\" class=\"e-n-accordion-item\" >\n\t\t\t\t<summary class=\"e-n-accordion-item-title\" data-accordion-index=\"3\" tabindex=\"-1\" aria-expanded=\"false\" aria-controls=\"e-n-accordion-item-1802\" >\n\t\t\t\t\t<span class='e-n-accordion-item-title-header'><div class=\"e-n-accordion-item-title-text\"> Comment entretenir ou r\u00e9parer la pompe \u00e0 condensats Refcenter ? <\/div><\/span>\n\t\t\t\t\t\t\t<span class='e-n-accordion-item-title-icon'>\n\t\t\t<span class='e-opened' ><svg aria-hidden=\"true\" class=\"e-font-icon-svg e-fas-minus\" viewbox=\"0 0 448 512\" xmlns=\"http:\/\/www.w3.org\/2000\/svg\"><path d=\"M416 208H32c-17.67 0-32 14.33-32 32v32c0 17.67 14.33 32 32 32h384c17.67 0 32-14.33 32-32v-32c0-17.67-14.33-32-32-32z\"><\/path><\/svg><\/span>\n\t\t\t<span class='e-closed'><svg aria-hidden=\"true\" class=\"e-font-icon-svg e-fas-plus\" viewbox=\"0 0 448 512\" xmlns=\"http:\/\/www.w3.org\/2000\/svg\"><path d=\"M416 208H272V64c0-17.67-14.33-32-32-32h-32c-17.67 0-32 14.33-32 32v144H32c-17.67 0-32 14.33-32 32v32c0 17.67 14.33 32 32 32h144v144c0 17.67 14.33 32 32 32h32c17.67 0 32-14.33 32-32V304h144c17.67 0 32-14.33 32-32v-32c0-17.67-14.33-32-32-32z\"><\/path><\/svg><\/span>\n\t\t<\/span>\n\n\t\t\t\t\t\t<\/summary>\n\t\t\t\t<div role=\"region\" aria-labelledby=\"e-n-accordion-item-1802\" class=\"elementor-element elementor-element-1d20481 e-con-full e-flex e-con e-child\" data-id=\"1d20481\" data-element_type=\"container\" data-e-type=\"container\">\n\t\t\t\t<div class=\"elementor-element elementor-element-256aa25 elementor-widget elementor-widget-text-editor\" data-id=\"256aa25\" data-element_type=\"widget\" data-e-type=\"widget\" data-widget_type=\"text-editor.default\">\n\t\t\t\t<div class=\"elementor-widget-container\">\n\t\t\t\t\t\t\t\t\tLes pompes Refcenter sont con\u00e7ues pour ne n\u00e9cessiter que peu d'entretien, mais nous recommandons de v\u00e9rifier la pr\u00e9sence de d\u00e9bris dans le r\u00e9servoir et de nettoyer la pompe chaque ann\u00e9e pour garantir des performances optimales. Des manuels d'installation et d'entretien sont fournis avec chaque unit\u00e9, et une assistance technique est disponible en cas de besoin.\t\t\t\t\t\t\t\t<\/div>\n\t\t\t\t<\/div>\n\t\t\t\t<\/div>\n\t\t\t\t\t<\/details>\n\t\t\t\t\t<\/div>\n\t\t\t\t\t\t<\/div>\n\t\t\t\t<\/div>\n\t\t\t\t<\/div>\n\t\t\t\t\t<\/div>\n\t\t<\/div>\n\t\t\t\t\t\t<\/div>\n\t\t\t\t<\/div>\n\t\t\t\t\t<\/div>\n\t\t<\/div>\n\t\t\t\t\t<\/div>\n\t\t<\/section>\n\t\t\t\t<\/div>","protected":false},"excerpt":{"rendered":"<p>Le Tranquil-D est dot\u00e9 d'un capteur capacitif pour la d\u00e9tection de l'eau, ce qui am\u00e9liore la fiabilit\u00e9 par rapport aux interrupteurs \u00e0 flotteur traditionnels. Son mode de d\u00e9marrage progressif minimise les bruits de d\u00e9marrage et prolonge la dur\u00e9e de vie de la pompe et des composants \u00e9lectroniques. La conception enti\u00e8rement \u00e9tanche avec un degr\u00e9 de protection IP68 permet au Tranquil-D d'\u00eatre immerg\u00e9 dans les bacs \u00e0 condensats, avec une capacit\u00e9 de pompage \u00e9lev\u00e9e.<\/p>","protected":false},"featured_media":2172,"comment_status":"open","ping_status":"closed","template":"","meta":[],"etheme_brands":[],"product_brand":[],"product_cat":[30,47],"product_tag":[],"class_list":{"0":"post-2171","1":"product","2":"type-product","3":"status-publish","4":"has-post-thumbnail","6":"product_cat-condensate-pumps","7":"product_cat-tranquil","9":"first","10":"instock","11":"shipping-taxable","12":"product-type-simple"},"_links":{"self":[{"href":"https:\/\/refcenter.us\/fr\/wp-json\/wp\/v2\/product\/2171","targetHints":{"allow":["GET"]}}],"collection":[{"href":"https:\/\/refcenter.us\/fr\/wp-json\/wp\/v2\/product"}],"about":[{"href":"https:\/\/refcenter.us\/fr\/wp-json\/wp\/v2\/types\/product"}],"replies":[{"embeddable":true,"href":"https:\/\/refcenter.us\/fr\/wp-json\/wp\/v2\/comments?post=2171"}],"version-history":[{"count":13,"href":"https:\/\/refcenter.us\/fr\/wp-json\/wp\/v2\/product\/2171\/revisions"}],"predecessor-version":[{"id":2799,"href":"https:\/\/refcenter.us\/fr\/wp-json\/wp\/v2\/product\/2171\/revisions\/2799"}],"wp:featuredmedia":[{"embeddable":true,"href":"https:\/\/refcenter.us\/fr\/wp-json\/wp\/v2\/media\/2172"}],"wp:attachment":[{"href":"https:\/\/refcenter.us\/fr\/wp-json\/wp\/v2\/media?parent=2171"}],"wp:term":[{"taxonomy":"brand","embeddable":true,"href":"https:\/\/refcenter.us\/fr\/wp-json\/wp\/v2\/etheme_brands?post=2171"},{"taxonomy":"product_brand","embeddable":true,"href":"https:\/\/refcenter.us\/fr\/wp-json\/wp\/v2\/product_brand?post=2171"},{"taxonomy":"product_cat","embeddable":true,"href":"https:\/\/refcenter.us\/fr\/wp-json\/wp\/v2\/product_cat?post=2171"},{"taxonomy":"product_tag","embeddable":true,"href":"https:\/\/refcenter.us\/fr\/wp-json\/wp\/v2\/product_tag?post=2171"}],"curies":[{"name":"wp","href":"https:\/\/api.w.org\/{rel}","templated":true}]}}