{"id":2189,"date":"2025-06-08T09:01:51","date_gmt":"2025-06-08T09:01:51","guid":{"rendered":"https:\/\/darkturquoise-dog-267182.hostingersite.com\/?post_type=product&#038;p=2189"},"modified":"2026-03-23T11:01:31","modified_gmt":"2026-03-23T11:01:31","slug":"t-tranquille","status":"publish","type":"product","link":"https:\/\/refcenter.us\/fr\/produit\/t-tranquille\/","title":{"rendered":"Tranquille-T"},"content":{"rendered":"<div data-elementor-type=\"wp-post\" data-elementor-id=\"2189\" class=\"elementor elementor-2189\" data-elementor-settings=\"{&quot;element_pack_global_tooltip_width&quot;:{&quot;unit&quot;:&quot;px&quot;,&quot;size&quot;:&quot;&quot;,&quot;sizes&quot;:[]},&quot;element_pack_global_tooltip_width_tablet&quot;:{&quot;unit&quot;:&quot;px&quot;,&quot;size&quot;:&quot;&quot;,&quot;sizes&quot;:[]},&quot;element_pack_global_tooltip_width_mobile&quot;:{&quot;unit&quot;:&quot;px&quot;,&quot;size&quot;:&quot;&quot;,&quot;sizes&quot;:[]},&quot;element_pack_global_tooltip_padding&quot;:{&quot;unit&quot;:&quot;px&quot;,&quot;top&quot;:&quot;&quot;,&quot;right&quot;:&quot;&quot;,&quot;bottom&quot;:&quot;&quot;,&quot;left&quot;:&quot;&quot;,&quot;isLinked&quot;:true},&quot;element_pack_global_tooltip_padding_tablet&quot;:{&quot;unit&quot;:&quot;px&quot;,&quot;top&quot;:&quot;&quot;,&quot;right&quot;:&quot;&quot;,&quot;bottom&quot;:&quot;&quot;,&quot;left&quot;:&quot;&quot;,&quot;isLinked&quot;:true},&quot;element_pack_global_tooltip_padding_mobile&quot;:{&quot;unit&quot;:&quot;px&quot;,&quot;top&quot;:&quot;&quot;,&quot;right&quot;:&quot;&quot;,&quot;bottom&quot;:&quot;&quot;,&quot;left&quot;:&quot;&quot;,&quot;isLinked&quot;:true},&quot;element_pack_global_tooltip_border_radius&quot;:{&quot;unit&quot;:&quot;px&quot;,&quot;top&quot;:&quot;&quot;,&quot;right&quot;:&quot;&quot;,&quot;bottom&quot;:&quot;&quot;,&quot;left&quot;:&quot;&quot;,&quot;isLinked&quot;:true},&quot;element_pack_global_tooltip_border_radius_tablet&quot;:{&quot;unit&quot;:&quot;px&quot;,&quot;top&quot;:&quot;&quot;,&quot;right&quot;:&quot;&quot;,&quot;bottom&quot;:&quot;&quot;,&quot;left&quot;:&quot;&quot;,&quot;isLinked&quot;:true},&quot;element_pack_global_tooltip_border_radius_mobile&quot;:{&quot;unit&quot;:&quot;px&quot;,&quot;top&quot;:&quot;&quot;,&quot;right&quot;:&quot;&quot;,&quot;bottom&quot;:&quot;&quot;,&quot;left&quot;:&quot;&quot;,&quot;isLinked&quot;:true}}\" data-elementor-post-type=\"product\">\n\t\t\t\t\t\t<section class=\"elementor-section elementor-top-section elementor-element elementor-element-8522b76 elementor-section-boxed elementor-section-height-default elementor-section-height-default\" data-id=\"8522b76\" data-element_type=\"section\" data-e-type=\"section\">\n\t\t\t\t\t\t<div class=\"elementor-container elementor-column-gap-no\">\n\t\t\t\t\t<div class=\"elementor-column elementor-col-100 elementor-top-column elementor-element elementor-element-ef49b9e\" data-id=\"ef49b9e\" data-element_type=\"column\" data-e-type=\"column\">\n\t\t\t<div class=\"elementor-widget-wrap elementor-element-populated\">\n\t\t\t\t\t\t<div class=\"elementor-element elementor-element-71a60a3 elementor-widget elementor-widget-heading\" data-id=\"71a60a3\" data-element_type=\"widget\" data-e-type=\"widget\" data-widget_type=\"heading.default\">\n\t\t\t\t<div class=\"elementor-widget-container\">\n\t\t\t\t\t<h2 class=\"elementor-heading-title elementor-size-default\">Description du produit<\/h2>\t\t\t\t<\/div>\n\t\t\t\t<\/div>\n\t\t\t\t<div class=\"elementor-element elementor-element-3c66a34 elementor-widget elementor-widget-text-editor\" data-id=\"3c66a34\" data-element_type=\"widget\" data-e-type=\"widget\" data-widget_type=\"text-editor.default\">\n\t\t\t\t<div class=\"elementor-widget-container\">\n\t\t\t\t\t\t\t\t\t<p>- Commutation automatique du capteur de niveau optique<br \/>- 3 indicateurs LED affichent les modes de fonctionnement<br \/>- Clapet anti-retour amovible 3\/8\u2033 barb\u00e9<br \/>- Syst\u00e8me d'alarme double en option pour une plus grande fiabilit\u00e9<br \/>- Cordon d'alimentation de 6 pieds<br \/>- 4 entr\u00e9es d'une taille de 1\u2033.<\/p>\t\t\t\t\t\t\t\t<\/div>\n\t\t\t\t<\/div>\n\t\t\t\t<div class=\"elementor-element elementor-element-292852c e-n-tabs-mobile elementor-widget elementor-widget-n-tabs\" data-id=\"292852c\" data-element_type=\"widget\" data-e-type=\"widget\" data-settings=\"{&quot;tabs_justify_horizontal&quot;:&quot;stretch&quot;,&quot;horizontal_scroll&quot;:&quot;disable&quot;}\" data-widget_type=\"nested-tabs.default\">\n\t\t\t\t<div class=\"elementor-widget-container\">\n\t\t\t\t\t\t\t<div class=\"e-n-tabs\" data-widget-number=\"43156780\" aria-label=\"Pesta\u00f1as. Abre elementos con Intro o Espacio, ci\u00e9rralos con Escape y navega con las fechas.\" data-no-translation-aria-label=\"\">\n\t\t\t<div class=\"e-n-tabs-heading\" role=\"tablist\">\n\t\t\t\t\t<button id=\"e-n-tab-title-431567801\" data-tab-title-id=\"e-n-tab-title-431567801\" class=\"e-n-tab-title\" aria-selected=\"true\" data-tab-index=\"1\" role=\"tab\" tabindex=\"0\" aria-controls=\"e-n-tab-content-431567801\" style=\"--n-tabs-title-order: 1;\">\n\t\t\t\t\t\t<span class=\"e-n-tab-title-text\">\n\t\t\t\tSp\u00e9cifications techniques\t\t\t<\/span>\n\t\t<\/button>\n\t\t\t\t<button id=\"e-n-tab-title-431567802\" data-tab-title-id=\"e-n-tab-title-431567802\" class=\"e-n-tab-title\" aria-selected=\"false\" data-tab-index=\"2\" role=\"tab\" tabindex=\"-1\" aria-controls=\"e-n-tab-content-431567802\" style=\"--n-tabs-title-order: 2;\">\n\t\t\t\t\t\t<span class=\"e-n-tab-title-text\">\n\t\t\t\tLogistique\t\t\t<\/span>\n\t\t<\/button>\n\t\t\t\t<button id=\"e-n-tab-title-431567803\" data-tab-title-id=\"e-n-tab-title-431567803\" class=\"e-n-tab-title\" aria-selected=\"false\" data-tab-index=\"3\" role=\"tab\" tabindex=\"-1\" aria-controls=\"e-n-tab-content-431567803\" style=\"--n-tabs-title-order: 3;\">\n\t\t\t\t\t\t<span class=\"e-n-tab-title-text\">\n\t\t\t\tRessources\t\t\t<\/span>\n\t\t<\/button>\n\t\t\t\t<button id=\"e-n-tab-title-431567804\" data-tab-title-id=\"e-n-tab-title-431567804\" class=\"e-n-tab-title\" aria-selected=\"false\" data-tab-index=\"4\" role=\"tab\" tabindex=\"-1\" aria-controls=\"e-n-tab-content-431567804\" style=\"--n-tabs-title-order: 4;\">\n\t\t\t\t\t\t<span class=\"e-n-tab-title-text\">\n\t\t\t\tAccessoires\t\t\t<\/span>\n\t\t<\/button>\n\t\t\t\t<button id=\"e-n-tab-title-431567805\" data-tab-title-id=\"e-n-tab-title-431567805\" class=\"e-n-tab-title\" aria-selected=\"false\" data-tab-index=\"5\" role=\"tab\" tabindex=\"-1\" aria-controls=\"e-n-tab-content-431567805\" style=\"--n-tabs-title-order: 5;\">\n\t\t\t\t\t\t<span class=\"e-n-tab-title-text\">\n\t\t\t\tFAQ\t\t\t<\/span>\n\t\t<\/button>\n\t\t\t\t\t<\/div>\n\t\t\t<div class=\"e-n-tabs-content\">\n\t\t\t\t<div id=\"e-n-tab-content-431567801\" role=\"tabpanel\" aria-labelledby=\"e-n-tab-title-431567801\" data-tab-index=\"1\" style=\"--n-tabs-title-order: 1;\" class=\"e-active elementor-element elementor-element-c79dfba e-con-full e-flex e-con e-child\" data-id=\"c79dfba\" data-element_type=\"container\" data-e-type=\"container\" data-settings=\"{&quot;background_background&quot;:&quot;classic&quot;}\">\n\t\t\t\t<div class=\"elementor-element elementor-element-50827d7 etheme-elementor-widget-loaded elementor-widget elementor-widget-html\" data-id=\"50827d7\" data-element_type=\"widget\" data-e-type=\"widget\" data-widget_type=\"html.default\">\n\t\t\t\t<div class=\"elementor-widget-container\">\n\t\t\t\t\t<table border=\"1\" cellpadding=\"5\" style=\"border-collapse: collapse; width: 100%;\">\r\n  <tr>\r\n    <th style=\"width: 33%; background-color: #f9f9f9; border: 1px solid lightgray; padding-left: 15px;\">Alimentation \u00e9lectrique<\/th>\r\n    <td style=\"width: 67%; text-align: left; border: 1px solid lightgray;\">100-240V AC 50\/60Hz 50W<\/td>\r\n  <\/tr>\r\n  <tr>\r\n    <th style=\"background-color: #f9f9f9; border: 1px solid lightgray; padding-left: 15px;\">D\u00e9bit maximal<\/th>\r\n    <td style=\"text-align: left; border: 1px solid lightgray;\">416 L\/H (110GPH)<\/td>\r\n  <\/tr>\r\n  <tr>\r\n    <th style=\"background-color: #f9f9f9; border: 1px solid lightgray; padding-left: 15px;\">Niveau sonore<\/th>\r\n    <td style=\"text-align: left; border: 1px solid lightgray;\">30 dB(A) @1M (3.3ft)<\/td>\r\n  <\/tr>\r\n  <tr>\r\n    <th style=\"background-color: #f9f9f9; border: 1px solid lightgray; padding-left: 15px;\">Hauteur de refoulement max.<\/th>\r\n    <td style=\"text-align: left; border: 1px solid lightgray;\">72M (24ft)<\/td>\r\n  <\/tr>\r\n  <tr>\r\n    <th style=\"background-color: #f9f9f9; border: 1px solid lightgray; padding-left: 15px;\">Temp\u00e9rature maximale de l'eau<\/th>\r\n    <td style=\"text-align: left; border: 1px solid lightgray;\">60\u00b0C<\/td>\r\n  <\/tr>\r\n  <tr>\r\n    <th style=\"background-color: #f9f9f9; border: 1px solid lightgray; padding-left: 15px;\">Tube d'\u00e9vacuation<\/th>\r\n    <td style=\"text-align: left; border: 1px solid lightgray;\">10mm ID<\/td>\r\n  <\/tr>\r\n  <tr>\r\n    <th style=\"background-color: #f9f9f9; border: 1px solid lightgray; padding-left: 15px;\">Classe<\/th>\r\n    <td style=\"text-align: left; border: 1px solid lightgray;\">Appareil II<\/td>\r\n  <\/tr>\r\n  <tr>\r\n    <th style=\"background-color: #f9f9f9; border: 1px solid lightgray; padding-left: 15px;\">Protection IP<\/th>\r\n    <td style=\"text-align: left; border: 1px solid lightgray;\">IP24<\/td>\r\n  <\/tr>\r\n  <tr>\r\n    <th style=\"background-color: #f9f9f9; border: 1px solid lightgray; padding-left: 15px;\">L\u00d7L\u00d7H<\/th>\r\n    <td style=\"text-align: left; border: 1px solid lightgray;\">280 mm \u00d7 145,6 mm \u00d7 128,8 mm (11 po x 5,7 po x 5 po)<\/td>\r\n  <\/tr>\r\n<\/table>\r\n\t\t\t\t<\/div>\n\t\t\t\t<\/div>\n\t\t\t\t<\/div>\n\t\t<div id=\"e-n-tab-content-431567802\" role=\"tabpanel\" aria-labelledby=\"e-n-tab-title-431567802\" data-tab-index=\"2\" style=\"--n-tabs-title-order: 2;\" class=\"elementor-element elementor-element-5f90b19 e-con-full e-flex e-con e-child\" data-id=\"5f90b19\" data-element_type=\"container\" data-e-type=\"container\">\n\t\t\t\t<div class=\"elementor-element elementor-element-667636a etheme-elementor-widget-loaded elementor-widget elementor-widget-html\" data-id=\"667636a\" data-element_type=\"widget\" data-e-type=\"widget\" data-widget_type=\"html.default\">\n\t\t\t\t<div class=\"elementor-widget-container\">\n\t\t\t\t\t<table border=\"1\" cellpadding=\"5\" style=\"border-collapse: collapse; width: 100%;\">\r\n  <tr>\r\n    <th style=\"width: 33%; background-color: #f9f9f9; border: 1px solid lightgray; padding-left: 15px;\">Logistique<\/th>\r\n    <td style=\"border: 1px solid lightgray;\">Tranquille-T<\/td>\r\n  <\/tr>\r\n  <tr>\r\n    <th style=\"background-color: #f9f9f9; border: 1px solid lightgray; padding-left: 15px;\">Pcs par carton<\/th>\r\n    <td style=\"border: 1px solid lightgray;\">10<\/td>\r\n  <\/tr>\r\n  <tr>\r\n    <th style=\"background-color: #f9f9f9; border: 1px solid lightgray; padding-left: 15px;\">Poids par carton (kg)<\/th>\r\n    <td style=\"border: 1px solid lightgray;\"><\/td>\r\n  <\/tr>\r\n  <tr>\r\n    <th style=\"background-color: #f9f9f9; border: 1px solid lightgray; padding-left: 15px;\">Longueur du carton (cm)<\/th>\r\n    <td style=\"border: 1px solid lightgray;\">76<\/td>\r\n  <\/tr>\r\n  <tr>\r\n    <th style=\"background-color: #f9f9f9; border: 1px solid lightgray; padding-left: 15px;\">Largeur du carton (cm)<\/th>\r\n    <td style=\"border: 1px solid lightgray;\">30<\/td>\r\n  <\/tr>\r\n  <tr>\r\n    <th style=\"background-color: #f9f9f9; border: 1px solid lightgray; padding-left: 15px;\">Hauteur du carton (cm)<\/th>\r\n    <td style=\"border: 1px solid lightgray;\">30<\/td>\r\n  <\/tr>\r\n<\/table>\r\n\t\t\t\t<\/div>\n\t\t\t\t<\/div>\n\t\t\t\t<\/div>\n\t\t<div id=\"e-n-tab-content-431567803\" role=\"tabpanel\" aria-labelledby=\"e-n-tab-title-431567803\" data-tab-index=\"3\" style=\"--n-tabs-title-order: 3;\" class=\"elementor-element elementor-element-05fede1 e-con-full e-flex e-con e-child\" data-id=\"05fede1\" data-element_type=\"container\" data-e-type=\"container\">\n\t\t\t\t<div class=\"elementor-element elementor-element-6be49c6 etheme-elementor-widget-loaded elementor-widget elementor-widget-html\" data-id=\"6be49c6\" data-element_type=\"widget\" data-e-type=\"widget\" data-widget_type=\"html.default\">\n\t\t\t\t<div class=\"elementor-widget-container\">\n\t\t\t\t\t<!-- \u8868\u683c -->\r\n<table border=\"1\" cellpadding=\"5\" style=\"border-collapse: collapse; width: 100%;\"> \r\n  <tr>\r\n    <th style=\"width: 33%; background-color: #f9f9f9; border: 1px solid lightgray; padding-left: 15px;\">Manuel d'instruction<\/th>\r\n    <td style=\"width: 67%; text-align: left; border: 1px solid lightgray;\">\r\n      PDF (EN ANGLAIS) \r\n      <a href=\"https:\/\/refcenter.us\/wp-content\/uploads\/2025\/07\/Tranquil-T-Technical-Manual.pdf\" target=\"_blank\" style=\"margin-left: 20px;\">\r\n        <i class=\"fas fa-download\"><\/i> <!-- \u56fe\u6807 -->\r\n        <!-- \u6216\uff1a\ud83d\udce5 -->\r\n      <\/a>\r\n    <\/td>\r\n  <\/tr>\r\n<\/table>\t\t\t\t<\/div>\n\t\t\t\t<\/div>\n\t\t\t\t<\/div>\n\t\t<div id=\"e-n-tab-content-431567804\" role=\"tabpanel\" aria-labelledby=\"e-n-tab-title-431567804\" data-tab-index=\"4\" style=\"--n-tabs-title-order: 4;\" class=\"elementor-element elementor-element-e2bef51 e-con-full e-flex e-con e-child\" data-id=\"e2bef51\" data-element_type=\"container\" data-e-type=\"container\">\n\t\t\t\t<\/div>\n\t\t<div id=\"e-n-tab-content-431567805\" role=\"tabpanel\" aria-labelledby=\"e-n-tab-title-431567805\" data-tab-index=\"5\" style=\"--n-tabs-title-order: 5;\" class=\"elementor-element elementor-element-29bf229 e-con-full e-flex e-con e-child\" data-id=\"29bf229\" data-element_type=\"container\" data-e-type=\"container\">\n\t\t\t\t<div class=\"elementor-element elementor-element-a6fb395 elementor-widget elementor-widget-n-accordion\" data-id=\"a6fb395\" data-element_type=\"widget\" data-e-type=\"widget\" data-settings=\"{&quot;default_state&quot;:&quot;expanded&quot;,&quot;max_items_expended&quot;:&quot;one&quot;,&quot;n_accordion_animation_duration&quot;:{&quot;unit&quot;:&quot;ms&quot;,&quot;size&quot;:400,&quot;sizes&quot;:[]}}\" data-widget_type=\"nested-accordion.default\">\n\t\t\t\t<div class=\"elementor-widget-container\">\n\t\t\t\t\t\t\t<div class=\"e-n-accordion\" aria-label=\"Accordion. Open links with Enter or Space, close with Escape, and navigate with Arrow Keys\">\n\t\t\t\t\t\t<details id=\"e-n-accordion-item-1750\" class=\"e-n-accordion-item\" open>\n\t\t\t\t<summary class=\"e-n-accordion-item-title\" data-accordion-index=\"1\" tabindex=\"0\" aria-expanded=\"true\" aria-controls=\"e-n-accordion-item-1750\" >\n\t\t\t\t\t<span class='e-n-accordion-item-title-header'><div class=\"e-n-accordion-item-title-text\"> Avec quels types de syst\u00e8mes HVAC les pompes \u00e0 condensat Refcenter sont-elles compatibles ? <\/div><\/span>\n\t\t\t\t\t\t\t<span class='e-n-accordion-item-title-icon'>\n\t\t\t<span class='e-opened' ><svg aria-hidden=\"true\" class=\"e-font-icon-svg e-fas-minus\" viewbox=\"0 0 448 512\" xmlns=\"http:\/\/www.w3.org\/2000\/svg\"><path d=\"M416 208H32c-17.67 0-32 14.33-32 32v32c0 17.67 14.33 32 32 32h384c17.67 0 32-14.33 32-32v-32c0-17.67-14.33-32-32-32z\"><\/path><\/svg><\/span>\n\t\t\t<span class='e-closed'><svg aria-hidden=\"true\" class=\"e-font-icon-svg e-fas-plus\" viewbox=\"0 0 448 512\" xmlns=\"http:\/\/www.w3.org\/2000\/svg\"><path d=\"M416 208H272V64c0-17.67-14.33-32-32-32h-32c-17.67 0-32 14.33-32 32v144H32c-17.67 0-32 14.33-32 32v32c0 17.67 14.33 32 32 32h144v144c0 17.67 14.33 32 32 32h32c17.67 0 32-14.33 32-32V304h144c17.67 0 32-14.33 32-32v-32c0-17.67-14.33-32-32-32z\"><\/path><\/svg><\/span>\n\t\t<\/span>\n\n\t\t\t\t\t\t<\/summary>\n\t\t\t\t<div role=\"region\" aria-labelledby=\"e-n-accordion-item-1750\" class=\"elementor-element elementor-element-81cb9a6 e-con-full e-flex e-con e-child\" data-id=\"81cb9a6\" data-element_type=\"container\" data-e-type=\"container\">\n\t\t\t\t<div class=\"elementor-element elementor-element-5861cef elementor-widget elementor-widget-text-editor\" data-id=\"5861cef\" data-element_type=\"widget\" data-e-type=\"widget\" data-widget_type=\"text-editor.default\">\n\t\t\t\t<div class=\"elementor-widget-container\">\n\t\t\t\t\t\t\t\t\tLes pompes \u00e0 condensat Refcenter sont con\u00e7ues pour fonctionner avec une large gamme d'\u00e9quipements HVAC, y compris les syst\u00e8mes mini-split sans conduit, les climatiseurs centraux, les d\u00e9shumidificateurs et les unit\u00e9s de r\u00e9frig\u00e9ration. Nous proposons plusieurs mod\u00e8les pour r\u00e9pondre aux diff\u00e9rents environnements d'installation et aux besoins de capacit\u00e9.\t\t\t\t\t\t\t\t<\/div>\n\t\t\t\t<\/div>\n\t\t\t\t<\/div>\n\t\t\t\t\t<\/details>\n\t\t\t\t\t\t<details id=\"e-n-accordion-item-1751\" class=\"e-n-accordion-item\" >\n\t\t\t\t<summary class=\"e-n-accordion-item-title\" data-accordion-index=\"2\" tabindex=\"-1\" aria-expanded=\"false\" aria-controls=\"e-n-accordion-item-1751\" >\n\t\t\t\t\t<span class='e-n-accordion-item-title-header'><div class=\"e-n-accordion-item-title-text\"> Les pompes Refcenter sont-elles dot\u00e9es de dispositifs de s\u00e9curit\u00e9 int\u00e9gr\u00e9s ? <\/div><\/span>\n\t\t\t\t\t\t\t<span class='e-n-accordion-item-title-icon'>\n\t\t\t<span class='e-opened' ><svg aria-hidden=\"true\" class=\"e-font-icon-svg e-fas-minus\" viewbox=\"0 0 448 512\" xmlns=\"http:\/\/www.w3.org\/2000\/svg\"><path d=\"M416 208H32c-17.67 0-32 14.33-32 32v32c0 17.67 14.33 32 32 32h384c17.67 0 32-14.33 32-32v-32c0-17.67-14.33-32-32-32z\"><\/path><\/svg><\/span>\n\t\t\t<span class='e-closed'><svg aria-hidden=\"true\" class=\"e-font-icon-svg e-fas-plus\" viewbox=\"0 0 448 512\" xmlns=\"http:\/\/www.w3.org\/2000\/svg\"><path d=\"M416 208H272V64c0-17.67-14.33-32-32-32h-32c-17.67 0-32 14.33-32 32v144H32c-17.67 0-32 14.33-32 32v32c0 17.67 14.33 32 32 32h144v144c0 17.67 14.33 32 32 32h32c17.67 0 32-14.33 32-32V304h144c17.67 0 32-14.33 32-32v-32c0-17.67-14.33-32-32-32z\"><\/path><\/svg><\/span>\n\t\t<\/span>\n\n\t\t\t\t\t\t<\/summary>\n\t\t\t\t<div role=\"region\" aria-labelledby=\"e-n-accordion-item-1751\" class=\"elementor-element elementor-element-7ab81f4 e-con-full e-flex e-con e-child\" data-id=\"7ab81f4\" data-element_type=\"container\" data-e-type=\"container\">\n\t\t\t\t<div class=\"elementor-element elementor-element-5a8b68f elementor-widget elementor-widget-text-editor\" data-id=\"5a8b68f\" data-element_type=\"widget\" data-e-type=\"widget\" data-widget_type=\"text-editor.default\">\n\t\t\t\t<div class=\"elementor-widget-container\">\n\t\t\t\t\t\t\t\t\tOui. Toutes les pompes \u00e0 condensat Refcenter comprennent des dispositifs de s\u00e9curit\u00e9 int\u00e9gr\u00e9s tels que des sorties d'alarme de niveau \u00e9lev\u00e9 et des m\u00e9canismes d'interrupteur \u00e0 flotteur pour \u00e9viter les d\u00e9bordements. Certains mod\u00e8les sont \u00e9galement dot\u00e9s d'un double flotteur ou d'un capteur \u00e0 effet Hall pour une fiabilit\u00e9 accrue.\t\t\t\t\t\t\t\t<\/div>\n\t\t\t\t<\/div>\n\t\t\t\t<\/div>\n\t\t\t\t\t<\/details>\n\t\t\t\t\t\t<details id=\"e-n-accordion-item-1752\" class=\"e-n-accordion-item\" >\n\t\t\t\t<summary class=\"e-n-accordion-item-title\" data-accordion-index=\"3\" tabindex=\"-1\" aria-expanded=\"false\" aria-controls=\"e-n-accordion-item-1752\" >\n\t\t\t\t\t<span class='e-n-accordion-item-title-header'><div class=\"e-n-accordion-item-title-text\"> Comment entretenir ou r\u00e9parer la pompe \u00e0 condensats Refcenter ? <\/div><\/span>\n\t\t\t\t\t\t\t<span class='e-n-accordion-item-title-icon'>\n\t\t\t<span class='e-opened' ><svg aria-hidden=\"true\" class=\"e-font-icon-svg e-fas-minus\" viewbox=\"0 0 448 512\" xmlns=\"http:\/\/www.w3.org\/2000\/svg\"><path d=\"M416 208H32c-17.67 0-32 14.33-32 32v32c0 17.67 14.33 32 32 32h384c17.67 0 32-14.33 32-32v-32c0-17.67-14.33-32-32-32z\"><\/path><\/svg><\/span>\n\t\t\t<span class='e-closed'><svg aria-hidden=\"true\" class=\"e-font-icon-svg e-fas-plus\" viewbox=\"0 0 448 512\" xmlns=\"http:\/\/www.w3.org\/2000\/svg\"><path d=\"M416 208H272V64c0-17.67-14.33-32-32-32h-32c-17.67 0-32 14.33-32 32v144H32c-17.67 0-32 14.33-32 32v32c0 17.67 14.33 32 32 32h144v144c0 17.67 14.33 32 32 32h32c17.67 0 32-14.33 32-32V304h144c17.67 0 32-14.33 32-32v-32c0-17.67-14.33-32-32-32z\"><\/path><\/svg><\/span>\n\t\t<\/span>\n\n\t\t\t\t\t\t<\/summary>\n\t\t\t\t<div role=\"region\" aria-labelledby=\"e-n-accordion-item-1752\" class=\"elementor-element elementor-element-d617ebe e-con-full e-flex e-con e-child\" data-id=\"d617ebe\" data-element_type=\"container\" data-e-type=\"container\">\n\t\t\t\t<div class=\"elementor-element elementor-element-576785b elementor-widget elementor-widget-text-editor\" data-id=\"576785b\" data-element_type=\"widget\" data-e-type=\"widget\" data-widget_type=\"text-editor.default\">\n\t\t\t\t<div class=\"elementor-widget-container\">\n\t\t\t\t\t\t\t\t\tLes pompes Refcenter sont con\u00e7ues pour ne n\u00e9cessiter que peu d'entretien, mais nous recommandons de v\u00e9rifier la pr\u00e9sence de d\u00e9bris dans le r\u00e9servoir et de nettoyer la pompe chaque ann\u00e9e pour garantir des performances optimales. Des manuels d'installation et d'entretien sont fournis avec chaque unit\u00e9, et une assistance technique est disponible en cas de besoin.\t\t\t\t\t\t\t\t<\/div>\n\t\t\t\t<\/div>\n\t\t\t\t<\/div>\n\t\t\t\t\t<\/details>\n\t\t\t\t\t<\/div>\n\t\t\t\t\t\t<\/div>\n\t\t\t\t<\/div>\n\t\t\t\t<\/div>\n\t\t\t\t\t<\/div>\n\t\t<\/div>\n\t\t\t\t\t\t<\/div>\n\t\t\t\t<\/div>\n\t\t\t\t\t<\/div>\n\t\t<\/div>\n\t\t\t\t\t<\/div>\n\t\t<\/section>\n\t\t\t\t<\/div>","protected":false},"excerpt":{"rendered":"<p class=\"p1\">Le <span class=\"s1\">Tranquille-T<\/span> combine un <span class=\"s1\">Moteur DC sans balais<\/span> et <span class=\"s1\">capteur de niveau optique<\/span> pour des performances silencieuses, pr\u00e9cises et durables. Avec <span class=\"s1\">conception \u00e0 double tension<\/span>, <span class=\"s1\">r\u00e9servoir universel<\/span>et <span class=\"s1\">Indicateurs LED<\/span>Il offre un fonctionnement fiable et silencieux, \u00e9tablissant une nouvelle r\u00e9f\u00e9rence en mati\u00e8re d'efficacit\u00e9 et de confort.<\/p>\n<p>&nbsp;<\/p>","protected":false},"featured_media":3044,"comment_status":"open","ping_status":"closed","template":"","meta":[],"etheme_brands":[],"product_brand":[],"product_cat":[30,47],"product_tag":[],"class_list":{"0":"post-2189","1":"product","2":"type-product","3":"status-publish","4":"has-post-thumbnail","6":"product_cat-condensate-pumps","7":"product_cat-tranquil","9":"first","10":"instock","11":"shipping-taxable","12":"product-type-simple"},"_links":{"self":[{"href":"https:\/\/refcenter.us\/fr\/wp-json\/wp\/v2\/product\/2189","targetHints":{"allow":["GET"]}}],"collection":[{"href":"https:\/\/refcenter.us\/fr\/wp-json\/wp\/v2\/product"}],"about":[{"href":"https:\/\/refcenter.us\/fr\/wp-json\/wp\/v2\/types\/product"}],"replies":[{"embeddable":true,"href":"https:\/\/refcenter.us\/fr\/wp-json\/wp\/v2\/comments?post=2189"}],"version-history":[{"count":19,"href":"https:\/\/refcenter.us\/fr\/wp-json\/wp\/v2\/product\/2189\/revisions"}],"predecessor-version":[{"id":3050,"href":"https:\/\/refcenter.us\/fr\/wp-json\/wp\/v2\/product\/2189\/revisions\/3050"}],"wp:featuredmedia":[{"embeddable":true,"href":"https:\/\/refcenter.us\/fr\/wp-json\/wp\/v2\/media\/3044"}],"wp:attachment":[{"href":"https:\/\/refcenter.us\/fr\/wp-json\/wp\/v2\/media?parent=2189"}],"wp:term":[{"taxonomy":"brand","embeddable":true,"href":"https:\/\/refcenter.us\/fr\/wp-json\/wp\/v2\/etheme_brands?post=2189"},{"taxonomy":"product_brand","embeddable":true,"href":"https:\/\/refcenter.us\/fr\/wp-json\/wp\/v2\/product_brand?post=2189"},{"taxonomy":"product_cat","embeddable":true,"href":"https:\/\/refcenter.us\/fr\/wp-json\/wp\/v2\/product_cat?post=2189"},{"taxonomy":"product_tag","embeddable":true,"href":"https:\/\/refcenter.us\/fr\/wp-json\/wp\/v2\/product_tag?post=2189"}],"curies":[{"name":"wp","href":"https:\/\/api.w.org\/{rel}","templated":true}]}}