{"id":2192,"date":"2025-06-08T09:08:30","date_gmt":"2025-06-08T09:08:30","guid":{"rendered":"https:\/\/darkturquoise-dog-267182.hostingersite.com\/?post_type=product&#038;p=2192"},"modified":"2025-11-11T06:15:03","modified_gmt":"2025-11-11T06:15:03","slug":"mute-box-20","status":"publish","type":"product","link":"https:\/\/refcenter.us\/fr\/produit\/mute-box-20\/","title":{"rendered":"Bo\u00eete \u00e0 sourdine-20"},"content":{"rendered":"<div data-elementor-type=\"wp-post\" data-elementor-id=\"2192\" class=\"elementor elementor-2192\" data-elementor-settings=\"{&quot;element_pack_global_tooltip_width&quot;:{&quot;unit&quot;:&quot;px&quot;,&quot;size&quot;:&quot;&quot;,&quot;sizes&quot;:[]},&quot;element_pack_global_tooltip_width_tablet&quot;:{&quot;unit&quot;:&quot;px&quot;,&quot;size&quot;:&quot;&quot;,&quot;sizes&quot;:[]},&quot;element_pack_global_tooltip_width_mobile&quot;:{&quot;unit&quot;:&quot;px&quot;,&quot;size&quot;:&quot;&quot;,&quot;sizes&quot;:[]},&quot;element_pack_global_tooltip_padding&quot;:{&quot;unit&quot;:&quot;px&quot;,&quot;top&quot;:&quot;&quot;,&quot;right&quot;:&quot;&quot;,&quot;bottom&quot;:&quot;&quot;,&quot;left&quot;:&quot;&quot;,&quot;isLinked&quot;:true},&quot;element_pack_global_tooltip_padding_tablet&quot;:{&quot;unit&quot;:&quot;px&quot;,&quot;top&quot;:&quot;&quot;,&quot;right&quot;:&quot;&quot;,&quot;bottom&quot;:&quot;&quot;,&quot;left&quot;:&quot;&quot;,&quot;isLinked&quot;:true},&quot;element_pack_global_tooltip_padding_mobile&quot;:{&quot;unit&quot;:&quot;px&quot;,&quot;top&quot;:&quot;&quot;,&quot;right&quot;:&quot;&quot;,&quot;bottom&quot;:&quot;&quot;,&quot;left&quot;:&quot;&quot;,&quot;isLinked&quot;:true},&quot;element_pack_global_tooltip_border_radius&quot;:{&quot;unit&quot;:&quot;px&quot;,&quot;top&quot;:&quot;&quot;,&quot;right&quot;:&quot;&quot;,&quot;bottom&quot;:&quot;&quot;,&quot;left&quot;:&quot;&quot;,&quot;isLinked&quot;:true},&quot;element_pack_global_tooltip_border_radius_tablet&quot;:{&quot;unit&quot;:&quot;px&quot;,&quot;top&quot;:&quot;&quot;,&quot;right&quot;:&quot;&quot;,&quot;bottom&quot;:&quot;&quot;,&quot;left&quot;:&quot;&quot;,&quot;isLinked&quot;:true},&quot;element_pack_global_tooltip_border_radius_mobile&quot;:{&quot;unit&quot;:&quot;px&quot;,&quot;top&quot;:&quot;&quot;,&quot;right&quot;:&quot;&quot;,&quot;bottom&quot;:&quot;&quot;,&quot;left&quot;:&quot;&quot;,&quot;isLinked&quot;:true}}\" data-elementor-post-type=\"product\">\n\t\t\t\t\t\t<section class=\"elementor-section elementor-top-section elementor-element elementor-element-dfe5cbe elementor-section-boxed elementor-section-height-default elementor-section-height-default\" data-id=\"dfe5cbe\" data-element_type=\"section\" data-e-type=\"section\">\n\t\t\t\t\t\t<div class=\"elementor-container elementor-column-gap-no\">\n\t\t\t\t\t<div class=\"elementor-column elementor-col-100 elementor-top-column elementor-element elementor-element-279457e\" data-id=\"279457e\" data-element_type=\"column\" data-e-type=\"column\">\n\t\t\t<div class=\"elementor-widget-wrap elementor-element-populated\">\n\t\t\t\t\t\t<div class=\"elementor-element elementor-element-53adb35 elementor-widget elementor-widget-heading\" data-id=\"53adb35\" data-element_type=\"widget\" data-e-type=\"widget\" data-widget_type=\"heading.default\">\n\t\t\t\t<div class=\"elementor-widget-container\">\n\t\t\t\t\t<h2 class=\"elementor-heading-title elementor-size-default\">Description du produit<\/h2>\t\t\t\t<\/div>\n\t\t\t\t<\/div>\n\t\t\t\t<div class=\"elementor-element elementor-element-5cc3505 elementor-widget elementor-widget-text-editor\" data-id=\"5cc3505\" data-element_type=\"widget\" data-e-type=\"widget\" data-widget_type=\"text-editor.default\">\n\t\t\t\t<div class=\"elementor-widget-container\">\n\t\t\t\t\t\t\t\t\t<p>La conception \u00e9l\u00e9gante et compacte des pompes de la s\u00e9rie Mute les rend id\u00e9ales pour l'int\u00e9gration dans les syst\u00e8mes CVC mini-split et canalis\u00e9s. Fonctionnant gr\u00e2ce \u00e0 un m\u00e9canisme d'interrupteur \u00e0 flotteur, la s\u00e9rie Mute offre des performances exceptionnelles en mati\u00e8re d'\u00e9limination des condensats tout en conservant un fonctionnement silencieux, garantissant un confort environnemental optimal.<\/p><p>- D\u00e9tection de l'interrupteur \u00e0 flotteur<br \/>- Plug &amp; Play<br \/>- Anti-vibration<br \/>- Fonctionnement silencieux<\/p>\t\t\t\t\t\t\t\t<\/div>\n\t\t\t\t<\/div>\n\t\t\t\t<div class=\"elementor-element elementor-element-593ffaa e-n-tabs-mobile elementor-widget elementor-widget-n-tabs\" data-id=\"593ffaa\" data-element_type=\"widget\" data-e-type=\"widget\" data-settings=\"{&quot;tabs_justify_horizontal&quot;:&quot;stretch&quot;,&quot;horizontal_scroll&quot;:&quot;disable&quot;}\" data-widget_type=\"nested-tabs.default\">\n\t\t\t\t<div class=\"elementor-widget-container\">\n\t\t\t\t\t\t\t<div class=\"e-n-tabs\" data-widget-number=\"93585322\" aria-label=\"Pesta\u00f1as. Abre elementos con Intro o Espacio, ci\u00e9rralos con Escape y navega con las fechas.\" data-no-translation-aria-label=\"\">\n\t\t\t<div class=\"e-n-tabs-heading\" role=\"tablist\">\n\t\t\t\t\t<button id=\"e-n-tab-title-935853221\" data-tab-title-id=\"e-n-tab-title-935853221\" class=\"e-n-tab-title\" aria-selected=\"true\" data-tab-index=\"1\" role=\"tab\" tabindex=\"0\" aria-controls=\"e-n-tab-content-935853221\" style=\"--n-tabs-title-order: 1;\">\n\t\t\t\t\t\t<span class=\"e-n-tab-title-text\">\n\t\t\t\tSp\u00e9cifications techniques\t\t\t<\/span>\n\t\t<\/button>\n\t\t\t\t<button id=\"e-n-tab-title-935853222\" data-tab-title-id=\"e-n-tab-title-935853222\" class=\"e-n-tab-title\" aria-selected=\"false\" data-tab-index=\"2\" role=\"tab\" tabindex=\"-1\" aria-controls=\"e-n-tab-content-935853222\" style=\"--n-tabs-title-order: 2;\">\n\t\t\t\t\t\t<span class=\"e-n-tab-title-text\">\n\t\t\t\tLogistique\t\t\t<\/span>\n\t\t<\/button>\n\t\t\t\t<button id=\"e-n-tab-title-935853223\" data-tab-title-id=\"e-n-tab-title-935853223\" class=\"e-n-tab-title\" aria-selected=\"false\" data-tab-index=\"3\" role=\"tab\" tabindex=\"-1\" aria-controls=\"e-n-tab-content-935853223\" style=\"--n-tabs-title-order: 3;\">\n\t\t\t\t\t\t<span class=\"e-n-tab-title-text\">\n\t\t\t\tRessources\t\t\t<\/span>\n\t\t<\/button>\n\t\t\t\t<button id=\"e-n-tab-title-935853224\" data-tab-title-id=\"e-n-tab-title-935853224\" class=\"e-n-tab-title\" aria-selected=\"false\" data-tab-index=\"4\" role=\"tab\" tabindex=\"-1\" aria-controls=\"e-n-tab-content-935853224\" style=\"--n-tabs-title-order: 4;\">\n\t\t\t\t\t\t<span class=\"e-n-tab-title-text\">\n\t\t\t\tAccessoires\t\t\t<\/span>\n\t\t<\/button>\n\t\t\t\t<button id=\"e-n-tab-title-935853225\" data-tab-title-id=\"e-n-tab-title-935853225\" class=\"e-n-tab-title\" aria-selected=\"false\" data-tab-index=\"5\" role=\"tab\" tabindex=\"-1\" aria-controls=\"e-n-tab-content-935853225\" style=\"--n-tabs-title-order: 5;\">\n\t\t\t\t\t\t<span class=\"e-n-tab-title-text\">\n\t\t\t\tFAQ\t\t\t<\/span>\n\t\t<\/button>\n\t\t\t\t\t<\/div>\n\t\t\t<div class=\"e-n-tabs-content\">\n\t\t\t\t<div id=\"e-n-tab-content-935853221\" role=\"tabpanel\" aria-labelledby=\"e-n-tab-title-935853221\" data-tab-index=\"1\" style=\"--n-tabs-title-order: 1;\" class=\"e-active elementor-element elementor-element-7cc442f e-con-full e-flex e-con e-child\" data-id=\"7cc442f\" data-element_type=\"container\" data-e-type=\"container\" data-settings=\"{&quot;background_background&quot;:&quot;classic&quot;}\">\n\t\t\t\t<div class=\"elementor-element elementor-element-a4fbb90 etheme-elementor-widget-loaded elementor-widget elementor-widget-html\" data-id=\"a4fbb90\" data-element_type=\"widget\" data-e-type=\"widget\" data-widget_type=\"html.default\">\n\t\t\t\t<div class=\"elementor-widget-container\">\n\t\t\t\t\t<table border=\"1\" cellpadding=\"5\" style=\"border-collapse: collapse; width: 100%;\">\r\n  <tr>\r\n    <th style=\"width: 33%; background-color: #f9f9f9; border: 1px solid lightgray; padding-left: 15px;\">Alimentation \u00e9lectrique<\/th>\r\n    <td style=\"width: 67%; text-align: left; border: 1px solid lightgray;\">100-240V AC 50\/60Hz<\/td>\r\n  <\/tr>\r\n  <tr>\r\n    <th style=\"background-color: #f9f9f9; border: 1px solid lightgray; padding-left: 15px;\">D\u00e9bit maximal<\/th>\r\n    <td style=\"text-align: left; border: 1px solid lightgray;\">20L\/h (5.3GPH) \u00e0 0 hauteur de chute<\/td>\r\n  <\/tr>\r\n  <tr>\r\n    <th style=\"background-color: #f9f9f9; border: 1px solid lightgray; padding-left: 15px;\">Niveau sonore<\/th>\r\n    <td style=\"text-align: left; border: 1px solid lightgray;\">18 dB(A) @1M (3.3ft)<\/td>\r\n  <\/tr>\r\n  <tr>\r\n    <th style=\"background-color: #f9f9f9; border: 1px solid lightgray; padding-left: 15px;\">Hauteur de refoulement max.<\/th>\r\n    <td style=\"text-align: left; border: 1px solid lightgray;\">20M (65.6ft)<\/td>\r\n  <\/tr>\r\n  <tr>\r\n    <th style=\"background-color: #f9f9f9; border: 1px solid lightgray; padding-left: 15px;\">Hauteur d'aspiration maximale<\/th>\r\n    <td style=\"text-align: left; border: 1px solid lightgray;\">2M (6.6ft)<\/td>\r\n  <\/tr>\r\n  <tr>\r\n    <th style=\"background-color: #f9f9f9; border: 1px solid lightgray; padding-left: 15px;\">Rendement unitaire maximal<\/th>\r\n    <td style=\"text-align: left; border: 1px solid lightgray;\">28kW \/ 95,550Btu\/h<\/td>\r\n  <\/tr>\r\n  <tr>\r\n    <th style=\"background-color: #f9f9f9; border: 1px solid lightgray; padding-left: 15px;\">Interrupteur de s\u00e9curit\u00e9<\/th>\r\n    <td style=\"text-align: left; border: 1px solid lightgray;\">3A Normalement ferm\u00e9<\/td>\r\n  <\/tr>\r\n  <tr>\r\n    <th style=\"background-color: #f9f9f9; border: 1px solid lightgray; padding-left: 15px;\">Temp\u00e9rature maximale de l'eau<\/th>\r\n    <td style=\"text-align: left; border: 1px solid lightgray;\">70\u00b0C<\/td>\r\n  <\/tr>\r\n  <tr>\r\n    <th style=\"background-color: #f9f9f9; border: 1px solid lightgray; padding-left: 15px;\">Tube d'\u00e9vacuation<\/th>\r\n    <td style=\"text-align: left; border: 1px solid lightgray;\">6mm ID<\/td>\r\n  <\/tr>\r\n  <tr>\r\n    <th style=\"background-color: #f9f9f9; border: 1px solid lightgray; padding-left: 15px;\">Classe<\/th>\r\n    <td style=\"text-align: left; border: 1px solid lightgray;\">Appareil II<\/td>\r\n  <\/tr>\r\n  <tr>\r\n    <th style=\"background-color: #f9f9f9; border: 1px solid lightgray; padding-left: 15px;\">Class\u00e9<\/th>\r\n    <td style=\"text-align: left; border: 1px solid lightgray;\">En continu<\/td>\r\n  <\/tr>\r\n  <tr>\r\n    <th style=\"background-color: #f9f9f9; border: 1px solid lightgray; padding-left: 15px;\">Protection IP<\/th>\r\n    <td style=\"text-align: left; border: 1px solid lightgray;\">IPX5<\/td>\r\n  <\/tr>\r\n  <tr>\r\n    <th style=\"background-color: #f9f9f9; border: 1px solid lightgray; padding-left: 15px;\">Enti\u00e8rement en pot<\/th>\r\n    <td style=\"text-align: left; border: 1px solid lightgray;\">Oui<\/td>\r\n  <\/tr>\r\n  <tr>\r\n    <th style=\"background-color: #f9f9f9; border: 1px solid lightgray; padding-left: 15px;\">L\u00d7L\u00d7H<\/th>\r\n    <td style=\"text-align: left; border: 1px solid lightgray;\">164 mm \u00d7 70 mm \u00d7 106 mm<\/td>\r\n  <\/tr>\r\n<\/table>\r\n\t\t\t\t<\/div>\n\t\t\t\t<\/div>\n\t\t\t\t<\/div>\n\t\t<div id=\"e-n-tab-content-935853222\" role=\"tabpanel\" aria-labelledby=\"e-n-tab-title-935853222\" data-tab-index=\"2\" style=\"--n-tabs-title-order: 2;\" class=\"elementor-element elementor-element-d747681 e-con-full e-flex e-con e-child\" data-id=\"d747681\" data-element_type=\"container\" data-e-type=\"container\">\n\t\t\t\t<div class=\"elementor-element elementor-element-0812773 etheme-elementor-widget-loaded elementor-widget elementor-widget-html\" data-id=\"0812773\" data-element_type=\"widget\" data-e-type=\"widget\" data-widget_type=\"html.default\">\n\t\t\t\t<div class=\"elementor-widget-container\">\n\t\t\t\t\t<table border=\"1\" cellpadding=\"5\" style=\"border-collapse: collapse; width: 100%;\">\r\n  <tr>\r\n    <th style=\"width: 33%; background-color: #f9f9f9; border: 1px solid lightgray; padding-left: 15px;\">Logistique<\/th>\r\n    <td style=\"border: 1px solid lightgray;\">Bo\u00eete \u00e0 sourdine<\/td>\r\n  <\/tr>\r\n  <tr>\r\n    <th style=\"background-color: #f9f9f9; border: 1px solid lightgray; padding-left: 15px;\">Pcs par carton<\/th>\r\n    <td style=\"border: 1px solid lightgray;\">20<\/td>\r\n  <\/tr>\r\n  <tr>\r\n    <th style=\"background-color: #f9f9f9; border: 1px solid lightgray; padding-left: 15px;\">Poids par carton (kg)<\/th>\r\n    <td style=\"border: 1px solid lightgray;\">11.7<\/td>\r\n  <\/tr>\r\n  <tr>\r\n    <th style=\"background-color: #f9f9f9; border: 1px solid lightgray; padding-left: 15px;\">Longueur du carton (cm)<\/th>\r\n    <td style=\"border: 1px solid lightgray;\">44<\/td>\r\n  <\/tr>\r\n  <tr>\r\n    <th style=\"background-color: #f9f9f9; border: 1px solid lightgray; padding-left: 15px;\">Largeur du carton (cm)<\/th>\r\n    <td style=\"border: 1px solid lightgray;\">28<\/td>\r\n  <\/tr>\r\n  <tr>\r\n    <th style=\"background-color: #f9f9f9; border: 1px solid lightgray; padding-left: 15px;\">Hauteur du carton (cm)<\/th>\r\n    <td style=\"border: 1px solid lightgray;\">36<\/td>\r\n  <\/tr>\r\n<\/table>\r\n\t\t\t\t<\/div>\n\t\t\t\t<\/div>\n\t\t\t\t<\/div>\n\t\t<div id=\"e-n-tab-content-935853223\" role=\"tabpanel\" aria-labelledby=\"e-n-tab-title-935853223\" data-tab-index=\"3\" style=\"--n-tabs-title-order: 3;\" class=\"elementor-element elementor-element-5057944 e-con-full e-flex e-con e-child\" data-id=\"5057944\" data-element_type=\"container\" data-e-type=\"container\">\n\t\t\t\t<div class=\"elementor-element elementor-element-3800bf7 etheme-elementor-widget-loaded elementor-widget elementor-widget-html\" data-id=\"3800bf7\" data-element_type=\"widget\" data-e-type=\"widget\" data-widget_type=\"html.default\">\n\t\t\t\t<div class=\"elementor-widget-container\">\n\t\t\t\t\t<!-- \u8868\u683c -->\r\n<table border=\"1\" cellpadding=\"5\" style=\"border-collapse: collapse; width: 100%;\"> \r\n  <tr>\r\n    <th style=\"width: 33%; background-color: #f9f9f9; border: 1px solid lightgray; padding-left: 15px;\">Manuel d'instruction<\/th>\r\n    <td style=\"width: 67%; text-align: left; border: 1px solid lightgray;\">\r\n      PDF (EN ANGLAIS) \r\n      <a href=\"https:\/\/refcenter.us\/wp-content\/uploads\/2025\/07\/Mute-Box-Technical-Manual.pdf\" target=\"_blank\" style=\"margin-left: 20px;\">\r\n        <i class=\"fas fa-download\"><\/i> <!-- \u56fe\u6807 -->\r\n        <!-- \u6216\uff1a\ud83d\udce5 -->\r\n      <\/a>\r\n    <\/td>\r\n  <\/tr>\r\n<\/table>\t\t\t\t<\/div>\n\t\t\t\t<\/div>\n\t\t\t\t<\/div>\n\t\t<div id=\"e-n-tab-content-935853224\" role=\"tabpanel\" aria-labelledby=\"e-n-tab-title-935853224\" data-tab-index=\"4\" style=\"--n-tabs-title-order: 4;\" class=\"elementor-element elementor-element-9b4573e e-con-full e-flex e-con e-child\" data-id=\"9b4573e\" data-element_type=\"container\" data-e-type=\"container\">\n\t\t\t\t<div class=\"elementor-element elementor-element-b0c3582 elementor-widget elementor-widget-text-editor\" data-id=\"b0c3582\" data-element_type=\"widget\" data-e-type=\"widget\" data-widget_type=\"text-editor.default\">\n\t\t\t\t<div class=\"elementor-widget-container\">\n\t\t\t\t\t\t\t\t\t<ul><li data-start=\"25\" data-end=\"47\"><p data-start=\"27\" data-end=\"47\">Bo\u00eetier MUTE assembl\u00e9<\/p><\/li><li data-start=\"48\" data-end=\"70\"><p data-start=\"50\" data-end=\"70\">Tube vinyle 6mm i\/d<\/p><\/li><li data-start=\"71\" data-end=\"101\"><p data-start=\"73\" data-end=\"101\">R\u00e9servoir en ligne assembl\u00e9<\/p><\/li><li data-start=\"102\" data-end=\"139\"><p data-start=\"104\" data-end=\"139\">1.5m de longueur de tube vinyle de 6mm i\/d<\/p><\/li><li data-start=\"140\" data-end=\"154\"><p data-start=\"142\" data-end=\"154\">Tube d'entr\u00e9e<\/p><\/li><li data-start=\"155\" data-end=\"190\"><p data-start=\"157\" data-end=\"190\">Bandes velcro autocollantes x 2<\/p><\/li><li data-start=\"191\" data-end=\"212\"><p data-start=\"193\" data-end=\"212\">Soupape anti-siphon<\/p><\/li><li data-start=\"213\" data-end=\"228\"><p data-start=\"215\" data-end=\"228\">Clapet anti-retour<\/p><\/li><li data-start=\"229\" data-end=\"244\"><p data-start=\"231\" data-end=\"244\">C\u00e2ble d'alimentation<\/p><\/li><li data-start=\"245\" data-end=\"275\"><p data-start=\"247\" data-end=\"275\">4 x 200mm x 5mm serre-c\u00e2bles<\/p><\/li><\/ul>\t\t\t\t\t\t\t\t<\/div>\n\t\t\t\t<\/div>\n\t\t\t\t<\/div>\n\t\t<div id=\"e-n-tab-content-935853225\" role=\"tabpanel\" aria-labelledby=\"e-n-tab-title-935853225\" data-tab-index=\"5\" style=\"--n-tabs-title-order: 5;\" class=\"elementor-element elementor-element-9e82776 e-con-full e-flex e-con e-child\" data-id=\"9e82776\" data-element_type=\"container\" data-e-type=\"container\">\n\t\t\t\t<div class=\"elementor-element elementor-element-97a892b elementor-widget elementor-widget-n-accordion\" data-id=\"97a892b\" data-element_type=\"widget\" data-e-type=\"widget\" data-settings=\"{&quot;default_state&quot;:&quot;expanded&quot;,&quot;max_items_expended&quot;:&quot;one&quot;,&quot;n_accordion_animation_duration&quot;:{&quot;unit&quot;:&quot;ms&quot;,&quot;size&quot;:400,&quot;sizes&quot;:[]}}\" data-widget_type=\"nested-accordion.default\">\n\t\t\t\t<div class=\"elementor-widget-container\">\n\t\t\t\t\t\t\t<div class=\"e-n-accordion\" aria-label=\"Accordion. Open links with Enter or Space, close with Escape, and navigate with Arrow Keys\">\n\t\t\t\t\t\t<details id=\"e-n-accordion-item-1590\" class=\"e-n-accordion-item\" open>\n\t\t\t\t<summary class=\"e-n-accordion-item-title\" data-accordion-index=\"1\" tabindex=\"0\" aria-expanded=\"true\" aria-controls=\"e-n-accordion-item-1590\" >\n\t\t\t\t\t<span class='e-n-accordion-item-title-header'><div class=\"e-n-accordion-item-title-text\"> Avec quels types de syst\u00e8mes HVAC les pompes \u00e0 condensat Refcenter sont-elles compatibles ? <\/div><\/span>\n\t\t\t\t\t\t\t<span class='e-n-accordion-item-title-icon'>\n\t\t\t<span class='e-opened' ><svg aria-hidden=\"true\" class=\"e-font-icon-svg e-fas-minus\" viewbox=\"0 0 448 512\" xmlns=\"http:\/\/www.w3.org\/2000\/svg\"><path d=\"M416 208H32c-17.67 0-32 14.33-32 32v32c0 17.67 14.33 32 32 32h384c17.67 0 32-14.33 32-32v-32c0-17.67-14.33-32-32-32z\"><\/path><\/svg><\/span>\n\t\t\t<span class='e-closed'><svg aria-hidden=\"true\" class=\"e-font-icon-svg e-fas-plus\" viewbox=\"0 0 448 512\" xmlns=\"http:\/\/www.w3.org\/2000\/svg\"><path d=\"M416 208H272V64c0-17.67-14.33-32-32-32h-32c-17.67 0-32 14.33-32 32v144H32c-17.67 0-32 14.33-32 32v32c0 17.67 14.33 32 32 32h144v144c0 17.67 14.33 32 32 32h32c17.67 0 32-14.33 32-32V304h144c17.67 0 32-14.33 32-32v-32c0-17.67-14.33-32-32-32z\"><\/path><\/svg><\/span>\n\t\t<\/span>\n\n\t\t\t\t\t\t<\/summary>\n\t\t\t\t<div role=\"region\" aria-labelledby=\"e-n-accordion-item-1590\" class=\"elementor-element elementor-element-420cf78 e-con-full e-flex e-con e-child\" data-id=\"420cf78\" data-element_type=\"container\" data-e-type=\"container\">\n\t\t\t\t<div class=\"elementor-element elementor-element-55fd890 elementor-widget elementor-widget-text-editor\" data-id=\"55fd890\" data-element_type=\"widget\" data-e-type=\"widget\" data-widget_type=\"text-editor.default\">\n\t\t\t\t<div class=\"elementor-widget-container\">\n\t\t\t\t\t\t\t\t\tLes pompes \u00e0 condensat Refcenter sont con\u00e7ues pour fonctionner avec une large gamme d'\u00e9quipements HVAC, y compris les syst\u00e8mes mini-split sans conduit, les climatiseurs centraux, les d\u00e9shumidificateurs et les unit\u00e9s de r\u00e9frig\u00e9ration. Nous proposons plusieurs mod\u00e8les pour r\u00e9pondre aux diff\u00e9rents environnements d'installation et aux besoins de capacit\u00e9.\t\t\t\t\t\t\t\t<\/div>\n\t\t\t\t<\/div>\n\t\t\t\t<\/div>\n\t\t\t\t\t<\/details>\n\t\t\t\t\t\t<details id=\"e-n-accordion-item-1591\" class=\"e-n-accordion-item\" >\n\t\t\t\t<summary class=\"e-n-accordion-item-title\" data-accordion-index=\"2\" tabindex=\"-1\" aria-expanded=\"false\" aria-controls=\"e-n-accordion-item-1591\" >\n\t\t\t\t\t<span class='e-n-accordion-item-title-header'><div class=\"e-n-accordion-item-title-text\"> Les pompes Refcenter sont-elles dot\u00e9es de dispositifs de s\u00e9curit\u00e9 int\u00e9gr\u00e9s ? <\/div><\/span>\n\t\t\t\t\t\t\t<span class='e-n-accordion-item-title-icon'>\n\t\t\t<span class='e-opened' ><svg aria-hidden=\"true\" class=\"e-font-icon-svg e-fas-minus\" viewbox=\"0 0 448 512\" xmlns=\"http:\/\/www.w3.org\/2000\/svg\"><path d=\"M416 208H32c-17.67 0-32 14.33-32 32v32c0 17.67 14.33 32 32 32h384c17.67 0 32-14.33 32-32v-32c0-17.67-14.33-32-32-32z\"><\/path><\/svg><\/span>\n\t\t\t<span class='e-closed'><svg aria-hidden=\"true\" class=\"e-font-icon-svg e-fas-plus\" viewbox=\"0 0 448 512\" xmlns=\"http:\/\/www.w3.org\/2000\/svg\"><path d=\"M416 208H272V64c0-17.67-14.33-32-32-32h-32c-17.67 0-32 14.33-32 32v144H32c-17.67 0-32 14.33-32 32v32c0 17.67 14.33 32 32 32h144v144c0 17.67 14.33 32 32 32h32c17.67 0 32-14.33 32-32V304h144c17.67 0 32-14.33 32-32v-32c0-17.67-14.33-32-32-32z\"><\/path><\/svg><\/span>\n\t\t<\/span>\n\n\t\t\t\t\t\t<\/summary>\n\t\t\t\t<div role=\"region\" aria-labelledby=\"e-n-accordion-item-1591\" class=\"elementor-element elementor-element-0f33fa3 e-con-full e-flex e-con e-child\" data-id=\"0f33fa3\" data-element_type=\"container\" data-e-type=\"container\">\n\t\t\t\t<div class=\"elementor-element elementor-element-be74fdc elementor-widget elementor-widget-text-editor\" data-id=\"be74fdc\" data-element_type=\"widget\" data-e-type=\"widget\" data-widget_type=\"text-editor.default\">\n\t\t\t\t<div class=\"elementor-widget-container\">\n\t\t\t\t\t\t\t\t\tOui. Toutes les pompes \u00e0 condensat Refcenter comprennent des dispositifs de s\u00e9curit\u00e9 int\u00e9gr\u00e9s tels que des sorties d'alarme de niveau \u00e9lev\u00e9 et des m\u00e9canismes d'interrupteur \u00e0 flotteur pour \u00e9viter les d\u00e9bordements. Certains mod\u00e8les sont \u00e9galement dot\u00e9s d'un double flotteur ou d'un capteur \u00e0 effet Hall pour une fiabilit\u00e9 accrue.\t\t\t\t\t\t\t\t<\/div>\n\t\t\t\t<\/div>\n\t\t\t\t<\/div>\n\t\t\t\t\t<\/details>\n\t\t\t\t\t\t<details id=\"e-n-accordion-item-1592\" class=\"e-n-accordion-item\" >\n\t\t\t\t<summary class=\"e-n-accordion-item-title\" data-accordion-index=\"3\" tabindex=\"-1\" aria-expanded=\"false\" aria-controls=\"e-n-accordion-item-1592\" >\n\t\t\t\t\t<span class='e-n-accordion-item-title-header'><div class=\"e-n-accordion-item-title-text\"> Comment entretenir ou r\u00e9parer la pompe \u00e0 condensats Refcenter ? <\/div><\/span>\n\t\t\t\t\t\t\t<span class='e-n-accordion-item-title-icon'>\n\t\t\t<span class='e-opened' ><svg aria-hidden=\"true\" class=\"e-font-icon-svg e-fas-minus\" viewbox=\"0 0 448 512\" xmlns=\"http:\/\/www.w3.org\/2000\/svg\"><path d=\"M416 208H32c-17.67 0-32 14.33-32 32v32c0 17.67 14.33 32 32 32h384c17.67 0 32-14.33 32-32v-32c0-17.67-14.33-32-32-32z\"><\/path><\/svg><\/span>\n\t\t\t<span class='e-closed'><svg aria-hidden=\"true\" class=\"e-font-icon-svg e-fas-plus\" viewbox=\"0 0 448 512\" xmlns=\"http:\/\/www.w3.org\/2000\/svg\"><path d=\"M416 208H272V64c0-17.67-14.33-32-32-32h-32c-17.67 0-32 14.33-32 32v144H32c-17.67 0-32 14.33-32 32v32c0 17.67 14.33 32 32 32h144v144c0 17.67 14.33 32 32 32h32c17.67 0 32-14.33 32-32V304h144c17.67 0 32-14.33 32-32v-32c0-17.67-14.33-32-32-32z\"><\/path><\/svg><\/span>\n\t\t<\/span>\n\n\t\t\t\t\t\t<\/summary>\n\t\t\t\t<div role=\"region\" aria-labelledby=\"e-n-accordion-item-1592\" class=\"elementor-element elementor-element-2ae4b13 e-con-full e-flex e-con e-child\" data-id=\"2ae4b13\" data-element_type=\"container\" data-e-type=\"container\">\n\t\t\t\t<div class=\"elementor-element elementor-element-a72ff26 elementor-widget elementor-widget-text-editor\" data-id=\"a72ff26\" data-element_type=\"widget\" data-e-type=\"widget\" data-widget_type=\"text-editor.default\">\n\t\t\t\t<div class=\"elementor-widget-container\">\n\t\t\t\t\t\t\t\t\tLes pompes Refcenter sont con\u00e7ues pour ne n\u00e9cessiter que peu d'entretien, mais nous recommandons de v\u00e9rifier la pr\u00e9sence de d\u00e9bris dans le r\u00e9servoir et de nettoyer la pompe chaque ann\u00e9e pour garantir des performances optimales. Des manuels d'installation et d'entretien sont fournis avec chaque unit\u00e9, et une assistance technique est disponible en cas de besoin.\t\t\t\t\t\t\t\t<\/div>\n\t\t\t\t<\/div>\n\t\t\t\t<\/div>\n\t\t\t\t\t<\/details>\n\t\t\t\t\t<\/div>\n\t\t\t\t\t\t<\/div>\n\t\t\t\t<\/div>\n\t\t\t\t<\/div>\n\t\t\t\t\t<\/div>\n\t\t<\/div>\n\t\t\t\t\t\t<\/div>\n\t\t\t\t<\/div>\n\t\t\t\t\t<\/div>\n\t\t<\/div>\n\t\t\t\t\t<\/div>\n\t\t<\/section>\n\t\t\t\t<\/div>","protected":false},"excerpt":{"rendered":"<p>La conception \u00e9l\u00e9gante et compacte des pompes de la s\u00e9rie Mute les rend id\u00e9ales pour l'int\u00e9gration dans les syst\u00e8mes CVC mini-split et canalis\u00e9s. Fonctionnant gr\u00e2ce \u00e0 un m\u00e9canisme d'interrupteur \u00e0 flotteur, la s\u00e9rie Mute offre des performances exceptionnelles en mati\u00e8re d'\u00e9limination des condensats tout en conservant un fonctionnement silencieux, garantissant un confort environnemental optimal.<\/p>\n<p>&nbsp;<\/p>","protected":false},"featured_media":2204,"comment_status":"open","ping_status":"closed","template":"","meta":[],"etheme_brands":[],"product_brand":[],"product_cat":[30,48],"product_tag":[],"class_list":{"0":"post-2192","1":"product","2":"type-product","3":"status-publish","4":"has-post-thumbnail","6":"product_cat-condensate-pumps","7":"product_cat-mute","9":"first","10":"instock","11":"shipping-taxable","12":"product-type-simple"},"_links":{"self":[{"href":"https:\/\/refcenter.us\/fr\/wp-json\/wp\/v2\/product\/2192","targetHints":{"allow":["GET"]}}],"collection":[{"href":"https:\/\/refcenter.us\/fr\/wp-json\/wp\/v2\/product"}],"about":[{"href":"https:\/\/refcenter.us\/fr\/wp-json\/wp\/v2\/types\/product"}],"replies":[{"embeddable":true,"href":"https:\/\/refcenter.us\/fr\/wp-json\/wp\/v2\/comments?post=2192"}],"version-history":[{"count":15,"href":"https:\/\/refcenter.us\/fr\/wp-json\/wp\/v2\/product\/2192\/revisions"}],"predecessor-version":[{"id":3069,"href":"https:\/\/refcenter.us\/fr\/wp-json\/wp\/v2\/product\/2192\/revisions\/3069"}],"wp:featuredmedia":[{"embeddable":true,"href":"https:\/\/refcenter.us\/fr\/wp-json\/wp\/v2\/media\/2204"}],"wp:attachment":[{"href":"https:\/\/refcenter.us\/fr\/wp-json\/wp\/v2\/media?parent=2192"}],"wp:term":[{"taxonomy":"brand","embeddable":true,"href":"https:\/\/refcenter.us\/fr\/wp-json\/wp\/v2\/etheme_brands?post=2192"},{"taxonomy":"product_brand","embeddable":true,"href":"https:\/\/refcenter.us\/fr\/wp-json\/wp\/v2\/product_brand?post=2192"},{"taxonomy":"product_cat","embeddable":true,"href":"https:\/\/refcenter.us\/fr\/wp-json\/wp\/v2\/product_cat?post=2192"},{"taxonomy":"product_tag","embeddable":true,"href":"https:\/\/refcenter.us\/fr\/wp-json\/wp\/v2\/product_tag?post=2192"}],"curies":[{"name":"wp","href":"https:\/\/api.w.org\/{rel}","templated":true}]}}